{"id":330,"date":"2019-07-01T15:48:37","date_gmt":"2019-07-01T13:48:37","guid":{"rendered":"https:\/\/wordpress.nibis.de\/gsworth\/?page_id=330"},"modified":"2019-07-22T13:52:55","modified_gmt":"2019-07-22T11:52:55","slug":"schulengel","status":"publish","type":"page","link":"https:\/\/wordpress.nibis.de\/gsworth\/schulengel\/","title":{"rendered":"Schulengel"},"content":{"rendered":"\n<p>Durch das Online-shoppen k\u00f6nnen Sie den Schulverein der Worthschule unterst\u00fctzen, indem Sie Spenden durch \u201eSchulengel\u201c f\u00fcr den Schulverein sammeln.<\/p>\n<p>Beim Online-shoppen:<\/p>\n<p>Der Schulverein Worthschule am Georgenberg e.V. ist als die zu unterst\u00fctzende Einrichtung auf <a href=\"https:\/\/www.schulengel.de\/einrichtungen\/details\/6732-schulverein-worthschule-am-georgenberg-ev\">www.schulengel.de<\/a> bereits ausgew\u00e4hlt.<\/p>\n<p><br \/>Bei Schulengel sind \u00fcber 1790 Online-Shops registriert. Diese spenden bis zu 10 % ihres Einkaufsumsatzes an den Schulverein!<\/p>\n","protected":false},"excerpt":{"rendered":"<p>Durch das Online-shoppen k\u00f6nnen Sie den Schulverein der Worthschule unterst\u00fctzen, indem Sie Spenden durch \u201eSchulengel\u201c f\u00fcr den Schulverein sammeln. Beim Online-shoppen: Der Schulverein Worthschule am Georgenberg e.V. ist als die zu unterst\u00fctzende Einrichtung auf www.schulengel.de bereits ausgew\u00e4hlt. Bei Schulengel sind \u00fcber 1790 Online-Shops registriert. Diese spenden bis zu 10 % ihres Einkaufsumsatzes an den Schulverein!<\/p>\n","protected":false},"author":9193005,"featured_media":0,"parent":0,"menu_order":0,"comment_status":"closed","ping_status":"closed","template":"","meta":{"footnotes":""},"class_list":["post-330","page","type-page","status-publish","hentry","without-featured-image"],"_links":{"self":[{"href":"https:\/\/wordpress.nibis.de\/gsworth\/wp-json\/wp\/v2\/pages\/330","targetHints":{"allow":["GET"]}}],"collection":[{"href":"https:\/\/wordpress.nibis.de\/gsworth\/wp-json\/wp\/v2\/pages"}],"about":[{"href":"https:\/\/wordpress.nibis.de\/gsworth\/wp-json\/wp\/v2\/types\/page"}],"author":[{"embeddable":true,"href":"https:\/\/wordpress.nibis.de\/gsworth\/wp-json\/wp\/v2\/users\/9193005"}],"replies":[{"embeddable":true,"href":"https:\/\/wordpress.nibis.de\/gsworth\/wp-json\/wp\/v2\/comments?post=330"}],"version-history":[{"count":7,"href":"https:\/\/wordpress.nibis.de\/gsworth\/wp-json\/wp\/v2\/pages\/330\/revisions"}],"predecessor-version":[{"id":562,"href":"https:\/\/wordpress.nibis.de\/gsworth\/wp-json\/wp\/v2\/pages\/330\/revisions\/562"}],"wp:attachment":[{"href":"https:\/\/wordpress.nibis.de\/gsworth\/wp-json\/wp\/v2\/media?parent=330"}],"curies":[{"name":"wp","href":"https:\/\/api.w.org\/{rel}","templated":true}]}}