{"id":345,"date":"2019-07-17T10:57:44","date_gmt":"2019-07-17T08:57:44","guid":{"rendered":"https:\/\/wordpress.nibis.de\/gsworth\/?page_id=345"},"modified":"2019-07-17T10:57:45","modified_gmt":"2019-07-17T08:57:45","slug":"gespraeche-ueber-ihr-kind","status":"publish","type":"page","link":"https:\/\/wordpress.nibis.de\/gsworth\/gespraeche-ueber-ihr-kind\/","title":{"rendered":"Gespr\u00e4che \u00fcber ihr Kind"},"content":{"rendered":"\n<p>Im Herbst und im Fr\u00fchjahr gibt es an unserer Schule einen Elternsprechtag, zu dem Ihnen jeweils eine gesonderte Einladung zugeht. Bei dieser Gelegenheit k\u00f6nnen Sie Einsicht in die Dokumentation der Lern- und Leistungsentwicklung Ihres Kindes nehmen. Auch zu anderen Gespr\u00e4chsterminen kann Ihnen auf Wunsch die Einsicht gew\u00e4hrt werden.<\/p>\n<p>F\u00fcr sonstige R\u00fccksprachen mit den Lehrerinnen lassen Sie sich bitte \u00fcber Ihre Kinder einen Termin geben. Das ist f\u00fcr alle Beteiligten die bessere L\u00f6sung, denn der organisatorische Ablauf des Schulmorgens l\u00e4sst ein ungeplantes intensives Gespr\u00e4ch mit Ihnen oftmals nicht zu.<\/p>\n","protected":false},"excerpt":{"rendered":"<p>Im Herbst und im Fr\u00fchjahr gibt es an unserer Schule einen Elternsprechtag, zu dem Ihnen jeweils eine gesonderte Einladung zugeht. Bei dieser Gelegenheit k\u00f6nnen Sie Einsicht in die Dokumentation der Lern- und Leistungsentwicklung Ihres Kindes nehmen. Auch zu anderen Gespr\u00e4chsterminen kann Ihnen auf Wunsch die Einsicht gew\u00e4hrt werden. F\u00fcr sonstige R\u00fccksprachen mit den Lehrerinnen lassen &hellip; <a href=\"https:\/\/wordpress.nibis.de\/gsworth\/gespraeche-ueber-ihr-kind\/\" class=\"more-link\">Weiterlesen <span class=\"screen-reader-text\">Gespr\u00e4che \u00fcber ihr Kind<\/span><\/a><\/p>\n","protected":false},"author":9193170,"featured_media":0,"parent":0,"menu_order":0,"comment_status":"closed","ping_status":"closed","template":"","meta":{"footnotes":""},"class_list":["post-345","page","type-page","status-publish","hentry","without-featured-image"],"_links":{"self":[{"href":"https:\/\/wordpress.nibis.de\/gsworth\/wp-json\/wp\/v2\/pages\/345","targetHints":{"allow":["GET"]}}],"collection":[{"href":"https:\/\/wordpress.nibis.de\/gsworth\/wp-json\/wp\/v2\/pages"}],"about":[{"href":"https:\/\/wordpress.nibis.de\/gsworth\/wp-json\/wp\/v2\/types\/page"}],"author":[{"embeddable":true,"href":"https:\/\/wordpress.nibis.de\/gsworth\/wp-json\/wp\/v2\/users\/9193170"}],"replies":[{"embeddable":true,"href":"https:\/\/wordpress.nibis.de\/gsworth\/wp-json\/wp\/v2\/comments?post=345"}],"version-history":[{"count":2,"href":"https:\/\/wordpress.nibis.de\/gsworth\/wp-json\/wp\/v2\/pages\/345\/revisions"}],"predecessor-version":[{"id":452,"href":"https:\/\/wordpress.nibis.de\/gsworth\/wp-json\/wp\/v2\/pages\/345\/revisions\/452"}],"wp:attachment":[{"href":"https:\/\/wordpress.nibis.de\/gsworth\/wp-json\/wp\/v2\/media?parent=345"}],"curies":[{"name":"wp","href":"https:\/\/api.w.org\/{rel}","templated":true}]}}