{"id":358,"date":"2019-07-17T11:01:20","date_gmt":"2019-07-17T09:01:20","guid":{"rendered":"https:\/\/wordpress.nibis.de\/gsworth\/?page_id=358"},"modified":"2019-07-22T12:15:54","modified_gmt":"2019-07-22T10:15:54","slug":"fernbleiben-vom-unterricht","status":"publish","type":"page","link":"https:\/\/wordpress.nibis.de\/gsworth\/fernbleiben-vom-unterricht\/","title":{"rendered":"Fernbleiben vom Unterricht"},"content":{"rendered":"\n<p>Kann ein Kind mehrere Stunden oder an mehreren Tagen nicht am Unterricht teilnehmen (z. B. durch Krankheit), so ist der Schule der Grund des Fernbleibens unverz\u00fcglich mitzuteilen (schriftlich oder fernm\u00fcndlich). In unser aller Interesse sollten Sie sich am ersten Tag bis sp\u00e4testens 8:30 Uhr melden, damit wir wissen, dass das Fehlen Ihres Kindes Ihnen bekannt ist. Eine kurze Nachricht auf dem Anrufbeantworter reicht aus. Bei langfristigen und h\u00e4ufigen Erkrankungen bitten wir zus\u00e4tzlich um eine \u00e4rztliche Bescheinigung.<\/p>\n","protected":false},"excerpt":{"rendered":"<p>Kann ein Kind mehrere Stunden oder an mehreren Tagen nicht am Unterricht teilnehmen (z. B. durch Krankheit), so ist der Schule der Grund des Fernbleibens unverz\u00fcglich mitzuteilen (schriftlich oder fernm\u00fcndlich). In unser aller Interesse sollten Sie sich am ersten Tag bis sp\u00e4testens 8:30 Uhr melden, damit wir wissen, dass das Fehlen Ihres Kindes Ihnen bekannt &hellip; <a href=\"https:\/\/wordpress.nibis.de\/gsworth\/fernbleiben-vom-unterricht\/\" class=\"more-link\">Weiterlesen <span class=\"screen-reader-text\">Fernbleiben vom Unterricht<\/span><\/a><\/p>\n","protected":false},"author":9193170,"featured_media":0,"parent":0,"menu_order":0,"comment_status":"closed","ping_status":"closed","template":"","meta":{"footnotes":""},"class_list":["post-358","page","type-page","status-publish","hentry","without-featured-image"],"_links":{"self":[{"href":"https:\/\/wordpress.nibis.de\/gsworth\/wp-json\/wp\/v2\/pages\/358","targetHints":{"allow":["GET"]}}],"collection":[{"href":"https:\/\/wordpress.nibis.de\/gsworth\/wp-json\/wp\/v2\/pages"}],"about":[{"href":"https:\/\/wordpress.nibis.de\/gsworth\/wp-json\/wp\/v2\/types\/page"}],"author":[{"embeddable":true,"href":"https:\/\/wordpress.nibis.de\/gsworth\/wp-json\/wp\/v2\/users\/9193170"}],"replies":[{"embeddable":true,"href":"https:\/\/wordpress.nibis.de\/gsworth\/wp-json\/wp\/v2\/comments?post=358"}],"version-history":[{"count":2,"href":"https:\/\/wordpress.nibis.de\/gsworth\/wp-json\/wp\/v2\/pages\/358\/revisions"}],"predecessor-version":[{"id":516,"href":"https:\/\/wordpress.nibis.de\/gsworth\/wp-json\/wp\/v2\/pages\/358\/revisions\/516"}],"wp:attachment":[{"href":"https:\/\/wordpress.nibis.de\/gsworth\/wp-json\/wp\/v2\/media?parent=358"}],"curies":[{"name":"wp","href":"https:\/\/api.w.org\/{rel}","templated":true}]}}