{"id":453,"date":"2019-07-17T10:59:30","date_gmt":"2019-07-17T08:59:30","guid":{"rendered":"https:\/\/wordpress.nibis.de\/gsworth\/?page_id=453"},"modified":"2019-07-17T10:59:31","modified_gmt":"2019-07-17T08:59:31","slug":"essen-und-trinken-fuer-die-pausen","status":"publish","type":"page","link":"https:\/\/wordpress.nibis.de\/gsworth\/essen-und-trinken-fuer-die-pausen\/","title":{"rendered":"Essen und Trinken f\u00fcr die Pausen"},"content":{"rendered":"\n<p>Wir legen Wert darauf, dass Sie Ihrem Kind ein nahrhaftes und vitaminhaltiges Essen f\u00fcr das Fr\u00fchst\u00fcck mitgeben. Einmal in der Woche gibt es bei uns Schulmilch, trotzdem sollten Sie f\u00fcr ein ausreichendes Getr\u00e4nk in Plastik- oder Alutrinkflaschen sorgen.<\/p>\n","protected":false},"excerpt":{"rendered":"<p>Wir legen Wert darauf, dass Sie Ihrem Kind ein nahrhaftes und vitaminhaltiges Essen f\u00fcr das Fr\u00fchst\u00fcck mitgeben. Einmal in der Woche gibt es bei uns Schulmilch, trotzdem sollten Sie f\u00fcr ein ausreichendes Getr\u00e4nk in Plastik- oder Alutrinkflaschen sorgen.<\/p>\n","protected":false},"author":9193170,"featured_media":0,"parent":0,"menu_order":0,"comment_status":"closed","ping_status":"closed","template":"","meta":{"footnotes":""},"class_list":["post-453","page","type-page","status-publish","hentry","without-featured-image"],"_links":{"self":[{"href":"https:\/\/wordpress.nibis.de\/gsworth\/wp-json\/wp\/v2\/pages\/453","targetHints":{"allow":["GET"]}}],"collection":[{"href":"https:\/\/wordpress.nibis.de\/gsworth\/wp-json\/wp\/v2\/pages"}],"about":[{"href":"https:\/\/wordpress.nibis.de\/gsworth\/wp-json\/wp\/v2\/types\/page"}],"author":[{"embeddable":true,"href":"https:\/\/wordpress.nibis.de\/gsworth\/wp-json\/wp\/v2\/users\/9193170"}],"replies":[{"embeddable":true,"href":"https:\/\/wordpress.nibis.de\/gsworth\/wp-json\/wp\/v2\/comments?post=453"}],"version-history":[{"count":1,"href":"https:\/\/wordpress.nibis.de\/gsworth\/wp-json\/wp\/v2\/pages\/453\/revisions"}],"predecessor-version":[{"id":454,"href":"https:\/\/wordpress.nibis.de\/gsworth\/wp-json\/wp\/v2\/pages\/453\/revisions\/454"}],"wp:attachment":[{"href":"https:\/\/wordpress.nibis.de\/gsworth\/wp-json\/wp\/v2\/media?parent=453"}],"curies":[{"name":"wp","href":"https:\/\/api.w.org\/{rel}","templated":true}]}}