{"id":458,"date":"2019-07-17T11:05:17","date_gmt":"2019-07-17T09:05:17","guid":{"rendered":"https:\/\/wordpress.nibis.de\/gsworth\/?page_id=458"},"modified":"2021-03-18T16:40:58","modified_gmt":"2021-03-18T15:40:58","slug":"entgeltliche-schulbuchausleihe","status":"publish","type":"page","link":"https:\/\/wordpress.nibis.de\/gsworth\/entgeltliche-schulbuchausleihe\/","title":{"rendered":"Entgeltliche Schulbuchausleihe"},"content":{"rendered":"\n<p>Sorgen Sie bitte daf\u00fcr, dass die ausgeliehenen Schulb\u00fccher pfleglich behandelt werden. Diese B\u00fccher m\u00fcssen f\u00fcr die Dauer von drei Jahren weitergegeben werden. Werden die ausgeliehenen Materialien in ungepflegtem Zustand zur\u00fcckgegeben, m\u00fcssen wir von Ihnen leider, dem Zeitwert entsprechend, Ersatz fordern.<\/p>\n<p>Im Erlass zur entgeltlichen Schulbuchausleihe werden die Eltern angehalten, die ausgeliehenen B\u00fccher \u2013 falls nicht bereits geschehen \u2013 einzuschlagen. Auch Sie m\u00f6chten, dass Ihr Kind ein noch akzeptables Buch erh\u00e4lt, wenn es in die 2. oder 3. Ausleihe geht.<\/p>\n<p>\u00a0<\/p>\n","protected":false},"excerpt":{"rendered":"<p>Sorgen Sie bitte daf\u00fcr, dass die ausgeliehenen Schulb\u00fccher pfleglich behandelt werden. Diese B\u00fccher m\u00fcssen f\u00fcr die Dauer von drei Jahren weitergegeben werden. Werden die ausgeliehenen Materialien in ungepflegtem Zustand zur\u00fcckgegeben, m\u00fcssen wir von Ihnen leider, dem Zeitwert entsprechend, Ersatz fordern. Im Erlass zur entgeltlichen Schulbuchausleihe werden die Eltern angehalten, die ausgeliehenen B\u00fccher \u2013 falls nicht &hellip; <a href=\"https:\/\/wordpress.nibis.de\/gsworth\/entgeltliche-schulbuchausleihe\/\" class=\"more-link\">Weiterlesen <span class=\"screen-reader-text\">Entgeltliche Schulbuchausleihe<\/span><\/a><\/p>\n","protected":false},"author":9193170,"featured_media":0,"parent":0,"menu_order":0,"comment_status":"closed","ping_status":"closed","template":"","meta":{"footnotes":""},"class_list":["post-458","page","type-page","status-publish","hentry","without-featured-image"],"_links":{"self":[{"href":"https:\/\/wordpress.nibis.de\/gsworth\/wp-json\/wp\/v2\/pages\/458","targetHints":{"allow":["GET"]}}],"collection":[{"href":"https:\/\/wordpress.nibis.de\/gsworth\/wp-json\/wp\/v2\/pages"}],"about":[{"href":"https:\/\/wordpress.nibis.de\/gsworth\/wp-json\/wp\/v2\/types\/page"}],"author":[{"embeddable":true,"href":"https:\/\/wordpress.nibis.de\/gsworth\/wp-json\/wp\/v2\/users\/9193170"}],"replies":[{"embeddable":true,"href":"https:\/\/wordpress.nibis.de\/gsworth\/wp-json\/wp\/v2\/comments?post=458"}],"version-history":[{"count":4,"href":"https:\/\/wordpress.nibis.de\/gsworth\/wp-json\/wp\/v2\/pages\/458\/revisions"}],"predecessor-version":[{"id":1413,"href":"https:\/\/wordpress.nibis.de\/gsworth\/wp-json\/wp\/v2\/pages\/458\/revisions\/1413"}],"wp:attachment":[{"href":"https:\/\/wordpress.nibis.de\/gsworth\/wp-json\/wp\/v2\/media?parent=458"}],"curies":[{"name":"wp","href":"https:\/\/api.w.org\/{rel}","templated":true}]}}