{"id":460,"date":"2019-07-17T11:07:40","date_gmt":"2019-07-17T09:07:40","guid":{"rendered":"https:\/\/wordpress.nibis.de\/gsworth\/?page_id=460"},"modified":"2019-07-17T11:07:41","modified_gmt":"2019-07-17T09:07:41","slug":"aenderungen-im-persoenlichen-umfeld","status":"publish","type":"page","link":"https:\/\/wordpress.nibis.de\/gsworth\/aenderungen-im-persoenlichen-umfeld\/","title":{"rendered":"\u00c4nderungen im pers\u00f6nlichen Umfeld"},"content":{"rendered":"\n<p>Sollten sich w\u00e4hrend der Grundschulzeit \u00c4nderungen ergeben (z.B. Umzug, Familienstand, Telefonnummer u. \u00e4.), so bitte ich Sie, die \u00c4nderungen umgehend im Sekretariat bekannt zu geben. Tragen Sie immer die aktuellen Notrufnummern in das Hausaufgabenheft Ihres Kindes ein.<\/p>\n","protected":false},"excerpt":{"rendered":"<p>Sollten sich w\u00e4hrend der Grundschulzeit \u00c4nderungen ergeben (z.B. Umzug, Familienstand, Telefonnummer u. \u00e4.), so bitte ich Sie, die \u00c4nderungen umgehend im Sekretariat bekannt zu geben. Tragen Sie immer die aktuellen Notrufnummern in das Hausaufgabenheft Ihres Kindes ein.<\/p>\n","protected":false},"author":9193170,"featured_media":0,"parent":0,"menu_order":0,"comment_status":"closed","ping_status":"closed","template":"","meta":{"footnotes":""},"class_list":["post-460","page","type-page","status-publish","hentry","without-featured-image"],"_links":{"self":[{"href":"https:\/\/wordpress.nibis.de\/gsworth\/wp-json\/wp\/v2\/pages\/460","targetHints":{"allow":["GET"]}}],"collection":[{"href":"https:\/\/wordpress.nibis.de\/gsworth\/wp-json\/wp\/v2\/pages"}],"about":[{"href":"https:\/\/wordpress.nibis.de\/gsworth\/wp-json\/wp\/v2\/types\/page"}],"author":[{"embeddable":true,"href":"https:\/\/wordpress.nibis.de\/gsworth\/wp-json\/wp\/v2\/users\/9193170"}],"replies":[{"embeddable":true,"href":"https:\/\/wordpress.nibis.de\/gsworth\/wp-json\/wp\/v2\/comments?post=460"}],"version-history":[{"count":1,"href":"https:\/\/wordpress.nibis.de\/gsworth\/wp-json\/wp\/v2\/pages\/460\/revisions"}],"predecessor-version":[{"id":461,"href":"https:\/\/wordpress.nibis.de\/gsworth\/wp-json\/wp\/v2\/pages\/460\/revisions\/461"}],"wp:attachment":[{"href":"https:\/\/wordpress.nibis.de\/gsworth\/wp-json\/wp\/v2\/media?parent=460"}],"curies":[{"name":"wp","href":"https:\/\/api.w.org\/{rel}","templated":true}]}}