{"id":77,"date":"2019-06-05T13:46:27","date_gmt":"2019-06-05T11:46:27","guid":{"rendered":"https:\/\/wordpress.nibis.de\/gsworth\/?page_id=77"},"modified":"2025-09-17T17:40:04","modified_gmt":"2025-09-17T15:40:04","slug":"schuldaten","status":"publish","type":"page","link":"https:\/\/wordpress.nibis.de\/gsworth\/schuldaten\/","title":{"rendered":"Schuldaten"},"content":{"rendered":"\n<figure class=\"wp-block-table\"><table><tbody><tr><td>Anschrift<\/td><td>Grundschule Worthschule<br>Zehntstra\u00dfe 25<br>38640 Goslar<\/td><\/tr><tr><td>Telefon<\/td><td>05321 \/ 685807<\/td><\/tr><tr><td>E-Mail<\/td><td>g&#115;&#119;&#x6f;&#x72;&#x74;hs&#99;&#104;&#x75;&#x6c;&#x65;&#64;&#103;&#111;&#115;&#x6c;&#x61;&#x72;&#46;&#100;&#101;<br>&#x73;&#97;&#x6e;&#x64;&#114;&#x61;&#46;k&#x65;&#105;b&#x65;&#114;&#64;&#x77;&#111;r&#x74;&#104;&#x73;&#x63;&#104;&#x75;&#x6c;&#101;&#x2e;&#115;c&#x68;&#117;l&#x73;&#101;r&#x76;&#101;r&#x2e;&#100;&#x65;<\/td><\/tr><tr><td>Schulleiterin<\/td><td>Frau Sandra Keiber<\/td><\/tr><tr><td>B\u00fcro<\/td><td>Frau Gudrun Fricke<\/td><\/tr><tr><td>B\u00fcrozeiten<\/td><td>Montag &#8211; Donnerstag von 7.45 Uhr &#8211; 12.45 Uhr<\/td><\/tr><tr><td>Hausmeisterin<\/td><td>Frau Birgit Hoeth<\/td><\/tr><tr><td>Schultr\u00e4ger<\/td><td>Stadt Goslar, 38640 Goslar<\/td><\/tr><\/tbody><\/table><\/figure>\n\n\n","protected":false},"excerpt":{"rendered":"<p>Anschrift Grundschule WorthschuleZehntstra\u00dfe 2538640 Goslar Telefon 05321 \/ 685807 E-Mail g&#115;&#x77;&#x6f;r&#116;&#x68;&#x73;c&#104;&#117;&#x6c;&#x65;&#64;&#103;&#x6f;&#x73;l&#97;&#x72;&#x2e;d&#101;&#115;a&#x6e;d&#x72;a&#x2e;&#107;&#x65;&#105;&#x62;&#101;r&#x40;w&#x6f;r&#x74;&#104;&#x73;&#99;&#x68;&#117;&#x6c;&#101;&#46;&#x73;c&#x68;u&#x6c;&#115;&#x65;&#114;&#x76;&#101;&#x72;&#46;d&#x65; Schulleiterin Frau Sandra Keiber B\u00fcro Frau Gudrun Fricke B\u00fcrozeiten Montag &#8211; Donnerstag von 7.45 Uhr &#8211; 12.45 Uhr Hausmeisterin Frau Birgit Hoeth Schultr\u00e4ger Stadt Goslar, 38640 Goslar<\/p>\n","protected":false},"author":9193005,"featured_media":0,"parent":0,"menu_order":0,"comment_status":"closed","ping_status":"closed","template":"","meta":{"footnotes":""},"class_list":["post-77","page","type-page","status-publish","hentry","without-featured-image"],"_links":{"self":[{"href":"https:\/\/wordpress.nibis.de\/gsworth\/wp-json\/wp\/v2\/pages\/77","targetHints":{"allow":["GET"]}}],"collection":[{"href":"https:\/\/wordpress.nibis.de\/gsworth\/wp-json\/wp\/v2\/pages"}],"about":[{"href":"https:\/\/wordpress.nibis.de\/gsworth\/wp-json\/wp\/v2\/types\/page"}],"author":[{"embeddable":true,"href":"https:\/\/wordpress.nibis.de\/gsworth\/wp-json\/wp\/v2\/users\/9193005"}],"replies":[{"embeddable":true,"href":"https:\/\/wordpress.nibis.de\/gsworth\/wp-json\/wp\/v2\/comments?post=77"}],"version-history":[{"count":21,"href":"https:\/\/wordpress.nibis.de\/gsworth\/wp-json\/wp\/v2\/pages\/77\/revisions"}],"predecessor-version":[{"id":2303,"href":"https:\/\/wordpress.nibis.de\/gsworth\/wp-json\/wp\/v2\/pages\/77\/revisions\/2303"}],"wp:attachment":[{"href":"https:\/\/wordpress.nibis.de\/gsworth\/wp-json\/wp\/v2\/media?parent=77"}],"curies":[{"name":"wp","href":"https:\/\/api.w.org\/{rel}","templated":true}]}}