{"id":1013,"date":"2021-06-08T17:23:00","date_gmt":"2021-06-08T15:23:00","guid":{"rendered":"https:\/\/wordpress.nibis.de\/gswremen\/?page_id=1013"},"modified":"2021-07-04T15:50:11","modified_gmt":"2021-07-04T13:50:11","slug":"aktuelle-downloads","status":"publish","type":"page","link":"https:\/\/wordpress.nibis.de\/gswremen\/aktuelle-downloads\/","title":{"rendered":"Aktuelle Downloads"},"content":{"rendered":"<p><strong>Hier finden Sie unsere aktuellen Lernmittel- und Materiallisten nach Klassen sortiert.<\/strong><\/p>\n<p>Lernmittel (zur Anschaffung) sind z.B. Arbeitshefte, in die Ihr Kind hineinschreibt. Diese Hefte\u00a0 k\u00f6nnen nicht geliehen werden und m\u00fcssen von Ihnen selbst angeschafft werden (z.B. \u00fcber den \u00f6rtlichen Buchhandel).<\/p>\n<p>Lernmittel (mit Ausleihm\u00f6glichkeit) sind B\u00fccher, in die nicht hineingeschrieben wird (z.B. Lesefibeln). Diese k\u00f6nnen gegen eine Geb\u00fchr ausgeliehen werden.<\/p>\n<p>Die Materialliste z\u00e4hlt alle Verbrauchsmaterialien auf, die von Ihnen angeschafft werden m\u00fcssen. Hierzu z\u00e4hlen z.B. Schnellhefter, Schreibutensilien oder auch Sportzeug.<\/p>\n<p><strong>Klasse 1 (Schuljahr 2021\/2022):<br \/>\n<\/strong><a href=\"https:\/\/wordpress.nibis.de\/gswremen\/files\/2021\/06\/Materialliste-Klasse-1-1.pdf\">Materialliste<\/a><br \/>\n<a href=\"https:\/\/wordpress.nibis.de\/gswremen\/files\/2021\/06\/Buchbestellung-Klasse-1-21_22.pdf\">Lernmittel (zur Anschaffung)<\/a><br \/>\n<a href=\"https:\/\/wordpress.nibis.de\/gswremen\/files\/2021\/06\/Lernmittelliste-1.-Klasse.pdf\">Lernmittel (mit Ausleihm\u00f6glichkeit)<\/a><\/p>\n<p><strong>Klasse 2 (Schuljahr 2021\/2022):<br \/>\n<\/strong><a href=\"https:\/\/wordpress.nibis.de\/gswremen\/files\/2021\/07\/Materialliste-Klasse-2.pdf\">Materialliste<\/a><br \/>\n<a href=\"https:\/\/wordpress.nibis.de\/gswremen\/files\/2021\/06\/Buchbestellung-Klasse-2-21_22.pdf\">Lernmittel (zur Anschaffung)<\/a><br \/>\n<a href=\"https:\/\/wordpress.nibis.de\/gswremen\/files\/2021\/06\/Lernmittelliste-2.-Klasse.pdf\">Lernmittel (mit Ausleihm\u00f6glichkeit)<\/a><strong><br \/>\n<\/strong><\/p>\n<p><strong>Klasse 3 (Schuljahr 2021\/2022):<br \/>\n<\/strong><a href=\"https:\/\/wordpress.nibis.de\/gswremen\/files\/2021\/06\/Materialliste-Klasse-3.pdf\">Materialliste<\/a><br \/>\n<a href=\"https:\/\/wordpress.nibis.de\/gswremen\/files\/2021\/06\/Buchbestellung-Klasse-3-21_22.pdf\">Lernmittel (zur Anschaffung)<\/a><br \/>\n<a href=\"https:\/\/wordpress.nibis.de\/gswremen\/files\/2021\/06\/Lernmittelliste-3.-Klasse.pdf\">Lernmittel (mit Ausleihm\u00f6glichkeit)<\/a><\/p>\n<p><strong>Klasse 4 (Schuljahr 2021\/2022):<br \/>\n<\/strong><a href=\"https:\/\/wordpress.nibis.de\/gswremen\/files\/2021\/06\/Materialliste-Klasse-4.pdf\">Materialliste<\/a><br \/>\n<a href=\"https:\/\/wordpress.nibis.de\/gswremen\/files\/2021\/06\/Buchbestellung-Klasse-4-21_22.pdf\">Lernmittel (zur Anschaffung)<\/a><br \/>\n<a href=\"https:\/\/wordpress.nibis.de\/gswremen\/files\/2021\/06\/Lernmittelliste-4.-Klasse.pdf\">Lernmittel (mit Ausleihm\u00f6glichkeit)<\/a><strong><br \/>\n<\/strong><\/p>\n<p><strong>Hier finden Sie Informationen und Anmeldeformulare f\u00fcr die GTS (Schuljahr 2021\/2022, 1. Halbjahr):<\/strong><\/p>\n<p><a href=\"https:\/\/wordpress.nibis.de\/gswremen\/files\/2021\/06\/Ganztag.pdf\">Anmeldung zum Ganztag<\/a><\/p>\n","protected":false},"excerpt":{"rendered":"<p>Hier finden Sie unsere aktuellen Lernmittel- und Materiallisten nach Klassen sortiert. Lernmittel (zur Anschaffung) sind z.B. Arbeitshefte, in die Ihr Kind hineinschreibt. Diese Hefte\u00a0 k\u00f6nnen nicht geliehen werden und m\u00fcssen von Ihnen selbst angeschafft werden (z.B. \u00fcber den \u00f6rtlichen Buchhandel). Lernmittel (mit Ausleihm\u00f6glichkeit) sind B\u00fccher, in die nicht hineingeschrieben wird (z.B. Lesefibeln). Diese k\u00f6nnen gegen &hellip; <a href=\"https:\/\/wordpress.nibis.de\/gswremen\/aktuelle-downloads\/\" class=\"more-link\"><span class=\"screen-reader-text\">Aktuelle Downloads<\/span> weiterlesen <span class=\"meta-nav\">&rarr;<\/span><\/a><\/p>\n","protected":false},"author":9193173,"featured_media":0,"parent":0,"menu_order":0,"comment_status":"closed","ping_status":"closed","template":"","meta":{"footnotes":""},"class_list":["post-1013","page","type-page","status-publish","hentry"],"_links":{"self":[{"href":"https:\/\/wordpress.nibis.de\/gswremen\/wp-json\/wp\/v2\/pages\/1013","targetHints":{"allow":["GET"]}}],"collection":[{"href":"https:\/\/wordpress.nibis.de\/gswremen\/wp-json\/wp\/v2\/pages"}],"about":[{"href":"https:\/\/wordpress.nibis.de\/gswremen\/wp-json\/wp\/v2\/types\/page"}],"author":[{"embeddable":true,"href":"https:\/\/wordpress.nibis.de\/gswremen\/wp-json\/wp\/v2\/users\/9193173"}],"replies":[{"embeddable":true,"href":"https:\/\/wordpress.nibis.de\/gswremen\/wp-json\/wp\/v2\/comments?post=1013"}],"version-history":[{"count":30,"href":"https:\/\/wordpress.nibis.de\/gswremen\/wp-json\/wp\/v2\/pages\/1013\/revisions"}],"predecessor-version":[{"id":1076,"href":"https:\/\/wordpress.nibis.de\/gswremen\/wp-json\/wp\/v2\/pages\/1013\/revisions\/1076"}],"wp:attachment":[{"href":"https:\/\/wordpress.nibis.de\/gswremen\/wp-json\/wp\/v2\/media?parent=1013"}],"curies":[{"name":"wp","href":"https:\/\/api.w.org\/{rel}","templated":true}]}}