{"id":187,"date":"2019-10-04T19:09:27","date_gmt":"2019-10-04T17:09:27","guid":{"rendered":"https:\/\/wordpress.nibis.de\/gswremen\/?page_id=187"},"modified":"2024-09-02T14:25:26","modified_gmt":"2024-09-02T12:25:26","slug":"aktueller-speiseplan","status":"publish","type":"page","link":"https:\/\/wordpress.nibis.de\/gswremen\/aktueller-speiseplan\/","title":{"rendered":"Aktueller Speiseplan"},"content":{"rendered":"<h3 style=\"text-align: center\"><\/h3>\n<table style=\"width: 96.580193%;height: 777px\">\n<tbody>\n<tr style=\"height: 53px\">\n<td style=\"text-align: center;width: 490.2px;height: 53px\">\n<h3>02.09.2024 &#8211; 06.09.2024<\/h3>\n<\/td>\n<\/tr>\n<tr style=\"height: 152px\">\n<td style=\"text-align: center;width: 490.2px;height: 152px\">\n<h5><em><strong>Montag<\/strong><\/em><\/h5>\n<p><span style=\"font-size: revert\">Suppenbuffet mit Br\u00f6tchen mit Dessert.<\/span><\/p>\n<p>(G,G1,Ei,M,ME,LA,S)<\/td>\n<\/tr>\n<tr style=\"height: 152px\">\n<td style=\"text-align: center;width: 490.2px;height: 152px\">\n<h5><em><strong>Dienstag<\/strong><\/em><\/h5>\n<p>Rinderfrikadellen in Bratenso\u00dfe mit Nudeln, Gem\u00fcse und Dessert<br \/>\n(G,G1,Ei)<\/td>\n<\/tr>\n<tr style=\"height: 127px\">\n<td style=\"text-align: center;width: 490.2px;height: 127px\">\n<h5><em><strong>Mittwoch<\/strong><\/em><\/h5>\n<p>Pfannkuchen mit Apfelmark und Dessert<\/p>\n<p>(G,G1,Ei,M,Me,La)<\/td>\n<\/tr>\n<tr style=\"height: 102px\">\n<td style=\"text-align: center;width: 490.2px;height: 102px\">\n<h5><em><strong>Donnerstag<\/strong><\/em><\/h5>\n<p>Fischbuffet mit Kartoffelsalat und Dessert<\/p>\n<p>(G,G1,Ei,M,Me,La)<\/td>\n<\/tr>\n<tr style=\"height: 102px\">\n<td style=\"text-align: center;width: 490.2px;height: 102px\">\n<h5><i>Freitag<\/i><\/h5>\n<p>\u00dcberraschungsessen<\/p>\n<p>(G,G1,Ei)<\/td>\n<\/tr>\n<tr style=\"height: 89px\">\n<td style=\"text-align: center;width: 490.2px;height: 89px\"><em><strong>Zusatzstoffe und Allergiehinweise:<br \/>\nA=mit Antioxidationsmittel, N=mit Nitritp\u00f6kelsalz, F=mit nat\u00fcrlichem Farbstoff, G=Gluten, G1=Weizen, Ei= (H\u00fchner-)Ei, La=Laktose, Mi=Milch und -produkte, Se= Sellerie, Fi= Fisch, Sf=Senf, Sm=Sesam<\/strong><\/em><\/td>\n<\/tr>\n<\/tbody>\n<\/table>\n","protected":false},"excerpt":{"rendered":"<p>02.09.2024 &#8211; 06.09.2024 Montag Suppenbuffet mit Br\u00f6tchen mit Dessert. (G,G1,Ei,M,ME,LA,S) Dienstag Rinderfrikadellen in Bratenso\u00dfe mit Nudeln, Gem\u00fcse und Dessert (G,G1,Ei) Mittwoch Pfannkuchen mit Apfelmark und Dessert (G,G1,Ei,M,Me,La) Donnerstag Fischbuffet mit Kartoffelsalat und Dessert (G,G1,Ei,M,Me,La) Freitag \u00dcberraschungsessen (G,G1,Ei) Zusatzstoffe und Allergiehinweise: A=mit Antioxidationsmittel, N=mit Nitritp\u00f6kelsalz, F=mit nat\u00fcrlichem Farbstoff, G=Gluten, G1=Weizen, Ei= (H\u00fchner-)Ei, La=Laktose, Mi=Milch und -produkte, &hellip; <a href=\"https:\/\/wordpress.nibis.de\/gswremen\/aktueller-speiseplan\/\" class=\"more-link\"><span class=\"screen-reader-text\">Aktueller Speiseplan<\/span> weiterlesen <span class=\"meta-nav\">&rarr;<\/span><\/a><\/p>\n","protected":false},"author":9193173,"featured_media":0,"parent":0,"menu_order":0,"comment_status":"closed","ping_status":"closed","template":"","meta":{"footnotes":""},"class_list":["post-187","page","type-page","status-publish","hentry"],"_links":{"self":[{"href":"https:\/\/wordpress.nibis.de\/gswremen\/wp-json\/wp\/v2\/pages\/187","targetHints":{"allow":["GET"]}}],"collection":[{"href":"https:\/\/wordpress.nibis.de\/gswremen\/wp-json\/wp\/v2\/pages"}],"about":[{"href":"https:\/\/wordpress.nibis.de\/gswremen\/wp-json\/wp\/v2\/types\/page"}],"author":[{"embeddable":true,"href":"https:\/\/wordpress.nibis.de\/gswremen\/wp-json\/wp\/v2\/users\/9193173"}],"replies":[{"embeddable":true,"href":"https:\/\/wordpress.nibis.de\/gswremen\/wp-json\/wp\/v2\/comments?post=187"}],"version-history":[{"count":133,"href":"https:\/\/wordpress.nibis.de\/gswremen\/wp-json\/wp\/v2\/pages\/187\/revisions"}],"predecessor-version":[{"id":1434,"href":"https:\/\/wordpress.nibis.de\/gswremen\/wp-json\/wp\/v2\/pages\/187\/revisions\/1434"}],"wp:attachment":[{"href":"https:\/\/wordpress.nibis.de\/gswremen\/wp-json\/wp\/v2\/media?parent=187"}],"curies":[{"name":"wp","href":"https:\/\/api.w.org\/{rel}","templated":true}]}}