{"id":191,"date":"2019-10-04T19:14:17","date_gmt":"2019-10-04T17:14:17","guid":{"rendered":"https:\/\/wordpress.nibis.de\/gswremen\/?page_id=191"},"modified":"2020-09-07T17:59:00","modified_gmt":"2020-09-07T15:59:00","slug":"unterrichtszeiten","status":"publish","type":"page","link":"https:\/\/wordpress.nibis.de\/gswremen\/unterrichtszeiten\/","title":{"rendered":"Unterrichtszeiten"},"content":{"rendered":"\n<h5>Stundenplan am Vormittag (VGS) und Nachmittag (GTS)<\/h5>\n\n<table id=\"tablepress-4\" class=\"tablepress tablepress-id-4\">\n<thead>\n<tr class=\"row-1\">\n\t<th class=\"column-1\">Stunde<\/th><th class=\"column-2\">Uhrzeit<\/th><th class=\"column-3\">Vormittag (VGS) bzw. Nachmittag (GTS)<\/th>\n<\/tr>\n<\/thead>\n<tbody class=\"row-striping row-hover\">\n<tr class=\"row-2\">\n\t<td class=\"column-1\">1. Stunde<\/td><td class=\"column-2\">08:00 Uhr - 08:45 Uhr<\/td><td class=\"column-3\">VGS<\/td>\n<\/tr>\n<tr class=\"row-3\">\n\t<td class=\"column-1\">2. Stunde<\/td><td class=\"column-2\">09:00 Uhr - 09:45 Uhr<\/td><td class=\"column-3\">VGS<\/td>\n<\/tr>\n<tr class=\"row-4\">\n\t<td class=\"column-1\">3. Stunde<\/td><td class=\"column-2\">10:05 Uhr - 10:50 Uhr<\/td><td class=\"column-3\">VGS<\/td>\n<\/tr>\n<tr class=\"row-5\">\n\t<td class=\"column-1\">4. Stunde<\/td><td class=\"column-2\">10:55 Uhr - 11:40 Uhr<\/td><td class=\"column-3\">VGS<\/td>\n<\/tr>\n<tr class=\"row-6\">\n\t<td class=\"column-1\">5. Stunde<\/td><td class=\"column-2\">12:00 Uhr - 12:45\/12:55 Uhr<\/td><td class=\"column-3\">VGS<\/td>\n<\/tr>\n<tr class=\"row-7\">\n\t<td class=\"column-1\">Mittagessen<\/td><td class=\"column-2\">13:00 Uhr - 13:45 Uhr<\/td><td class=\"column-3\">GTS<\/td>\n<\/tr>\n<tr class=\"row-8\">\n\t<td class=\"column-1\">Hausaufgabenzeit<\/td><td class=\"column-2\">14:00 Uhr - 14:45 Uhr<\/td><td class=\"column-3\">GTS<\/td>\n<\/tr>\n<tr class=\"row-9\">\n\t<td class=\"column-1\">Angebote<\/td><td class=\"column-2\">14:45 Uhr - 15:45 Uhr<\/td><td class=\"column-3\">GTS<\/td>\n<\/tr>\n<\/tbody>\n<\/table>\n<!-- #tablepress-4 from cache -->\n<p>Die 5. Stunde endet f\u00fcr die Zweitkl\u00e4ssler um 12:45 Uhr. Bis 12:55 Uhr werden die Kinder dann betreut. F\u00fcr die Drittkl\u00e4ssler und Viertkl\u00e4ssler wird die 5. Stunde t\u00e4glich bis 12:55 Uhr verl\u00e4ngert, wodurch sich auf die Woche gerechnet die durch die Stundentafel vorgeschriebene 6. Unterrichtsstunde ergibt.<\/p>\n","protected":false},"excerpt":{"rendered":"<p>Stundenplan am Vormittag (VGS) und Nachmittag (GTS) Die 5. Stunde endet f\u00fcr die Zweitkl\u00e4ssler um 12:45 Uhr. Bis 12:55 Uhr werden die Kinder dann betreut. F\u00fcr die Drittkl\u00e4ssler und Viertkl\u00e4ssler wird die 5. Stunde t\u00e4glich bis 12:55 Uhr verl\u00e4ngert, wodurch sich auf die Woche gerechnet die durch die Stundentafel vorgeschriebene 6. Unterrichtsstunde ergibt.<\/p>\n","protected":false},"author":9193173,"featured_media":0,"parent":0,"menu_order":0,"comment_status":"closed","ping_status":"closed","template":"","meta":{"footnotes":""},"class_list":["post-191","page","type-page","status-publish","hentry"],"_links":{"self":[{"href":"https:\/\/wordpress.nibis.de\/gswremen\/wp-json\/wp\/v2\/pages\/191","targetHints":{"allow":["GET"]}}],"collection":[{"href":"https:\/\/wordpress.nibis.de\/gswremen\/wp-json\/wp\/v2\/pages"}],"about":[{"href":"https:\/\/wordpress.nibis.de\/gswremen\/wp-json\/wp\/v2\/types\/page"}],"author":[{"embeddable":true,"href":"https:\/\/wordpress.nibis.de\/gswremen\/wp-json\/wp\/v2\/users\/9193173"}],"replies":[{"embeddable":true,"href":"https:\/\/wordpress.nibis.de\/gswremen\/wp-json\/wp\/v2\/comments?post=191"}],"version-history":[{"count":7,"href":"https:\/\/wordpress.nibis.de\/gswremen\/wp-json\/wp\/v2\/pages\/191\/revisions"}],"predecessor-version":[{"id":805,"href":"https:\/\/wordpress.nibis.de\/gswremen\/wp-json\/wp\/v2\/pages\/191\/revisions\/805"}],"wp:attachment":[{"href":"https:\/\/wordpress.nibis.de\/gswremen\/wp-json\/wp\/v2\/media?parent=191"}],"curies":[{"name":"wp","href":"https:\/\/api.w.org\/{rel}","templated":true}]}}