{"id":21,"date":"2019-09-29T13:37:48","date_gmt":"2019-09-29T11:37:48","guid":{"rendered":"https:\/\/wordpress.nibis.de\/gswremen\/?page_id=21"},"modified":"2025-05-08T14:57:01","modified_gmt":"2025-05-08T12:57:01","slug":"kontakt","status":"publish","type":"page","link":"https:\/\/wordpress.nibis.de\/gswremen\/kontakt\/","title":{"rendered":"Kontakt"},"content":{"rendered":"<h6><strong><span style=\"text-decoration: underline\">Ansprechpartnerinnen:<\/span><\/strong><\/h6>\n<p>Frau Glomb (Schulleiterin)\u00a0 \u00a0 \u00a0 \u00a0 \u00a0 \u00a0Frau Meenzen (Sekret\u00e4rin)<br \/>\n<img loading=\"lazy\" decoding=\"async\" class=\"wp-image-1237 aligncenter\" src=\"https:\/\/wordpress.nibis.de\/gswremen\/files\/2022\/09\/WER_5947-scaled.jpg\" alt=\"\" width=\"118\" height=\"177\" srcset=\"https:\/\/wordpress.nibis.de\/gswremen\/files\/2022\/09\/WER_5947-scaled.jpg 1709w, https:\/\/wordpress.nibis.de\/gswremen\/files\/2022\/09\/WER_5947-768x1150.jpg 768w, https:\/\/wordpress.nibis.de\/gswremen\/files\/2022\/09\/WER_5947-1026x1536.jpg 1026w, https:\/\/wordpress.nibis.de\/gswremen\/files\/2022\/09\/WER_5947-1367x2048.jpg 1367w\" sizes=\"auto, (max-width: 118px) 100vw, 118px\" \/><\/p>\n<h6><strong><span style=\"text-decoration: underline\"><br \/>\nAdresse, Postadresse, Zielort f\u00fcr Navigationsger\u00e4te:<\/span><\/strong><\/h6>\n<p>Wremer Stra\u00dfe 99<br \/>\n27639 Wurster Nordseekueste<\/p>\n<h6><strong><span style=\"text-decoration: underline\">Telefon, Fax und Email:<\/span><\/strong><\/h6>\n<p>Telefon: 04705\/408<br \/>\nFax: 04705\/810877<br \/>\n<strong>E-Mail Sekretariat : &#115;e&#107;r&#101;t&#x61;r&#x69;a&#x74;&#64;&#x67;s&#x77;r&#x65;m&#x65;n&#x2e;d&#x65;<\/strong><br \/>\nE-Mail Schulleitung Frau Glomb: &#110;&#x61;t&#x61;&#x6c;&#105;&#x65;&#46;&#103;&#x6c;&#111;&#x6d;b&#64;&#x67;s&#x77;r&#101;&#x6d;e&#x6e;&#x2e;&#100;&#x65;<\/p>\n<p style=\"text-align: left\"><strong>E-Mail-Adressen unserer Lehrerinnen:<\/strong><\/p>\n<p>Frau Wichmann (Klasse 1a): &#100;o&#114;i&#115;&#46;&#x77;i&#x63;h&#x6d;a&#x6e;n&#x40;g&#x73;w&#x72;e&#x6d;e&#x6e;&#46;&#x64;&#101;<br \/>\nFrau Wichmann-Kr\u00f6s (Klasse 1b): b&#46;wichma&#110;&#110;&#45;&#107;&#114;&#111;&#101;&#115;&#64;&#103;&#x73;&#x77;&#x72;&#x65;&#x6d;&#x65;&#x6e;&#x2e;&#x64;&#x65;<br \/>\nFrau Bullwinkel (Klasse 2a): &#x61;&#x6e;&#x69;&#x6b;&#x61;&#x2e;&#x62;&#x75;&#x6c;&#x6c;&#x77;&#x69;&#x6e;&#x6b;&#101;&#108;&#64;&#103;&#115;&#119;&#114;&#101;&#109;&#101;&#110;&#46;de<br \/>\nFrau Falke (Klasse 2b): a&#46;falke&#64;gswr&#101;&#109;&#101;&#110;&#46;&#100;&#101;<br \/>\nFrau F\u00f6rtsch (Klasse 3a): &#x62;&#46;&#x66;\u00f6&#x72;&#116;s&#x63;&#104;&#64;&#x67;&#115;&#x77;&#x72;e&#x6d;&#101;n&#x2e;&#100;e<br \/>\nFrau Wagner (Klasse 3b): &#x64;&#x2e;&#119;a&#x67;&#x6e;&#x65;&#114;&#64;&#x67;&#x73;&#x77;&#114;e&#x6d;&#x65;&#x6e;&#46;d&#x65;<br \/>\nFrau Schneider (Klasse 4a): &#x62;&#46;s&#x63;&#x68;&#110;e&#x69;&#100;e&#x72;&#x40;&#103;s&#x77;&#114;e&#x6d;&#x65;&#110;&#46;&#x64;&#x65;<br \/>\nFrau Braa-St\u00fcrcken (Klasse 4b): &#102;&#46;&#x62;r&#x61;a&#x2d;s&#x74;&#117;&#x65;&#114;&#x63;&#107;&#x65;&#110;&#64;&#103;s&#x77;r&#x65;m&#x65;&#110;&#x2e;&#100;&#x65;<\/p>\n<p>Frau Grahlmann (F\u00f6rderlehrerin): &#x6b;&#46;&#103;r&#x61;&#x68;&#108;m&#x61;&#x6e;&#110;&#64;&#x67;&#x73;&#119;r&#x65;&#x6d;&#101;n&#x2e;&#x64;&#101;<br \/>\nHerr Meyer (Referendar): &#115;&#x74;&#101;&#x76;e&#110;&#x2e;&#109;&#x65;y&#x65;r&#64;&#x67;&#115;&#x77;r&#x65;&#x6d;&#101;&#x6e;&#46;&#x64;e<br \/>\nFrau Hasselbring (Vertretretungslehrerin): pia&#46;&#104;&#97;&#115;&#115;&#101;&#x6c;&#x62;&#x72;&#x69;&#x6e;&#x67;&#x40;gswr&#101;&#109;&#101;&#110;&#46;&#x64;&#x65;<\/p>\n<p style=\"text-align: left\">\n<p><strong>E-Mail-Adressen unserer p\u00e4d. MitarbeiterInnen:<\/strong><br \/>\nFrau K\u00f6hler: a&#46;&#107;&#x6f;&#x65;&#x68;le&#114;&#64;&#x67;&#x73;&#x77;r&#101;&#109;&#101;&#x6e;&#x2e;&#x64;e<br \/>\nFrau Hahnel: c&#46;&#x68;&#x61;&#x68;n&#101;&#x6c;&#x40;&#x67;s&#119;&#x72;&#x65;&#x6d;e&#110;&#x2e;&#x64;&#x65;<br \/>\nFrau B\u00f6hm: &#106;&#46;&#x62;o&#101;&#x68;&#x6d;&#64;&#103;&#x73;&#x77;r&#101;&#x6d;&#x65;n&#46;&#x64;&#x65;<\/p>\n<p><strong>Das Sekretariat<\/strong> ist zur Zeit t\u00e4glich ab 7:30 Uhr bis 14 Uhr besetzt.<\/p>\n<p><strong>Parkm\u00f6glichkeiten<\/strong> finden Sie auf dem neu gebauten Parkplatz direkt an der Wremer Stra\u00dfe, am Eingangsbereich des Schul- und Sportgel\u00e4ndes.<\/p>\n","protected":false},"excerpt":{"rendered":"<p>Ansprechpartnerinnen: Frau Glomb (Schulleiterin)\u00a0 \u00a0 \u00a0 \u00a0 \u00a0 \u00a0Frau Meenzen (Sekret\u00e4rin) Adresse, Postadresse, Zielort f\u00fcr Navigationsger\u00e4te: Wremer Stra\u00dfe 99 27639 Wurster Nordseekueste Telefon, Fax und Email: Telefon: 04705\/408 Fax: 04705\/810877 E-Mail Sekretariat : &#x73;&#x65;&#107;&#114;&#101;t&#x61;&#x72;&#x69;&#97;&#116;&#64;g&#x73;&#x77;&#x72;&#101;&#109;e&#x6e;&#x2e;&#x64;&#101; E-Mail Schulleitung Frau Glomb: &#x6e;&#97;t&#x61;&#x6c;&#105;e&#x2e;&#x67;&#108;o&#x6d;&#x62;&#64;g&#x73;&#x77;&#114;e&#x6d;&#101;&#110;&#46;&#x64;&#101; E-Mail-Adressen unserer Lehrerinnen: Frau Wichmann (Klasse 1a): &#x64;&#111;&#114;&#x69;&#x73;&#46;&#119;&#x69;&#x63;&#104;&#109;&#x61;&#x6e;&#110;&#64;&#x67;&#x73;&#119;&#114;&#x65;&#x6d;&#101;&#110;&#x2e;&#x64;&#101; Frau Wichmann-Kr\u00f6s (Klasse 1b): b&#46;wi&#99;&#104;&#109;&#97;&#110;&#x6e;&#x2d;&#x6b;&#x72;&#x6f;&#x65;&#x73;&#64;gsw&#114;&#101;&#109;&#101;&#110;&#x2e;&#x64;&#x65; Frau Bullwinkel (Klasse &hellip; <a href=\"https:\/\/wordpress.nibis.de\/gswremen\/kontakt\/\" class=\"more-link\"><span class=\"screen-reader-text\">Kontakt<\/span> weiterlesen <span class=\"meta-nav\">&rarr;<\/span><\/a><\/p>\n","protected":false},"author":9193173,"featured_media":0,"parent":0,"menu_order":0,"comment_status":"closed","ping_status":"closed","template":"","meta":{"footnotes":""},"class_list":["post-21","page","type-page","status-publish","hentry"],"_links":{"self":[{"href":"https:\/\/wordpress.nibis.de\/gswremen\/wp-json\/wp\/v2\/pages\/21","targetHints":{"allow":["GET"]}}],"collection":[{"href":"https:\/\/wordpress.nibis.de\/gswremen\/wp-json\/wp\/v2\/pages"}],"about":[{"href":"https:\/\/wordpress.nibis.de\/gswremen\/wp-json\/wp\/v2\/types\/page"}],"author":[{"embeddable":true,"href":"https:\/\/wordpress.nibis.de\/gswremen\/wp-json\/wp\/v2\/users\/9193173"}],"replies":[{"embeddable":true,"href":"https:\/\/wordpress.nibis.de\/gswremen\/wp-json\/wp\/v2\/comments?post=21"}],"version-history":[{"count":26,"href":"https:\/\/wordpress.nibis.de\/gswremen\/wp-json\/wp\/v2\/pages\/21\/revisions"}],"predecessor-version":[{"id":1454,"href":"https:\/\/wordpress.nibis.de\/gswremen\/wp-json\/wp\/v2\/pages\/21\/revisions\/1454"}],"wp:attachment":[{"href":"https:\/\/wordpress.nibis.de\/gswremen\/wp-json\/wp\/v2\/media?parent=21"}],"curies":[{"name":"wp","href":"https:\/\/api.w.org\/{rel}","templated":true}]}}