{"id":266,"date":"2019-10-07T15:48:13","date_gmt":"2019-10-07T13:48:13","guid":{"rendered":"https:\/\/wordpress.nibis.de\/gswremen\/?page_id=266"},"modified":"2020-09-13T11:03:15","modified_gmt":"2020-09-13T09:03:15","slug":"aktuelles-zum-mensabau","status":"publish","type":"page","link":"https:\/\/wordpress.nibis.de\/gswremen\/aktuelles-zum-mensabau\/","title":{"rendered":"Aktuelles zum Mensabau"},"content":{"rendered":"<p><span style=\"text-decoration: underline\">Update (September 2020):<\/span><\/p>\n<p>Kurz vor den Sommerferien wurde die Mensa fertig gestellt! Aufgrund des eingeschr\u00e4nkten Schulbetriebs konnte sie vor den Ferien aber noch nicht in Betrieb genommen werden.<br \/>Nun sind die Sch\u00fclerInnen zur\u00fcck im Ganztag und k\u00f6nnen im gro\u00dfen, einladenden Speiseraum ihr Mittagessen zu sich nehmen. Unsere K\u00fcchenfeen kochen in einer gut ausgestatteten K\u00fcche.<\/p>\n<p><img loading=\"lazy\" decoding=\"async\" class=\"alignnone size-full wp-image-815\" src=\"https:\/\/wordpress.nibis.de\/gswremen\/files\/2020\/09\/IMG_3746-scaled.jpg\" alt=\"\" width=\"2560\" height=\"1920\" srcset=\"https:\/\/wordpress.nibis.de\/gswremen\/files\/2020\/09\/IMG_3746-scaled.jpg 2560w, https:\/\/wordpress.nibis.de\/gswremen\/files\/2020\/09\/IMG_3746-768x576.jpg 768w, https:\/\/wordpress.nibis.de\/gswremen\/files\/2020\/09\/IMG_3746-1536x1152.jpg 1536w, https:\/\/wordpress.nibis.de\/gswremen\/files\/2020\/09\/IMG_3746-2048x1536.jpg 2048w\" sizes=\"auto, (max-width: 2560px) 100vw, 2560px\" \/><\/p>\n<p><img loading=\"lazy\" decoding=\"async\" class=\"alignnone size-full wp-image-814\" src=\"https:\/\/wordpress.nibis.de\/gswremen\/files\/2020\/09\/IMG_3748-scaled.jpg\" alt=\"\" width=\"2560\" height=\"1920\" srcset=\"https:\/\/wordpress.nibis.de\/gswremen\/files\/2020\/09\/IMG_3748-scaled.jpg 2560w, https:\/\/wordpress.nibis.de\/gswremen\/files\/2020\/09\/IMG_3748-768x576.jpg 768w, https:\/\/wordpress.nibis.de\/gswremen\/files\/2020\/09\/IMG_3748-1536x1152.jpg 1536w, https:\/\/wordpress.nibis.de\/gswremen\/files\/2020\/09\/IMG_3748-2048x1536.jpg 2048w\" sizes=\"auto, (max-width: 2560px) 100vw, 2560px\" \/><\/p>\n<p>\u00a0<\/p>\n<p><strong>\u00c4ltere Beitr\u00e4ge:<\/strong><\/p>\n<p>Voraussichtlich im Fr\u00fchjahr 2020 soll der Bau der Schulmensa abgeschlossen werden. Auf dem alten Schulhof wurde in den letzten Monaten der Rohbau errichtet, mittlerweile steht das verklinkerte Geb\u00e4ude und der Innenausbau hat begonnen. Auch die Pflasterarbeiten rund um das Geb\u00e4ude schreiten voran.<\/p>\n<p>Das Gel\u00e4nde der Baustelle ist mit einem Bauzaun abgesichert. Aus sicherer Entfernung beobachten die Kinder gerne die Arbeiten und konnten in den vergangenen Wochen und Monaten schnell Fortschritte erkennen.<\/p>\n<p><img loading=\"lazy\" decoding=\"async\" class=\"alignnone size-medium wp-image-283\" src=\"https:\/\/wordpress.nibis.de\/gswremen\/files\/2019\/10\/IMG_2957-800x478.jpg\" alt=\"\" width=\"800\" height=\"478\" \/><em>Eingangsbereich (Stand: September 2019)<\/em><\/p>\n<p><img loading=\"lazy\" decoding=\"async\" class=\"alignnone size-medium wp-image-284\" src=\"https:\/\/wordpress.nibis.de\/gswremen\/files\/2019\/10\/IMG_2958-800x478.jpg\" alt=\"\" width=\"800\" height=\"478\" \/>Blick vom Parkplatz (Stand: September 2019)<\/p>\n<p><img loading=\"lazy\" decoding=\"async\" class=\"wp-image-681 alignnone\" src=\"https:\/\/wordpress.nibis.de\/gswremen\/files\/2020\/01\/IMG_3123-e1578056695954.jpg\" alt=\"\" width=\"453\" height=\"605\" \/>Das Geb\u00e4ude ist nun verklinkert und die Fenster sind eingebaut. (Stand: Dezember 2019)<\/p>\n<p><img loading=\"lazy\" decoding=\"async\" class=\"alignnone  wp-image-698\" src=\"https:\/\/wordpress.nibis.de\/gswremen\/files\/2020\/02\/IMG_3154.jpg\" alt=\"\" width=\"415\" height=\"312\" srcset=\"https:\/\/wordpress.nibis.de\/gswremen\/files\/2020\/02\/IMG_3154.jpg 800w, https:\/\/wordpress.nibis.de\/gswremen\/files\/2020\/02\/IMG_3154-768x576.jpg 768w\" sizes=\"auto, (max-width: 415px) 100vw, 415px\" \/> Seitenansicht (Januar 2020)<\/p>\n<p><img loading=\"lazy\" decoding=\"async\" class=\"alignnone  wp-image-697\" src=\"https:\/\/wordpress.nibis.de\/gswremen\/files\/2020\/02\/IMG_3161-e1580719291671.jpg\" alt=\"\" width=\"414\" height=\"552\" \/><br \/>Der Au\u00dfenbereich ist nun gepflastert. (Stand: Januar 2020)<\/p>\n<p>\u00a0<\/p>\n\n","protected":false},"excerpt":{"rendered":"<p>Update (September 2020): Kurz vor den Sommerferien wurde die Mensa fertig gestellt! Aufgrund des eingeschr\u00e4nkten Schulbetriebs konnte sie vor den Ferien aber noch nicht in Betrieb genommen werden.Nun sind die Sch\u00fclerInnen zur\u00fcck im Ganztag und k\u00f6nnen im gro\u00dfen, einladenden Speiseraum ihr Mittagessen zu sich nehmen. Unsere K\u00fcchenfeen kochen in einer gut ausgestatteten K\u00fcche. \u00a0 \u00c4ltere &hellip; <a href=\"https:\/\/wordpress.nibis.de\/gswremen\/aktuelles-zum-mensabau\/\" class=\"more-link\"><span class=\"screen-reader-text\">Aktuelles zum Mensabau<\/span> weiterlesen <span class=\"meta-nav\">&rarr;<\/span><\/a><\/p>\n","protected":false},"author":9193173,"featured_media":0,"parent":0,"menu_order":0,"comment_status":"closed","ping_status":"closed","template":"","meta":{"footnotes":""},"class_list":["post-266","page","type-page","status-publish","hentry"],"_links":{"self":[{"href":"https:\/\/wordpress.nibis.de\/gswremen\/wp-json\/wp\/v2\/pages\/266","targetHints":{"allow":["GET"]}}],"collection":[{"href":"https:\/\/wordpress.nibis.de\/gswremen\/wp-json\/wp\/v2\/pages"}],"about":[{"href":"https:\/\/wordpress.nibis.de\/gswremen\/wp-json\/wp\/v2\/types\/page"}],"author":[{"embeddable":true,"href":"https:\/\/wordpress.nibis.de\/gswremen\/wp-json\/wp\/v2\/users\/9193173"}],"replies":[{"embeddable":true,"href":"https:\/\/wordpress.nibis.de\/gswremen\/wp-json\/wp\/v2\/comments?post=266"}],"version-history":[{"count":8,"href":"https:\/\/wordpress.nibis.de\/gswremen\/wp-json\/wp\/v2\/pages\/266\/revisions"}],"predecessor-version":[{"id":817,"href":"https:\/\/wordpress.nibis.de\/gswremen\/wp-json\/wp\/v2\/pages\/266\/revisions\/817"}],"wp:attachment":[{"href":"https:\/\/wordpress.nibis.de\/gswremen\/wp-json\/wp\/v2\/media?parent=266"}],"curies":[{"name":"wp","href":"https:\/\/api.w.org\/{rel}","templated":true}]}}