{"id":293,"date":"2019-10-07T16:49:28","date_gmt":"2019-10-07T14:49:28","guid":{"rendered":"https:\/\/wordpress.nibis.de\/gswremen\/?page_id=293"},"modified":"2021-11-28T20:16:28","modified_gmt":"2021-11-28T19:16:28","slug":"elternmitwirkung","status":"publish","type":"page","link":"https:\/\/wordpress.nibis.de\/gswremen\/elternmitwirkung\/","title":{"rendered":"Elternmitwirkung"},"content":{"rendered":"\n<p>Als Eltern haben Sie die M\u00f6glichkeit, das Schulleben aktiv mitzugestalten. Wir freuen uns \u00fcber jede Unterst\u00fctzung. Immer wieder suchen wir helfende H\u00e4nde (und auch K\u00f6pfe) f\u00fcr die B\u00fccherei, f\u00fcr das Schneiden von Obst, als Hilfe bei Bastelaktionen, als Begleitung auf Ausfl\u00fcgen, als Lesem\u00fctter\u2026).<\/p>\n<p>Auf dem ersten Elternabend der 1. Klasse und der 3. Klasse k\u00f6nnen Sie sich zur Wahl des Klassenelternvertreters\/der Klassenelternvertreterin sowie des Klassenkonferenzvertreters\/der Klassenkonferenzvertreterin aufstellen lassen.<\/p>\n<p>Als gew\u00e4hlte\/r Klassenelternvertreter\/in sind Sie Klassenvertreter\/in im Schulelternrat, als gew\u00e4hlte\/r Klassenkonferenzvertreter\/in nehmen Sie an Klassen- und Zeugniskonferenzen teil.<\/p>\n<p>Die im Schulelternrat gew\u00e4hlten Vorsitzenden sind Mitglieder des Schulvorstandes.<\/p>\n<p>Sie werden jeweils f\u00fcr 2 Jahre in das entsprechende Gremium gew\u00e4hlt.<\/p>\n<p>Wenn Sie als Elternvertreter in der Schule mitwirken m\u00f6chten oder dies bereits tun und sich weiter \u00fcber Ihre Arbeit informieren m\u00f6chten, klicken Sie <a href=\"https:\/\/www.landesschulbehoerde-niedersachsen.de\/themen\/schueler\/zusammenarbeit-erziehungsberechtigte\">hier<\/a>.<\/p>\n<p>\u00a0<\/p>\n","protected":false},"excerpt":{"rendered":"<p>Als Eltern haben Sie die M\u00f6glichkeit, das Schulleben aktiv mitzugestalten. Wir freuen uns \u00fcber jede Unterst\u00fctzung. Immer wieder suchen wir helfende H\u00e4nde (und auch K\u00f6pfe) f\u00fcr die B\u00fccherei, f\u00fcr das Schneiden von Obst, als Hilfe bei Bastelaktionen, als Begleitung auf Ausfl\u00fcgen, als Lesem\u00fctter\u2026). Auf dem ersten Elternabend der 1. Klasse und der 3. Klasse k\u00f6nnen &hellip; <a href=\"https:\/\/wordpress.nibis.de\/gswremen\/elternmitwirkung\/\" class=\"more-link\"><span class=\"screen-reader-text\">Elternmitwirkung<\/span> weiterlesen <span class=\"meta-nav\">&rarr;<\/span><\/a><\/p>\n","protected":false},"author":9193173,"featured_media":0,"parent":0,"menu_order":0,"comment_status":"closed","ping_status":"closed","template":"","meta":{"footnotes":""},"class_list":["post-293","page","type-page","status-publish","hentry"],"_links":{"self":[{"href":"https:\/\/wordpress.nibis.de\/gswremen\/wp-json\/wp\/v2\/pages\/293","targetHints":{"allow":["GET"]}}],"collection":[{"href":"https:\/\/wordpress.nibis.de\/gswremen\/wp-json\/wp\/v2\/pages"}],"about":[{"href":"https:\/\/wordpress.nibis.de\/gswremen\/wp-json\/wp\/v2\/types\/page"}],"author":[{"embeddable":true,"href":"https:\/\/wordpress.nibis.de\/gswremen\/wp-json\/wp\/v2\/users\/9193173"}],"replies":[{"embeddable":true,"href":"https:\/\/wordpress.nibis.de\/gswremen\/wp-json\/wp\/v2\/comments?post=293"}],"version-history":[{"count":4,"href":"https:\/\/wordpress.nibis.de\/gswremen\/wp-json\/wp\/v2\/pages\/293\/revisions"}],"predecessor-version":[{"id":1140,"href":"https:\/\/wordpress.nibis.de\/gswremen\/wp-json\/wp\/v2\/pages\/293\/revisions\/1140"}],"wp:attachment":[{"href":"https:\/\/wordpress.nibis.de\/gswremen\/wp-json\/wp\/v2\/media?parent=293"}],"curies":[{"name":"wp","href":"https:\/\/api.w.org\/{rel}","templated":true}]}}