{"id":30,"date":"2019-09-29T13:42:37","date_gmt":"2019-09-29T11:42:37","guid":{"rendered":"https:\/\/wordpress.nibis.de\/gswremen\/?page_id=30"},"modified":"2025-05-08T09:31:47","modified_gmt":"2025-05-08T07:31:47","slug":"impressum","status":"publish","type":"page","link":"https:\/\/wordpress.nibis.de\/gswremen\/impressum\/","title":{"rendered":"Impressum"},"content":{"rendered":"\n<p>Land Niedersachsen (Dienstanbieter im Sinne des Telemediengesetzes)<\/p>\n<p>Das Land Niedersachsen ist eine juristische Person des \u00f6ffentlichen Rechts vertreten durch<\/p>\n<p>Schulleitung:<br \/>Natalie Glomb, Schulleiterin<\/p>\n<p>Tjede-Peckes-Grundschule Wremen<br \/>Wremer Str. 99<\/p>\n<p>27639 Wurster Nordseek\u00fcste<br \/>Tel: 04705 &#8211; 408<br \/>Fax: 04705 &#8211; 810877<br \/>Email: &#103;&#x73;-&#x77;&#x72;&#101;&#x6d;e&#x6e;&#x40;&#119;&#x75;r&#x73;&#x74;&#101;&#x72;n&#x6f;&#x72;&#100;&#x73;e&#x65;&#x6b;&#117;&#x65;s&#x74;&#x65;&#46;&#x64;e<\/p>\n<p>Diese Webseite beinhaltet externe Links. Deren Inhalte entziehen sich unserer Einflussnahme, sodass eine Gew\u00e4hr f\u00fcr solche Inhalte von uns nicht \u00fcbernommen werden kann.<\/p>\n<p>Die Verantwortung liegt stets beim jeweiligen Betreiber der externen Seiten. Zum Zeitpunkt der Verkn\u00fcpfung der externen Links waren keine Rechtsverst\u00f6\u00dfe ersichtlich. Die permanente \u00dcberwachung fremder Inhalte auf Rechtsverst\u00f6\u00dfe ohne konkrete Hinweise ist uns nicht zumutbar.<\/p>\n<p>Sollten wir Kenntnis von Rechtsverletzungen erlangen, werden wir die entsprechenden externen Links unverz\u00fcglich entfernen.<\/p>\n","protected":false},"excerpt":{"rendered":"<p>Land Niedersachsen (Dienstanbieter im Sinne des Telemediengesetzes) Das Land Niedersachsen ist eine juristische Person des \u00f6ffentlichen Rechts vertreten durch Schulleitung:Natalie Glomb, Schulleiterin Tjede-Peckes-Grundschule WremenWremer Str. 99 27639 Wurster Nordseek\u00fcsteTel: 04705 &#8211; 408Fax: 04705 &#8211; 810877Email: g&#115;&#45;&#x77;&#x72;e&#109;&#101;&#x6e;&#x40;&#x77;u&#114;&#115;&#x74;&#x65;rn&#111;&#x72;&#x64;&#x73;e&#101;&#107;&#x75;&#x65;st&#101;&#x2e;&#x64;&#x65; Diese Webseite beinhaltet externe Links. Deren Inhalte entziehen sich unserer Einflussnahme, sodass eine Gew\u00e4hr f\u00fcr solche Inhalte von uns &hellip; <a href=\"https:\/\/wordpress.nibis.de\/gswremen\/impressum\/\" class=\"more-link\"><span class=\"screen-reader-text\">Impressum<\/span> weiterlesen <span class=\"meta-nav\">&rarr;<\/span><\/a><\/p>\n","protected":false},"author":9193173,"featured_media":0,"parent":0,"menu_order":0,"comment_status":"closed","ping_status":"closed","template":"","meta":{"footnotes":""},"class_list":["post-30","page","type-page","status-publish","hentry"],"_links":{"self":[{"href":"https:\/\/wordpress.nibis.de\/gswremen\/wp-json\/wp\/v2\/pages\/30","targetHints":{"allow":["GET"]}}],"collection":[{"href":"https:\/\/wordpress.nibis.de\/gswremen\/wp-json\/wp\/v2\/pages"}],"about":[{"href":"https:\/\/wordpress.nibis.de\/gswremen\/wp-json\/wp\/v2\/types\/page"}],"author":[{"embeddable":true,"href":"https:\/\/wordpress.nibis.de\/gswremen\/wp-json\/wp\/v2\/users\/9193173"}],"replies":[{"embeddable":true,"href":"https:\/\/wordpress.nibis.de\/gswremen\/wp-json\/wp\/v2\/comments?post=30"}],"version-history":[{"count":3,"href":"https:\/\/wordpress.nibis.de\/gswremen\/wp-json\/wp\/v2\/pages\/30\/revisions"}],"predecessor-version":[{"id":1450,"href":"https:\/\/wordpress.nibis.de\/gswremen\/wp-json\/wp\/v2\/pages\/30\/revisions\/1450"}],"wp:attachment":[{"href":"https:\/\/wordpress.nibis.de\/gswremen\/wp-json\/wp\/v2\/media?parent=30"}],"curies":[{"name":"wp","href":"https:\/\/api.w.org\/{rel}","templated":true}]}}