{"id":310,"date":"2019-10-08T14:35:19","date_gmt":"2019-10-08T12:35:19","guid":{"rendered":"https:\/\/wordpress.nibis.de\/gswremen\/?page_id=310"},"modified":"2022-05-18T13:14:27","modified_gmt":"2022-05-18T11:14:27","slug":"a-e","status":"publish","type":"page","link":"https:\/\/wordpress.nibis.de\/gswremen\/a-e\/","title":{"rendered":"A &#8211; E"},"content":{"rendered":"\n<h5><strong>A<\/strong><\/h5>\n<p><strong><u>Abschied<br \/><\/u><\/strong>Bitte verabschieden Sie Ihr Kind vor dem Geb\u00e4ude. In den ersten Tagen des 1. Schuljahres holen wir Ihr Kind auf dem Mensapatz ab. Danach schafft es den Weg in den Klassenraum allein!<\/p>\n<p><strong><u>Adress\u00e4nderungen<br \/><\/u><\/strong>Bitte geben Sie umgehend jede \u00c4nderung Ihrer Adresse und Telefonnummer im Sekretariat\u00a0 unter <a href=\"&#x6d;&#x61;&#x69;&#x6c;&#x74;&#111;&#58;&#115;&#101;kre&#x74;&#x61;&#x72;&#x69;&#x61;&#x74;&#64;&#103;&#115;wre&#x6d;&#x65;&#x6e;&#x2e;&#x64;&#x65;\">&#x73;&#x65;&#x6b;&#x72;&#101;&#116;&#97;ri&#x61;&#x74;&#x40;&#x67;&#x73;&#119;&#114;&#101;me&#x6e;&#x2e;&#x64;&#x65;<\/a> an.<\/p>\n<p><strong><u>Adventssingen<br \/><\/u><\/strong>Im Advent singen wir mit allen Kindern immer am Montag in der Pausenhalle.<\/p>\n<p><strong><u>Alarmplan<br \/><\/u><\/strong>In jedem Raum befindet sich ein Alarmplan. Dieser wird mit den Kindern besprochen und die entsprechenden Notfallma\u00dfnahmen werden mit den Kindern trainiert.<\/p>\n<p><strong><u>Anfangsunterricht (AU)<br \/><\/u><\/strong>Im ersten Schuljahr werden im Anfangsunterricht die F\u00e4cher Deutsch, Mathe und Sachunterricht miteinander verkn\u00fcpft. Das hei\u00dft dann AU.<\/p>\n<p><strong><u>Anton<br \/><\/u><\/strong>Mit der Anton App f\u00f6rdern die Lehrkr\u00e4fte die individuellen Lernprozesse der Kinder speziell in den Bereichen Deutsch und Mathematik. Die Entscheidung \u00fcber den Einsatz treffen die Fachlehrkr\u00e4fte.<\/p>\n<p><strong><u>Antolin<br \/><\/u><\/strong>Unsere Sch\u00fcler\/innen k\u00f6nnen mit dem web-basierten Programm <a href=\"https:\/\/antolin.westermann.de\/\">Antolin<\/a> ihre Lesekompetenzen ausbauen. Im ersten Schritt wird ein bei Antolin gelistetes Buch gelesen. Im zweiten Schritt k\u00f6nnen sich die Kinder mit ihrem Passwort, das sie von uns bekommen, im Internet bei Antolin einloggen und zum gelesenen Buch Fragen beantworten.\u00a0<\/p>\n<p><strong><u>Arbeits- und Sozialverhalten<br \/><\/u><\/strong>Das Arbeits- und Sozialverhalten wird von den Lehrkr\u00e4ften bewertet und im Zeugnis vermerkt. Kriterien zur Bewertung erfahren die Eltern auf dem Elternabend.<\/p>\n<p><strong><u>Aufsicht<\/u><\/strong><br \/>In jeder Hofpause f\u00fchrt eine Lehrkraft Aufsicht, so dass die Kinder bei Problemen immer eine Ansprechperson vor Ort haben. Zus\u00e4tzliche Aufsichten gibt es auf dem Weg zum Bus und an der Bushaltestelle, vor Schulbeginn im Geb\u00e4ude und in Regenpausen im Klassenraum.<\/p>\n<p><strong><u>Ausfl\u00fcge<\/u><\/strong><br \/>Ausfl\u00fcge auf Schul- oder Klassenebene geh\u00f6ren zu unserem Schulleben dazu. Vor einem Ausflug werden Sie als Eltern von der Schulleitung oder Klassenlehrkraft informiert. Die An- und Abreise erfolgt mit dem Bus oder Zug.<\/p>\n<p><strong><u>Au\u00dferunterrichtliche Angebote am Nachmittag<br \/><\/u><\/strong>Wir sind eine Ganztagsschule, so dass an vier Nachmittagen pro Woche au\u00dferunterrichtliche Angebote stattfinden. Die Eltern melden ihre Kinder verbindlich f\u00fcr ein Schulhalbjahr an. Dazu gibt es zur gegebenen Zeit ein Anmeldeschreiben \u00fcber die Postmappe. Die Angebote werden von Lehrkr\u00e4ften, p\u00e4dagogischen Mitarbeiterinnen und Kooperationspartnern durchgef\u00fchrt.<\/p>\n<p><strong><u>Au\u00dferschulische Lernorte<\/u><\/strong><br \/>Wenn m\u00f6glich, verbinden wir Unterrichtsthemen mit dem Besuch eines au\u00dferschulischen Lernortes. Ortsnah bieten sich das <a href=\"https:\/\/www.wursternordseekueste.de\/erleben\/sehenswertes\/museum-fuer-wattenfischerei\/\">Museum f\u00fcr Wattenfischerei<\/a> in Wremen oder das <a href=\"http:\/\/www.deichmuseum-landwursten.de\/\">Deichmuseum<\/a> in Dorum an. Mit dem Zug ist z. B. der <a href=\"https:\/\/www.parkdersinne-brv.de\/\">Park der Sinne<\/a> in Bremerv\u00f6rde oder der <a href=\"https:\/\/zoo-am-meer-bremerhaven.de\/de\/\">Zoo am Meer<\/a> in Bremerhaven gut erreichbar.<\/p>\n<h5><strong>B<\/strong><\/h5>\n<p><strong><u>Besch\u00e4digungen<br \/><\/u><\/strong>Besch\u00e4digungen m\u00fcssen umgehend im Sekretariat gemeldet werden.<\/p>\n<p><strong><u>Beschwerden<\/u><\/strong><br \/>Gibt es einmal Grund zu einer Beschwerde, stehen wir selbstverst\u00e4ndlich als Ansprechpartner zur Verf\u00fcgung. Scheuen Sie sich nicht; wir sind an Ihrem Anliegen interessiert und freuen uns, wenn wir ein Problem gemeinsam mit Ihnen l\u00f6sen k\u00f6nnen. Wenden Sie sich bitte zun\u00e4chst an die entsprechende Klassen- oder Fachlehrkraft.<\/p>\n<p><strong><u>Betreuung<\/u><\/strong><br \/>F\u00fcr Erstkl\u00e4ssler endet der regul\u00e4re Unterricht nach der 4. Stunde. Auch die Zweitkl\u00e4ssler haben an drei Tagen pro Woche bereits nach der 4. Stunde Unterrichtsschluss. Als Verl\u00e4ssliche Grundschule bieten wir f\u00fcr Erst- und Zweitkl\u00e4ssler eine Betreuung bis 13 Uhr an. In dieser Zeit k\u00fcmmern sich unsere P\u00e4dagogischen Mitarbeiterinnen um die Kinder. Es wird gespielt, gebastelt oder Sport gemacht.<\/p>\n<p><strong><u>Beurlaubung<\/u><\/strong><br \/>F\u00fcr eine eint\u00e4gige Beurlaubung Ihres Kindes (aufgrund von Familienfeiern etc.) wenden Sie sich bitte schriftlich an die Klassenlehrkraft. F\u00fcr alle anderen Beurlaubungen sprechen Sie bitte die Schulleiterin an. Eine Beurlaubung zur Verl\u00e4ngerung der Ferien ist nicht erlaubt.<\/p>\n<p><strong><u>Bewertungskriterien<br \/><\/u><\/strong>Im Unterricht werden die m\u00fcndliche und die schriftliche Mitarbeit anhand von Bewertungskriterien beurteilt. Die Kriterien werden von den Fachkonferenzen festgelegt und zu Beginn des Schuljahres auf dem Elternabend benannt.<\/p>\n<p><strong><u>Bildungs- und Teilhabepaket<\/u><\/strong><br \/>Kinder aus einkommensschwachen Familien haben Anspruch auf Unterst\u00fctzung durch das <a href=\"https:\/\/www.landkreis-cuxhaven.de\/Themenbereiche\/Soziales\/Bildungspaket\">Bildungs- und Teilhabepaket<\/a>. Sie erhalten auf Antrag finanzielle Zusch\u00fcsse f\u00fcr Schulbedarf, Mittagessen, Nachhilfeunterricht oder Ausfl\u00fcge und Klassenfahrten. Bitte setzen Sie sich mit Ihrem Jobcenter in Verbindung!<\/p>\n<p><strong><u>B\u00fccherbus<\/u><\/strong><br \/>Jeden zweiten Freitag (10:20-11:10 Uhr) haben die Kinder die M\u00f6glichkeit, im Klassenverbund w\u00e4hrend der Unterrichtszeit den <a href=\"https:\/\/www.landkreis-cuxhaven.de\/Themenbereiche\/Kultur\/Fahrb%C3%BCcherei-Medienzentrum\">B\u00fccherbus\/die Fahrb\u00fccherei<\/a> zu besuchen. Einen Ausweis erh\u00e4lt jedes Kind auf Antrag gratis. Wenn jemand seine B\u00fccher mal vergessen hat oder wenn eine Klasse den Freitagstermin nicht einhalten konnte, kann der B\u00fccherbus auch jeden zweiten Dienstag von 16:10-16:40 Uhr an der Grundschule besucht werden.<\/p>\n<p><strong><u>B\u00fccherei<\/u><\/strong><br \/>Unsere kleine Schulb\u00fccherei hat voraussichtlich jeden Dienstag und Donnerstag von 7:45 Uhr bis 8:00 Uhr ge\u00f6ffnet. Ausweise gibt es gratis nach Anmeldung direkt vor Ort.<\/p>\n<p><strong><u>Busse<\/u><\/strong><br \/>F\u00fcr unsere Buskinder fahren die Busse nach Mulsum, Misselwarden und Padingb\u00fcttel t\u00e4glich nach der 5. Stunde und nachmittags nach dem Angebot. \u00a0Eine Busaufsicht ist vor Ort und hilft beim Einsteigen in den richtigen Bus. Busfahrkarten erhalten alle Kinder, die au\u00dferhalb von Wremen wohnen, am Anfang des Schuljahres.<br \/>Wenn Ihr Kind ausnahmsweise nicht mit dem Bus f\u00e4hrt, melden Sie es bitte im Sekretariat bzw. bei der Busaufsicht ab, so dass wir es nicht vermissen!<\/p>\n<h5><strong>C<\/strong><\/h5>\n<p><strong><u>CuxBuS<\/u><\/strong><br \/>CuxBuS ist die Abk\u00fcrzung f\u00fcr das \u201eCuxhavener Beratungs- und Unterst\u00fctzungssystem\u201c. Es handelt sich hierbei um einen mobilen Dienst der Landesschulbeh\u00f6rde, der uns und Sie als Eltern bei Fragen zu schulischen Problemen im Bereich der emotionalen und sozialen Entwicklung ber\u00e4t und unterst\u00fctzt.<\/p>\n<h5><strong>D<\/strong><\/h5>\n<p><strong><u>Datenschutz<\/u><\/strong><br \/>Wir sch\u00fctzen sensible und personenbezogene Daten unserer Sch\u00fclerInnen entsprechend der Datenschutzgrundverordnung. Auch wenn es manchmal l\u00e4stig erscheint \u2013 mit dem Ausf\u00fcllen unserer Datenschutzerkl\u00e4rungen zur Ver\u00f6ffentlichung von Fotos und Namen Ihres Kindes helfen Sie uns, Ihrem Wunsch nachzukommen. Die Erkl\u00e4rungen k\u00f6nnen jederzeit widerrufen werden.<\/p>\n<p><strong><u>Digitale Medien<\/u><\/strong><br \/>Im Unterricht arbeiten wir mit verschiedenen digitalen Medien. In jedem Klassenzimmer gibt es zwei Laptops, die an das WLAN angeschlossen sind. Zudem ist jede Klasse mit einem ActiveBoard ausgestattet, das in vielen Unterrichtssituationen bereits die Tafel ersetzt. Zum Teil arbeiten wir schon regelm\u00e4\u00dfig mit digitaler Software (z.B. digitale Schulb\u00fccher am ActiveBoard oder Lernsoftware). Im Moment haben wir 10 IPads, die wir im Unterricht einsetzen.<\/p>\n<h5><strong>E<\/strong><\/h5>\n<p><strong><u>Elektronische Ger\u00e4te<\/u><\/strong><br \/>Bitte geben Sie Ihrem Kind keine elektronischen Ger\u00e4te mit in die Schule (Smartphones, Fotoapparate, Spielekonsolen\u2026)<\/p>\n<p><strong><u>Elternabende<\/u><\/strong><br \/>In der Regel werden Sie als Erziehungsberechtigte zweimal pro Schuljahr zum Elternabend eingeladen. Zu Beginn des 1. und des 3. Schuljahres finden in diesem Rahmen die Wahlen der Elternvertreter statt. Zudem erhalten Sie auf den Elternabenden Informationen zur Klassensituation, den Lehrwerken, den Leistungsanforderungen und den Lernzielen.<\/p>\n<p><strong><u>Elterninfo<\/u><\/strong><br \/>Die Elterninfo finden Sie in regelm\u00e4\u00dfigen Abst\u00e4nden im IServ Postfach Ihres Kindes. Bitte nehmen Sie sich Zeit zum Lesen der Elterninfo. Zum Teil finden Sie hier wichtige Informationen, die Ihre Mitarbeit erfordern!<\/p>\n<p><strong><u>Elternmitwirkung<\/u><\/strong><br \/>Als Eltern haben Sie die M\u00f6glichkeit, das Schulleben aktiv mitzugestalten. Wir freuen uns \u00fcber jede helfende Hand. Immer wieder suchen wir flei\u00dfige Helfer f\u00fcr die B\u00fccherei, f\u00fcr das Schneiden von Obst, als Hilfe bei Bastelaktionen, als Begleitung auf Ausfl\u00fcgen, als Lesem\u00fctter\u2026).<br \/>Als gew\u00e4hlte Klassenelternvertreter sind Sie Mitglied im Schulelternrat, als gew\u00e4hlter Klassenkonferenzvertreter nehmen Sie an Klassen- und Zeugniskonferenzen teil.<\/p>\n<p><strong><u>Elternsprechtage<\/u><\/strong><br \/>Zweimal pro Halbjahr werden Sie von der Klassenlehrkraft zum Elternsprechtag eingeladen (November und April). Hier haben Sie die M\u00f6glichkeit, Fragen zu stellen und sich \u00fcber den Lern- und Leistungsstand Ihres Kindes zu informieren. Au\u00dferhalb dieser Termine sind wir ebenfalls ansprechbar!<\/p>\n<p><strong><u>Einschulung<\/u><\/strong><br \/>J\u00e4hrlich am 1. Samstag nach den Sommerferien finden in Niedersachsen die Einschulungen statt. Wir starten diesen besonderen Tag mit einem Einschulungsgottesdienst in der <a href=\"https:\/\/www.kirche-wesermuende.de\/das_sind_wir\/kirchengemeinden\/wremen\">Wremer Kirche<\/a>; im Anschluss werden die neuen Erstkl\u00e4ssler von ihren Paten der 4. Klassen zur Schule begleitet. Hier finden dann die Einschulungsfeier und die erste Unterrichtsstunde statt.<\/p>\n<p><strong><u>Entgeltliche Schulbuchausleihe<br \/><\/u><\/strong>Sie haben die M\u00f6glichkeit, Schulb\u00fccher als Paket und gegen Entgelt auszuleihen. Dazu gibt die Klassenleitung vor dem neuen Schuljahr einen Ausleihzettel aus, dem Sie weitere wichtige Infos dazu entnehmen k\u00f6nnen. Damit die B\u00fccher m\u00f6glichst lange halten, schlagen Sie sie bitte mit einem Schutzumschlag ein. Bei Verlust oder Besch\u00e4digung muss die Schule Schadensersatz verlangen.<\/p>\n<p><strong><u>Entschuldigungen<br \/><\/u><\/strong>Ist Ihr Kind erkrankt, benachrichtigen Sie bitte unbedingt die Schule bis 07.45 Uhr telefonisch 04705-408 oder per Mail \u00fcber IServ &#115;&#x65;k&#114;&#x65;t&#97;&#x72;i&#97;&#x74;&#64;&#103;&#x73;w&#114;&#x65;m&#101;&#x6e;&#46;&#100;&#x65;. Dann sind wir sicher, dass Ihrem Kind auf dem Schulweg nichts passiert ist.<\/p>\n<p>Sollte die Krankheit l\u00e4nger als drei Tage dauern, reichen Sie bitte ein \u00e4rztliches Attest ein.<\/p>\n","protected":false},"excerpt":{"rendered":"<p>A AbschiedBitte verabschieden Sie Ihr Kind vor dem Geb\u00e4ude. In den ersten Tagen des 1. Schuljahres holen wir Ihr Kind auf dem Mensapatz ab. Danach schafft es den Weg in den Klassenraum allein! Adress\u00e4nderungenBitte geben Sie umgehend jede \u00c4nderung Ihrer Adresse und Telefonnummer im Sekretariat\u00a0 unter &#x73;e&#x6b;&#114;e&#x74;&#97;&#x72;&#105;a&#x74;&#64;&#x67;&#115;w&#x72;&#101;&#x6d;&#x65;n&#x2e;&#100;e an. AdventssingenIm Advent singen wir mit allen Kindern &hellip; <a href=\"https:\/\/wordpress.nibis.de\/gswremen\/a-e\/\" class=\"more-link\"><span class=\"screen-reader-text\">A &#8211; E<\/span> weiterlesen <span class=\"meta-nav\">&rarr;<\/span><\/a><\/p>\n","protected":false},"author":9193173,"featured_media":0,"parent":0,"menu_order":0,"comment_status":"closed","ping_status":"closed","template":"","meta":{"footnotes":""},"class_list":["post-310","page","type-page","status-publish","hentry"],"_links":{"self":[{"href":"https:\/\/wordpress.nibis.de\/gswremen\/wp-json\/wp\/v2\/pages\/310","targetHints":{"allow":["GET"]}}],"collection":[{"href":"https:\/\/wordpress.nibis.de\/gswremen\/wp-json\/wp\/v2\/pages"}],"about":[{"href":"https:\/\/wordpress.nibis.de\/gswremen\/wp-json\/wp\/v2\/types\/page"}],"author":[{"embeddable":true,"href":"https:\/\/wordpress.nibis.de\/gswremen\/wp-json\/wp\/v2\/users\/9193173"}],"replies":[{"embeddable":true,"href":"https:\/\/wordpress.nibis.de\/gswremen\/wp-json\/wp\/v2\/comments?post=310"}],"version-history":[{"count":7,"href":"https:\/\/wordpress.nibis.de\/gswremen\/wp-json\/wp\/v2\/pages\/310\/revisions"}],"predecessor-version":[{"id":1213,"href":"https:\/\/wordpress.nibis.de\/gswremen\/wp-json\/wp\/v2\/pages\/310\/revisions\/1213"}],"wp:attachment":[{"href":"https:\/\/wordpress.nibis.de\/gswremen\/wp-json\/wp\/v2\/media?parent=310"}],"curies":[{"name":"wp","href":"https:\/\/api.w.org\/{rel}","templated":true}]}}