{"id":312,"date":"2019-10-08T14:35:38","date_gmt":"2019-10-08T12:35:38","guid":{"rendered":"https:\/\/wordpress.nibis.de\/gswremen\/?page_id=312"},"modified":"2022-05-18T13:20:06","modified_gmt":"2022-05-18T11:20:06","slug":"f-n","status":"publish","type":"page","link":"https:\/\/wordpress.nibis.de\/gswremen\/f-n\/","title":{"rendered":"F &#8211; N"},"content":{"rendered":"\n<h5><strong>F<\/strong><\/h5>\n<p><strong><u>Fachkonferenz<br \/><\/u><\/strong>F\u00fcr jedes Fach gibt es eine Fachkonferenz. In der Fachkonferenz werden alle Angelegenheiten, die das Fach betreffen, beraten und beschlossen. Mitglieder der Fachkonferenzen sind alle Lehrkr\u00e4fte, die dieses Fach unterrichten sowie die dazu gew\u00e4hlten Elternvertretungen.<\/p>\n<p><strong><u>Fachlehrkr\u00e4fte<br \/><\/u><\/strong>In jeder Klasse unterrichten neben der Klassenlehrkraft auch Fachlehrkr\u00e4fte. Eins der Hauptf\u00e4cher (Deutsch, Mathematik oder Sachunterricht) muss verpflichtend durch eine Fachlehrkraft unterrichtet werden.<\/p>\n<p><strong><u>Fahrr\u00e4der<br \/><\/u><\/strong>Auf dem Mensaplatz befinden sich Abstellm\u00f6glichkeiten f\u00fcr Fahrr\u00e4der. Bitte beachten Sie, dass aus Sicherheitsgr\u00fcnden das Befahren auf dem Schulhof nicht gestattet ist. Die Fahrr\u00e4der m\u00fcssen verkehrssicher sein.<\/p>\n<p><strong><u>Fahrradpr\u00fcfung<br \/><\/u><\/strong>Am Ende der Klasse 4 f\u00fchren wir in Kooperation mit der Polizei eine Fahrradpr\u00fcfung durch. Hierbei werden die Fahrr\u00e4der auf ihre Verkehrstauglichkeit gepr\u00fcft. Zuvor werden Verkehrsregeln trainiert und schriftlich abgefragt. Am Tag der Fahrradpr\u00fcfung stellen die Kinder ihre Fahr- und Verkehrssicherheit mit einer beobachteten Radtour durch den Ort unter Beweis.<\/p>\n<p><strong><u>Ferien<\/u><\/strong><br \/>Die Ferientermine finden Sie auf unserer Homepage. Bitte beachten Sie, dass nur an den Tagen der Zeugnisausgabe (vor den Zeugnisferien und vor den Sommerferien) ein verk\u00fcrzter Unterricht stattfindet (Unterrichtsschluss nach der 3. Stunde!). Vor allen anderen Ferien findet regul\u00e4rer Schul- und GTS-Betrieb statt.<\/p>\n<p><strong><u>Ferienbetreuung<br \/><\/u><\/strong>Die Gemeinde Wurster Nordseek\u00fcste bietet in einigen Ferien eine Ferienbetreuung an. Anmeldeb\u00f6gen erhalten Sie auf Nachfrage \u00fcber IServ vom Sekretariat oder \u00fcber die Gemeinde.<\/p>\n<p><strong><u>Feste<\/u><\/strong><br \/>Es gibt Feste im Jahr, die feiern wir regelm\u00e4\u00dfig mit der ganzen Schule. Dazu z\u00e4hlen das Erntedankfest, die Weihnachtsfeier und die Verabschiedung der Viertkl\u00e4ssler.<\/p>\n<p><strong><u>F\u00f6rderschullehrkraft<\/u><\/strong><br \/>Zur Unterst\u00fctzung von Kindern mit F\u00f6rderbedarf, aber auch f\u00fcr den allt\u00e4glichen Unterst\u00fctzungsbedarf steht uns unsere F\u00f6rderschullehrkraft mit 14 Wochenstunden zur Verf\u00fcgung. Frau Grahlmann ist immer montags, mittwochs und freitags an unserer Schule.<\/p>\n<p><strong><u>F\u00f6rderunterricht<br \/><\/u><\/strong>Um die Kinder nach ihren M\u00f6glichkeiten zu f\u00f6rdern, gibt es F\u00f6rderunterricht. Dabei wird in Kleingruppen oder im Klassenverband zus\u00e4tzlich gef\u00f6rdert. Die F\u00f6rderung findet meistens parallel zum Unterricht statt.<\/p>\n<p><strong><u>F\u00f6rderverein<\/u><\/strong><br \/>Unser F\u00f6rderverein ist mehr als nur eine helfende Hand im Schulbetrieb. Regelm\u00e4\u00dfig profitieren wir von der finanziellen Unterst\u00fctzung f\u00fcr z.B. Ausfl\u00fcge sowie von materiellen Spenden. Damit der F\u00f6rderverein uns weiter so kraftvoll unterst\u00fctzen kann, sind wir auf Ihre Hilfe angewiesen. Werden Sie Mitglied!<\/p>\n<p><strong><u>Freitagskreis<\/u><\/strong><br \/>Jeden zweiten Freitag treffen sich alle Klassen in der Pausenhalle zum Freitagskreis: Wir ehren die Geburtstagskinder der vergangenen zwei Wochen, besprechen wichtige Dinge und singen unser Schullied. Manchmal f\u00fchren Klassen auch auf der B\u00fchne eine Kleinigkeit auf.<\/p>\n<p><strong><u>Fr\u00fchst\u00fcck<\/u><\/strong><br \/>Wir legen Wert auf eine gesunde und ausgewogene Ern\u00e4hrung. Bitte geben Sie Ihrem Kind ausreichend und gesundes Fr\u00fchst\u00fcck mit und verzichten Sie auf \u201eZuckergetr\u00e4nke\u201c. Wir nehmen am <a href=\"https:\/\/www.schulprogramm.niedersachsen.de\/\">Schulobstprogramm<\/a> teil, so dass unsere Sch\u00fclerinnen und Sch\u00fcler dienstags und mittwochs in der Fr\u00fchst\u00fcckspause kostenlos frisches Obst erhalten.<\/p>\n<p><strong><u>Fundsachen<\/u><\/strong><br \/>Unser Kleiderst\u00e4nder in der Pausenhalle ist immer gut gef\u00fcllt mit Jacken, Hausschuhen, M\u00fctzen usw. Einige (zum Teil auch hochwertige) Fundsachen werden scheinbar auch \u00fcber Wochen und Monate nicht vermisst. Bitte schauen Sie regelm\u00e4\u00dfig nach, ob Sie dort Kleidung von Ihrem Kind wiederfinden. Alles wird bis zu den Ferien gesammelt. Nach diesem Zeitpunkt werden nicht abgeholte Sachen weggegeben.<\/p>\n<h5><strong>G<\/strong><\/h5>\n<p><strong><u>Gesamtkonferenz<br \/><\/u><\/strong>In der Gesamtkonferenz sind alle Lehrkr\u00e4fte sowie die dazu gew\u00e4hlten Elternvertretungen vertreten. Alle Personen sind stimmberechtigt. In der Gesamtkonferenz werden wichtige Angelegenheiten im Hinblick auf die didaktische und p\u00e4dagogische Arbeit geregelt.<\/p>\n<p><strong><u>Gesetzliche Unfallversicherung<br \/><\/u><\/strong>Alle Kinder sind w\u00e4hrend des Schulbesuchs, bei allen Schulveranstaltungen und auf dem Schulweg gesetzlich unfallversichert. Wird nach einem Unfall der Arzt aufgesucht, ist der Unfall im Sekretariat der Schule sofort anzuzeigen.<\/p>\n<p><strong><u>GTS<\/u><\/strong><br \/>GTS ist die Abk\u00fcrzung f\u00fcr \u201eGanztagsschule\u201c und bezeichnet an unserer Schule den offenen (also freiwilligen) Nachmittagsbetrieb. In der GTS k\u00f6nnen Sie Ihr Kind zum Mittagessen, zur Hausaufgabenbetreuung und zu verschiedenen Angeboten anmelden. In der GTS kann Ihr Kind bis 15:45 Uhr betreut werden.<\/p>\n<h5><strong>H<\/strong><\/h5>\n<p><strong><u>Hausaufgaben<\/u><\/strong><br \/>Hausaufgaben dienen der Festigung und Wiederholung des Unterrichtsinhaltes. Sie werden in den Hauptf\u00e4chern t\u00e4glich (mit Ausnahme vom Freitag) aufgegeben und sollen laut Erlass einen Umfang von rund 30 Minuten haben. Die Hausaufgaben werden so gestellt, dass Ihr Kind diese in der Regel selbstst\u00e4ndig anfertigen kann. Zus\u00e4tzlich zum schriftlichen Teil der Hausaufgaben erh\u00e4lt Ihr Kind ab und zu weitere Aufgaben, z.B. das \u00dcben von Lesetexten oder das Auswendiglernen des Einmaleins.<\/p>\n<p><strong><u>Hausmeister<\/u><\/strong><br \/>Unser Hausmeister k\u00fcmmert sich um alle gro\u00dfen und kleinen Dinge, die im Schulgeb\u00e4ude anfallen und mit etwas handwerklichem Geschick auch ohne die Beauftragung einer Fachfirma repariert werden k\u00f6nnen. Unser Hausmeister ist an zwei bis drei Tagen pro Woche vor Ort.<\/p>\n<p><strong><u>Hausschuhe<br \/><\/u><\/strong>Wir leben einen bewegten Unterricht und deshalb gibt es durchaus Kinder, die auch auf dem Fu\u00dfboden arbeiten. Dieser soll deshalb so sauber wie m\u00f6glich gehalten werden. Aus diesem Grund tragen die Kinder in der Schule Hausschuhe.<\/p>\n<p><strong><u>Heft- und Mappenf\u00fchrung<br \/><\/u><\/strong>Die Fachkonferenzen haben sich z. T. auf einheitliche Bewertungskriterien bei der Heft- und Mappenf\u00fchrung geeinigt. Informationen zu den Kriterien erhalten die Eltern auf dem Elternabend.<\/p>\n<p><strong><u>Hitzefrei<br \/><\/u><\/strong>siehe \u201eUnterrichtsausfall bei extremen Witterungsbedingungen\u201c \u2013 Eine Notfallbetreuung ist auch hier gew\u00e4hrleistet.<\/p>\n<p><strong><u>Homepage<br \/><\/u><\/strong>Alle wichtigen Informationen und Veranstaltungstermine finden Sie auf unserer Homepage: <a href=\"http:\/\/www.grundschule-wremen.de\">www.grundschule-wremen.de<\/a><\/p>\n<h5><strong>I<\/strong><\/h5>\n<p><strong><u>Infektionsschutzgesetz<br \/><\/u><\/strong>Das Infektionsschutzgesetz erhalten die Eltern bei der Schulanmeldung. Bitte informieren Sie uns umgehend bei meldepflichtigen Erkrankungen Ihres Kindes.<\/p>\n<p><strong><u>Inklusion<\/u><\/strong><br \/>Seit mehreren Jahren unterrichten wir Kinder mit und ohne F\u00f6rderbedarf zusammen in einer Klasse. In allen Jahrg\u00e4ngen sind Kinder mit statuierten Unterst\u00fctzungsbedarfen in die Regelklassen integriert und werden hier zielgleich oder auch zieldifferent beschult. Um ihnen eine Regelbeschulung zu erleichtern, arbeiten einige Kinder auch mit Schulassistenzen.<\/p>\n<p><strong><u>Internet<br \/><\/u><\/strong>Im Rahmen der Medienerziehung nutzen die Kinder unter Anleitung das Internet (z. B. Recherche f\u00fcr Referate). Dabei sollen die Kinder vornehmlich Kinder-Suchmaschinen benutzen.<\/p>\n<p><strong><u>IServ<br \/><\/u><\/strong>Wir nutzen in unserer Schule IServ als Kommunikationsplattform. Jedes Kind erh\u00e4lt nach Best\u00e4tigung der Nutzungsordnung einen eigenen Zugang. Hier k\u00f6nnen wichtige Informationen rund um den Schulalltag ausgetauscht werden. Bitte kontrollieren Sie das Postfach t\u00e4glich.<\/p>\n<h5><strong>K<\/strong><\/h5>\n<p><strong><u>Kerncurriculum<br \/><\/u><\/strong>In jedem Unterrichtsfach gibt es ein Kerncurriculum, in dem steht, welche Kompetenzen die Kinder am Ende der Jahrgangsstufen 2 und 4 erreicht haben sollen. Die Fachkonferenzen entwickeln aus diesen Kompetenzvorgaben schuleigene Arbeitspl\u00e4ne.<\/p>\n<p><strong><u>Kinderg\u00e4rten<\/u><\/strong><br \/>Viele unserer Sch\u00fclerInnen haben vor der Einschulung die Kinderg\u00e4rten in Wremen, Padingb\u00fcttel und in Dorum besucht. Es findet ein regelm\u00e4\u00dfiger Austausch zwischen Kinderg\u00e4rten und Schule statt, um jedem Kind einen guten Schulstart zu erm\u00f6glichen. Des Weiteren haben die Dritt- und Viertkl\u00e4ssler die M\u00f6glichkeit, im Kindergarten in Wremen angehenden Schulkindern vorzulesen.<\/p>\n<p><strong><u>Klassenarbeiten<br \/><\/u><\/strong>Klassenarbeiten dienen zur Lernkontrolle und Leistungsbewertung. Sie werden eine Woche vorher angek\u00fcndigt. Die Termine f\u00fcr die Klassenarbeiten stehen an der Tafel im Klassenraum und werden von den Kindern abgeschrieben. Benotete Klassenarbeiten werden ab der Klasse 3 geschrieben.<\/p>\n<p><strong><u>Klassenbuch<br \/><\/u><\/strong>Im Klassenbuch werden von den Lehrkr\u00e4ften die einzelnen Unterrichtsf\u00e4cher und -inhalte eingetragen. Au\u00dferdem wird notiert, welche Kinder zu sp\u00e4t kommen oder fehlen. Als unentschuldigt gilt ein Kind, wenn nicht bis 07.45 Uhr zumindest eine telefonische Information in der Schule eingegangen ist.<\/p>\n<p><strong><u>Klassendienste<br \/><\/u><\/strong>Wir f\u00f6rdern die Selbstst\u00e4ndigkeit der Kinder, indem wir ihnen Aufgaben f\u00fcr das Gemeinschaftsleben \u00fcbertragen. So gibt es in jeder Klasse unterschiedliche Dienste (z. B. Blumendienst, M\u00fclldienst), die von den Kindern im Wechsel \u00fcbernommen werden.<\/p>\n<p><strong><u>Klassenfahrt<\/u><\/strong><strong><u><br \/><\/u><\/strong>Wir versuchen es zu erm\u00f6glichen, dass jede Klasse im 3. oder 4. Schuljahr auf Klassenfahrt f\u00e4hrt. Zielorte sind Jugendherbergen oder Jugendhotels in der n\u00e4heren Umgebung.<\/p>\n<p><strong><u>Klassenkonferenz<br \/><\/u><\/strong>F\u00fcr jede Klasse gibt es eine Klassenkonferenz. Sie besteht aus den unterrichtenden Lehrkr\u00e4ften der Klasse und jeweils zwei Elternvertretern. Sie k\u00fcmmert sich um die Angelegenheiten der Klasse und der einzelnen Sch\u00fcler wie z. B. Zeugnisse, Versetzungen und besondere Ma\u00dfnahmen.<\/p>\n<p><strong><u>Klassenlehrkraft<br \/><\/u><\/strong>Die Klassenlehrkraft ist immer der erste Ansprechpartner bei allen Belangen.<\/p>\n<p><strong><u>Kompetenzraster<br \/><\/u><\/strong>Wir dokumentieren die individuellen Lernst\u00e4nde. In den F\u00e4chern Deutsch und Mathematik benutzen wir dazu Kompetenzraster. Die Lernst\u00e4nde werden auf dem Sprechtag erl\u00e4utert.<\/p>\n<h5><strong>L<\/strong><\/h5>\n<p><strong><u>L\u00e4use<\/u><\/strong><br \/>Kopfl\u00e4usebefall tritt immer wieder mal auf und ist kein Grund zum Sch\u00e4men. Wenn Sie bemerken, dass Ihr Kind L\u00e4use hat, melden Sie das bitte der Schule. Lassen Sie Ihr Kind zu Hause und bek\u00e4mpfen Sie die L\u00e4use mit einem frei verk\u00e4uflichen, in der Apotheke erh\u00e4ltlichen L\u00e4useshampoo. Erst wenn Sie sich davon \u00fcberzeugt haben, dass Ihr Kind l\u00e4usefrei ist, kann es wieder am Unterricht teilnehmen. <br \/>Treten L\u00e4use in der Klasse auf, wird ein Informationszettel an alle Eltern verteilt, der unterschrieben an die Klassenlehrerin zur\u00fcckgegeben werden muss.<br \/><a href=\"https:\/\/wordpress.nibis.de\/gswremen\/files\/2019\/10\/Kopfl\u00e4use_bzga-1.pdf\">Hier<\/a> finden Sie die wichtigsten Infos zu Kopfl\u00e4usen.<\/p>\n<p><strong><u>Lehramtsanw\u00e4rter<\/u><\/strong><br \/>Wir haben regelm\u00e4\u00dfig Lehramtsanw\u00e4rter vom Studienseminar in Cuxhaven in unserer Schule. Diese unterrichten ihre studierten F\u00e4cher in verschiedenen Jahrgangsstufen eigenverantwortlich oder im Rahmen des Ausbildungsunterrichts. F\u00fcr Unterrichtsbesuche sind die entsprechenden Fachseminarleiter\/innen im Unterricht zu Gast.<\/p>\n<p><strong><u>Lehr- und Lernmittel<\/u><\/strong><br \/>Zum Ende des Schuljahres erhalten Sie eine Liste der Lehr- und Lernmittel f\u00fcr das kommende Schuljahr. Arbeitshefte sind Verbrauchsmaterial und m\u00fcssen von Ihnen angeschafft werden, B\u00fccher k\u00f6nnen gegen eine Geb\u00fchr auch ausgeliehen werden. Die Materialliste erhalten Sie direkt von der Klassenlehrkraft (Hefte, Mappen, Kunstsachen\u2026).<\/p>\n<p><strong><u>Leistungsbewertung<br \/><\/u><\/strong>Die Fachkonferenzen legen Kriterien f\u00fcr die Leistungsbewertung fest. Diese werden Ihnen auf den Elternabenden vorgestellt.<\/p>\n<p><strong><u>Leitbild<br \/><\/u><\/strong>Unser Leitbild wurde mit Beteiligung von Eltern und Kindern erstellt und wird st\u00e4ndig evaluiert und weiterentwickelt. Machen Sie sich selbst ein Bild und schauen auf unserer Homepage <a href=\"http:\/\/www.grundschule-wremen.de\">www.grundschule-wremen.de<\/a><\/p>\n<p><strong><u>Lesende Schule<\/u><\/strong><br \/>Zweimal im Jahr findet die \u201eLesende Schule\u201c statt. An diesem Tag wird in der Schule gemeinsam oder alleine gelesen, vorgelesen und zugeh\u00f6rt. Alle machen mit!<\/p>\n<h5><strong>M<\/strong><\/h5>\n<p><strong><u>Masernschutz<br \/><\/u><\/strong>Laut des Infektionsschutzgesetzes sind wir dazu verpflichtet, bei der Schulanmeldung den Masernschutz zu kontrollieren. Beachten Sie dazu das Informationsschreiben bei der Schulanmeldung.<\/p>\n<p><strong><u>Mensa<br \/><\/u><\/strong>In der schuleigenen Mensa wird das Mittagessen von unseren K\u00f6chinnen zubereitet.<\/p>\n<p><strong><u>Mittagessen<br \/><\/u><\/strong>Die Kinder k\u00f6nnen im Rahmen der Ganztagsschule an einem warmen Mittagessen teilnehmen. Eine Anmeldung erfolgt kurz vor den Halbjahren \u00fcber die Postmappe und ist f\u00fcr ein halbes Schuljahr verbindlich. Die Kosten werden von der Gemeinde Wurster Nordseek\u00fcste pauschalisiert und abgebucht.<\/p>\n<p>Damit das Mittagessen f\u00fcr alle angenehm ist, legen wir Wert auf die Vermittlung von angemessenem Verhalten am Tisch.<\/p>\n<p><strong><u>M\u00fcll<br \/><\/u><\/strong>Wir trennen unseren M\u00fcll und haben einen M\u00fclldienst, der mit M\u00fcllzangen auch M\u00fcll vom Schulhof entfernt.<\/p>\n<h5><strong>N<\/strong><\/h5>\n<p><strong><u>Noten<\/u><\/strong><br \/>Ab der 3. Klasse werden in allen F\u00e4chern Noten vergeben. Diese setzen sich aus schriftlichen, m\u00fcndlichen und praktischen Leistungen zusammen. Die Leistungsanforderungen werden den Kindern transparent gemacht und mit der Note gibt es eine individuelle R\u00fcckmeldung. Noten werden anhand von Prozenten berechnet und f\u00fcr die Zeugnisnote unterschiedlich gewichtet.<\/p>\n<p><strong><u>Notfallnummern<\/u><\/strong><br \/>Bitte teilen Sie uns mit, wenn Ihre Telefonnummer sich ge\u00e4ndert hat. Es gibt immer wieder F\u00e4lle, in denen wir zu Hause anrufen m\u00fcssen, die Nummer aber nicht mehr aktuell ist. F\u00fcr Ihr Kind ist es sehr unangenehm, wenn es z.B. mit \u00dcbelkeit in der Schule verweilen muss, weil wir niemanden erreichen k\u00f6nnen.<\/p>\n","protected":false},"excerpt":{"rendered":"<p>F FachkonferenzF\u00fcr jedes Fach gibt es eine Fachkonferenz. In der Fachkonferenz werden alle Angelegenheiten, die das Fach betreffen, beraten und beschlossen. Mitglieder der Fachkonferenzen sind alle Lehrkr\u00e4fte, die dieses Fach unterrichten sowie die dazu gew\u00e4hlten Elternvertretungen. Fachlehrkr\u00e4fteIn jeder Klasse unterrichten neben der Klassenlehrkraft auch Fachlehrkr\u00e4fte. Eins der Hauptf\u00e4cher (Deutsch, Mathematik oder Sachunterricht) muss verpflichtend durch &hellip; <a href=\"https:\/\/wordpress.nibis.de\/gswremen\/f-n\/\" class=\"more-link\"><span class=\"screen-reader-text\">F &#8211; N<\/span> weiterlesen <span class=\"meta-nav\">&rarr;<\/span><\/a><\/p>\n","protected":false},"author":9193173,"featured_media":0,"parent":0,"menu_order":0,"comment_status":"closed","ping_status":"closed","template":"","meta":{"footnotes":""},"class_list":["post-312","page","type-page","status-publish","hentry"],"_links":{"self":[{"href":"https:\/\/wordpress.nibis.de\/gswremen\/wp-json\/wp\/v2\/pages\/312","targetHints":{"allow":["GET"]}}],"collection":[{"href":"https:\/\/wordpress.nibis.de\/gswremen\/wp-json\/wp\/v2\/pages"}],"about":[{"href":"https:\/\/wordpress.nibis.de\/gswremen\/wp-json\/wp\/v2\/types\/page"}],"author":[{"embeddable":true,"href":"https:\/\/wordpress.nibis.de\/gswremen\/wp-json\/wp\/v2\/users\/9193173"}],"replies":[{"embeddable":true,"href":"https:\/\/wordpress.nibis.de\/gswremen\/wp-json\/wp\/v2\/comments?post=312"}],"version-history":[{"count":10,"href":"https:\/\/wordpress.nibis.de\/gswremen\/wp-json\/wp\/v2\/pages\/312\/revisions"}],"predecessor-version":[{"id":1215,"href":"https:\/\/wordpress.nibis.de\/gswremen\/wp-json\/wp\/v2\/pages\/312\/revisions\/1215"}],"wp:attachment":[{"href":"https:\/\/wordpress.nibis.de\/gswremen\/wp-json\/wp\/v2\/media?parent=312"}],"curies":[{"name":"wp","href":"https:\/\/api.w.org\/{rel}","templated":true}]}}