{"id":314,"date":"2019-10-08T14:35:52","date_gmt":"2019-10-08T12:35:52","guid":{"rendered":"https:\/\/wordpress.nibis.de\/gswremen\/?page_id=314"},"modified":"2022-05-18T13:25:48","modified_gmt":"2022-05-18T11:25:48","slug":"o-z","status":"publish","type":"page","link":"https:\/\/wordpress.nibis.de\/gswremen\/o-z\/","title":{"rendered":"o &#8211; z"},"content":{"rendered":"\n<h5><strong>O<\/strong><\/h5>\n<p><strong><u>OGTS<\/u><\/strong><br \/>OGTS ist die Abk\u00fcrzung f\u00fcr \u201eOffene Ganztagsschule\u201c. Das bedeutet, dass der regul\u00e4re Unterricht am Vormittag stattfindet, Sie Ihr Kind aber freiwillig f\u00fcr den Ganztag (Mittagessen, Hausaufgaben und Lernzeit, Angebote) anmelden k\u00f6nnen.<\/p>\n<h5><strong>P<\/strong><\/h5>\n<p><strong><u>P\u00e4dagogische Mitarbeiter<\/u><\/strong><strong><u>innen<\/u><\/strong><br \/>Zurzeit sind an unserer Schule vier P\u00e4dagogische Mitarbeiterinnen t\u00e4tig. Diese sind im Vormittagsbereich f\u00fcr die Betreuung der Erst- und Zweitkl\u00e4ssler zust\u00e4ndig. Im GTS-Betrieb betreuen sie die Kinder beim Mittagessen und bei den Hausaufgaben und bieten Angebote am Nachmittag an. Im Vertretungsunterricht kommen unsere PMs auch zum Einsatz. In diesem Fall wird der Unterricht von der Lehrkraft vorbereitet und die Kinder von der PM beim Arbeiten beaufsichtigt und \u201ebegleitet\u201c.<\/p>\n<p><strong><u>Parken<\/u><\/strong><br \/>Bitte lassen Sie Ihr Kind nicht allein \u00fcber den Parkplatz laufen, es ist (leider) viel Verkehr. Bitte parken oder halten Sie nicht auf der Busspur.<\/p>\n<p><strong><u>Paten<\/u><\/strong><br \/>Jeder Erstkl\u00e4ssler bekommt zur Einschulung einen Paten aus der vierten Klasse. Von diesem erh\u00e4lt es vor allem in den ersten Schulwochen Unterst\u00fctzung in den Pausen, auf dem Schulweg oder im Ganztag.<\/p>\n<p><strong><u>Plattdeutsch<\/u><\/strong><br \/>Tradition wird an unserer Schule gepflegt. Im Laufe der Grundschulzeit begegnen unsere Sch\u00fcler\/innen immer wieder der plattdeutschen Sprache, sei es im Unterricht oder in gemeinsamen Aktionen.<\/p>\n<p><strong><u>Postmappe<br \/><\/u><\/strong>Die gelbe Pappmappe ist die Postmappe und ist neben dem Hausaufgabenheft und IServ eine wichtige M\u00f6glichkeit, Informationen zwischen Elternhaus und Schule einfach zu transportieren.<\/p>\n<p><strong><u>Projekttage\/-woche<br \/><\/u><\/strong>Einige Unterrichtsinhalte lassen sich am besten in Form von Projekttagen oder -wochen vermitteln. Mindestens einmal im Jahr haben wir deshalb Projekttage oder auch eine Projektwoche. Diese besonderen Tage machen viel Spa\u00df.<\/p>\n<h5><strong>R<\/strong><\/h5>\n<p><strong><u>Regenpausen<\/u><\/strong><br \/>Wenn es drau\u00dfen zu nass ist, verbringen wir die Pause im Klassenraum.<\/p>\n<h5><strong>S<\/strong><\/h5>\n<p><strong><u>Schreibschrift<\/u><\/strong><br \/>Ab der zweiten Klasse erlernen die Kinder die Schulausgangsschrift. Wir versprechen uns davon eine fl\u00fcssige und leserliche Handschrift und bereiten die Kinder auf die weiterf\u00fchrenden Schulen vor, die eine Schreibschrift zum Teil voraussetzen. Die Schreibschrift sollen die Kinder konsequent in allen F\u00e4chern anwenden.<\/p>\n<p><strong><u>Sekretariat<\/u><\/strong><br \/>Das Sekretariat ist morgens ab 7 Uhr besetzt. Wenn Sie niemanden erreichen, ist immer ein AB geschaltet, der regelm\u00e4\u00dfig abgeh\u00f6rt wird. Frau Meenzen ist erste Ansprechpartnerin f\u00fcr Sie und Ihre Kinder, wenn es offene Fragen gibt, bei \u00c4nderungen von Adresse oder Telefonnummer, bei Krankmeldungen und wenn ein Pflaster und K\u00fchlpack ben\u00f6tigt wird.<\/p>\n<p><strong><u>Schulelternrat<br \/><\/u><\/strong>Die gew\u00e4hlten Mitglieder aus der Klassenelternschaft bilden den Schulelternrat SER. Der Schulelternrat tagt mindestens zweimal im Jahr und bespricht Anliegen mit der Schulleitung.<\/p>\n<p><strong><u>Schulleitung<br \/><\/u><\/strong>In einer kleinen Grundschule hat die Schulleitung eine hohe Unterrichtsverpflichtung. Bei Bedarf k\u00f6nnen Sie einen telefonischen Termin vereinbaren.<\/p>\n<p><strong><u>Schullied<\/u><\/strong><br \/>Wir singen unser Schullied regelm\u00e4\u00dfig im Freitagskreis.<\/p>\n<p><strong><u>Schulobstprogramm <\/u><\/strong><br \/>Wir machen mit beim <a href=\"https:\/\/www.schulprogramm.niedersachsen.de\/\">nieders\u00e4chsischen Schulobstprogramm<\/a>! W\u00f6chentlich bekommen wir Obst und Gem\u00fcse geliefert, das kostenlos an die Klassen verteilt wird. Mit der Teilnahme an diesem EU-Programm, das von uns p\u00e4dagogisch begleitet wird, wollen wir ein Bewusstsein f\u00fcr eine ausgewogene und gesunde Ern\u00e4hrung schaffen. Obst und Gem\u00fcse werden zum Teil von den Klassen selbst gesch\u00e4lt und geschnitten, zum Teil von engagierten Eltern vorbereitet.<\/p>\n<p><strong><u>Schulranzen<br \/><\/u><\/strong>H\u00e4ufig stellen wir fest, dass der Schulranzen der Kinder viel zu schwer ist. Um Haltungssch\u00e4den vorzubeugen, bieten wir den Kindern in den Klassenr\u00e4umen Ordnungsst\u00e4nder und Ablagesysteme. So m\u00fcssen nur die wichtigsten Dinge transportiert werden und der R\u00fccken bleibt gesund.<\/p>\n<p><strong><u>Schulregeln<\/u><\/strong><br \/>Ihr Kind erh\u00e4lt zur Einschulung unsere Schulregeln in gedruckter Form. Bitte lesen Sie sich diese Regeln gemeinsam mit Ihrem Kind zu Hause durch und geben diese unterschrieben an die Klassenlehrkraft zur\u00fcck.<\/p>\n<p><strong><u>Schult\u00fcte<br \/><\/u><\/strong>Den ersten Tag mit einer Schult\u00fcte zu vers\u00fc\u00dfen, ist eine tolle Idee. Ein kleiner Tipp: Schulmaterialien k\u00f6nnen ebenfalls die Schult\u00fcte f\u00fcllen. Bitte behalten Sie die Schult\u00fcte w\u00e4hrend der Einschulungsfeier bei sich und \u00fcberreichen sie diese erst am Ende der ersten Unterrichtsstunde. Dies erleichtert Ihrem Kind und uns das erste gemeinsame Arbeiten.<\/p>\n<p><strong><u>Schulvorstand<br \/><\/u><\/strong>Der Schulvorstand diskutiert und entscheidet in Zusammenarbeit mit der Gesamtkonferenz die Angelegenheiten der Schule. Er setzt sich aus Vertretern der Lehrkr\u00e4fte und Eltern zusammen.<\/p>\n<p><strong><u>Schulweg<br \/><\/u><\/strong>Bitte f\u00f6rdern Sie die Eigenst\u00e4ndigkeit Ihres Kindes, indem es zu Fu\u00df, mit dem Bus oder auch mit dem Fahrrad zur Schule kommt. So wird unn\u00f6tiger Autoverkehr direkt vor der Schule vermieden, die Sicherheit f\u00fcr die Kinder erh\u00f6ht und die Umwelt entlastet. Die Kinder bewegen sich und tanken Sauerstoff vor und nach der Schule. Die Bew\u00e4ltigung des allein zur\u00fcckgelegten Schulwegs f\u00f6rdert das Selbstbewusstsein und hilft, praktische Erfahrungen im Umgang mit dem Verkehr zu sammeln.<\/p>\n<p><strong><u>Schwimmen<\/u><\/strong><br \/>Im dritten oder vierten Schuljahr findet im Rahmen des Sportunterrichts \u2013 wenn m\u00f6glich \u2013 Schwimmen statt. Mit dem Bus und in Begleitung von einer Lehrkraft mit Rettungsf\u00e4higkeit sowie einer weiteren Aufsichtskraft f\u00e4hrt die Klasse ins Hallenbad nach Bad Bederkesa. Der Schwimmunterricht in der Schule ist allerdings kein Ersatz f\u00fcr einen Schwimmkurs!\u00a0<\/p>\n<p><strong><u>Sicherheit<\/u><\/strong><br \/>Im laufenden Schulbetrieb steht die Sicherheit Ihres Kindes an erster Stelle. Wir haben verschiedene Ma\u00dfnahmen getroffen, um ein h\u00f6chstm\u00f6gliches Ma\u00df an Sicherheit zu gew\u00e4hrleisten: Die Eingangst\u00fcr ist nach Schulbeginn immer verschlossen; bitte klingeln Sie, wenn Sie in das Geb\u00e4ude m\u00f6chten! Vor Unterrichtsbeginn, in den Pausen und an den Bussen ist immer eine Aufsicht anwesend. Wir f\u00fchren regelm\u00e4\u00dfig Feueralarm\u00fcbungen durch. Eine zentrale Rauchmeldeanlage ist installiert, in jedem Raum befinden sich Rauchmelder. Notausstiegsfenster sind gekennzeichnet und vollst\u00e4ndig zu \u00f6ffnen. Erste Hilfe-Koffer befinden sich im Sekretariat, in der K\u00fcche, im Werkraum und in der Sporthalle. Ein Sanit\u00e4tsraum mit Liege befindet sich im Untergeschoss unseres Geb\u00e4udes. Unser Personal nimmt regelm\u00e4\u00dfig an Erste-Hilfe-Kursen (Schwerpunkt Kind) teil.<\/p>\n<p><strong><u>Sportbeutel<br \/><\/u><\/strong>Die Kinder sollen ihren Sportbeutel nach M\u00f6glichkeit am Kleiderhaken vor den Klassenr\u00e4umen lassen. So ist auch einmal f\u00fcr Ersatzkleidung bei schlechter Witterung oder einem Malheur gesorgt. Auch einer extra Stunde Sport au\u00dfer Plan steht dann nichts im Weg. Der Sportbeutel soll zur Reinigung am Wochenende mit nach Hause genommen werden.<\/p>\n<p><strong><u>Sportunterricht<br \/><\/u><\/strong>Damit wir im Sportunterricht viel Bewegungszeit haben, ist es sehr wichtig, dass die Kinder ihre Kleidung z\u00fcgig selbstst\u00e4ndig an- und ausziehen sowie zusammenlegen k\u00f6nnen. Um Verletzungen vorzubeugen, muss aller Schmuck bereits zu Hause abgelegt und lange Haare zusammengebunden werden.<\/p>\n<p><strong><u>Stundenplan<\/u><\/strong><br \/>Sp\u00e4testens am ersten Schultag des Halbjahres erh\u00e4lt Ihr Kind den neuen Stundenplan. Dieser ist in der Regel f\u00fcr ein Halbjahr g\u00fcltig. Es k\u00f6nnen aber auch kurzfristig \u00c4nderungen vorgenommen werden. In diesem Fall wird ein neuer Stundenplan ausgeh\u00e4ndigt.<\/p>\n<h5><strong>T<\/strong><\/h5>\n<p><strong><u>Termine<\/u><\/strong><br \/>Wichtige Termine finden Sie in den regelm\u00e4\u00dfig erscheinenden Elterninfos sowie <a href=\"https:\/\/wordpress.nibis.de\/gswremen\/jahresuebersicht\/\">hier<\/a> auf unserer Homepage. Es kann kurzfristig zu Terminverschiebungen kommen; \u00fcber diese informieren Sie sich am besten online.<\/p>\n<p><strong><u>Theaterfahrt<br \/><\/u><\/strong>In der Adventszeit fahren wir ins Theater. Das ist immer ein besonderes Erlebnis.<\/p>\n<h5><strong>U<\/strong><\/h5>\n<p><strong><u>(Witterungsbedingter) Unterrichtsausfall<\/u><\/strong><br \/>Ein witterungsbedingter Unterrichtsausfall (z.B. bei Sturm oder Glatteis) wird immer auf der Verkehrs-Management-Zentrale (VMZ) Niedersachsen und auch im Radio durchgegeben. Eine Betreuung im Rahmen der VGS ist in diesem Fall aber gesichert!<\/p>\n<h5><strong>V<\/strong><\/h5>\n<p><strong><u>VGS<\/u><\/strong><br \/>VGS ist die Abk\u00fcrzung f\u00fcr Verl\u00e4ssliche Grundschule. Mit der VGS wird gew\u00e4hrleistet, dass Ihr Kind 5 Zeitstunden am St\u00fcck betreut wird, in unserer Schule also von 8:00 Uhr bis 13:00 Uhr. Das gilt bei Bedarf auch an Tagen mit Unterrichtsausfall (z.B. witterungsbedingt oder aufgrund von Fortbildungen des Kollegiums).<\/p>\n<p><strong><u>Verkehrserziehung<\/u><\/strong><br \/>In allen Schuljahren findet Verkehrserziehung statt. In Zusammenarbeit mit der Polizei und dem ADAC sprechen wir mit den Kindern \u00fcber Gefahren auf ihrem Schulweg, \u00fcber Gefahren in der dunklen Jahreszeit und \u00fcber das richtige Verhalten als Fu\u00dfg\u00e4nger, als Fahrradfahrer und als Buskind. In der ersten Klasse erh\u00e4lt jedes Kind eine reflektierende Warnweste.<\/p>\n<p><strong><u>Versetzung<\/u><\/strong><br \/>Im 2. und 3. Schuljahrgang finden am Ende des Schuljahres Versetzungen statt. Wird ein Kind in den n\u00e4chsth\u00f6heren Schuljahrgang versetzt, bedeutet dies, dass wir davon ausgehen, dass Ihr Kind im n\u00e4chsten Schuljahr erfolgreich mitarbeiten kann. Die Versetzung wird immer von der Klassenkonferenz beschlossen und im Zeugnis vermerkt.\u00a0<\/p>\n<p><strong><u>Vertretungsunterricht<\/u><\/strong><br \/>Im Krankheitsfall oder f\u00fcr den seltenen Fall einer Fortbildung am Vormittag m\u00fcssen Kollegen vertreten werden. Vertretungsunterricht findet, wenn m\u00f6glich, durch andere Kollegen oder durch unsere P\u00e4dagogischen Mitarbeiterinnen statt. In kurzfristigen F\u00e4llen m\u00fcssen wir die Klassen auf andere Klassen aufteilen. Die Kinder erhalten dann Arbeitsmaterial, das in der Zeit der Aufteilung bearbeitet werden muss.<\/p>\n<p><strong><u>Vorlesen<\/u><\/strong><br \/>Interessierte Kinder der dritten und vierten Klassen k\u00f6nnen regelm\u00e4\u00dfig im Kindergarten Wremen vorlesen.<\/p>\n<h5><strong>W<\/strong><\/h5>\n<p><strong><u>Weiterf\u00fchrende Schule<\/u><\/strong><br \/>Im vierten Schuljahr finden die Beratungsgespr\u00e4che zum \u00dcbergang an die weiterf\u00fchrenden Schulen statt. Die Anmeldung an die jeweilige Schule muss im zweiten Halbjahr erfolgen. F\u00fcr unseren Ort sind zwei weiterf\u00fchrende Schulen zust\u00e4ndig: Die <a href=\"https:\/\/www.oberschule-dorum.de\/\">Oberschule Dorum<\/a> und das <a href=\"https:\/\/www.gymnasium-wesermuende.de\/\">Gymnasium<\/a> Weserm\u00fcnde. Mit begr\u00fcndetem Antrag k\u00f6nnen Anmeldungen auch an anderen Schulen erfolgen.<\/p>\n<p><strong><u>Wettbewerbe<\/u><\/strong><br \/>Wettbewerbe sind f\u00fcr Kinder immer mit Spannung und Einsatzfreude verbunden. Momentan beteiligen wir uns in den dritten und vierten Klassen im Fach Mathematik am j\u00e4hrlich stattfindenden <a href=\"https:\/\/www.mathe-kaenguru.de\/\">K\u00e4nguru-Wettbewerb<\/a>.<\/p>\n<h5><strong>Z<\/strong><\/h5>\n<p><strong><u>Zeugnisse<\/u><\/strong><br \/>Am Schuljahresende erhalten alle Kinder ein Zeugnis. Die 2. bis 4. Klassen erhalten dar\u00fcber hinaus zum Ende eines Halbjahres ein Halbjahreszeugnis. Auf dem Zeugnis gibt es Informationen zum Arbeits- und Sozialverhalten Ihres Kindes sowie zu seinen Interessen und F\u00e4higkeiten. Auch Fehlzeiten, die Teilnahme an der GTS, bestandene Pr\u00fcfungen (z.B. Radfahrpr\u00fcfung, Schwimmabzeichen) und ein m\u00f6glicher F\u00f6rderbedarf sind dokumentiert. Ab dem dritten Schuljahr stellen wir ein klassisches Notenzeugnis aus. In der ersten und zweiten Klasse gibt es Berichtszeugnisse.<\/p>\n","protected":false},"excerpt":{"rendered":"<p>O OGTSOGTS ist die Abk\u00fcrzung f\u00fcr \u201eOffene Ganztagsschule\u201c. Das bedeutet, dass der regul\u00e4re Unterricht am Vormittag stattfindet, Sie Ihr Kind aber freiwillig f\u00fcr den Ganztag (Mittagessen, Hausaufgaben und Lernzeit, Angebote) anmelden k\u00f6nnen. P P\u00e4dagogische MitarbeiterinnenZurzeit sind an unserer Schule vier P\u00e4dagogische Mitarbeiterinnen t\u00e4tig. Diese sind im Vormittagsbereich f\u00fcr die Betreuung der Erst- und Zweitkl\u00e4ssler zust\u00e4ndig. &hellip; <a href=\"https:\/\/wordpress.nibis.de\/gswremen\/o-z\/\" class=\"more-link\"><span class=\"screen-reader-text\">o &#8211; z<\/span> weiterlesen <span class=\"meta-nav\">&rarr;<\/span><\/a><\/p>\n","protected":false},"author":9193173,"featured_media":0,"parent":0,"menu_order":0,"comment_status":"closed","ping_status":"closed","template":"","meta":{"footnotes":""},"class_list":["post-314","page","type-page","status-publish","hentry"],"_links":{"self":[{"href":"https:\/\/wordpress.nibis.de\/gswremen\/wp-json\/wp\/v2\/pages\/314","targetHints":{"allow":["GET"]}}],"collection":[{"href":"https:\/\/wordpress.nibis.de\/gswremen\/wp-json\/wp\/v2\/pages"}],"about":[{"href":"https:\/\/wordpress.nibis.de\/gswremen\/wp-json\/wp\/v2\/types\/page"}],"author":[{"embeddable":true,"href":"https:\/\/wordpress.nibis.de\/gswremen\/wp-json\/wp\/v2\/users\/9193173"}],"replies":[{"embeddable":true,"href":"https:\/\/wordpress.nibis.de\/gswremen\/wp-json\/wp\/v2\/comments?post=314"}],"version-history":[{"count":12,"href":"https:\/\/wordpress.nibis.de\/gswremen\/wp-json\/wp\/v2\/pages\/314\/revisions"}],"predecessor-version":[{"id":1217,"href":"https:\/\/wordpress.nibis.de\/gswremen\/wp-json\/wp\/v2\/pages\/314\/revisions\/1217"}],"wp:attachment":[{"href":"https:\/\/wordpress.nibis.de\/gswremen\/wp-json\/wp\/v2\/media?parent=314"}],"curies":[{"name":"wp","href":"https:\/\/api.w.org\/{rel}","templated":true}]}}