{"id":382,"date":"2019-10-11T11:46:10","date_gmt":"2019-10-11T09:46:10","guid":{"rendered":"https:\/\/wordpress.nibis.de\/gswremen\/?page_id=382"},"modified":"2019-10-15T15:37:06","modified_gmt":"2019-10-15T13:37:06","slug":"zeitlicher-ablauf-am-nachmittag","status":"publish","type":"page","link":"https:\/\/wordpress.nibis.de\/gswremen\/zeitlicher-ablauf-am-nachmittag\/","title":{"rendered":"Zeitlicher Ablauf am Nachmittag"},"content":{"rendered":"\n\n<table id=\"tablepress-8\" class=\"tablepress tablepress-id-8\">\n<tbody class=\"row-striping row-hover\">\n<tr class=\"row-1\">\n\t<td class=\"column-1\">13:00 - 13:45 Uhr<\/td><td class=\"column-2\">Mittagessen<\/td>\n<\/tr>\n<tr class=\"row-2\">\n\t<td class=\"column-1\">13:45 - 14:00 Uhr<\/td><td class=\"column-2\">Bewegungspause<\/td>\n<\/tr>\n<tr class=\"row-3\">\n\t<td class=\"column-1\">14:00 - 14:45 Uhr<\/td><td class=\"column-2\">Hausaufgabenbetreuung<\/td>\n<\/tr>\n<tr class=\"row-4\">\n\t<td class=\"column-1\">14:45 - 15:45 Uhr<\/td><td class=\"column-2\">Angebote<\/td>\n<\/tr>\n<\/tbody>\n<\/table>\n<!-- #tablepress-8 from cache -->\n<p>Bis 15:45 Uhr befindet sich zus\u00e4tzlich zu den P\u00e4dagogischen Mitarbeitern auch immer eine Lehrkraft als Ansprechpartner im Geb\u00e4ude.&nbsp;<\/p>\n<p><em>Achtung Buskinder!<\/em><br>Falls Ihr Kind nach dem Angebot ausnahmsweise mal nicht mit dem Bus f\u00e4hrt, geben Sie uns unbedingt vorab Bescheid oder melden Sie Ihr Kind bei der Busaufsicht pers\u00f6nlich ab. Wir f\u00fchren Listen der Buskinder und w\u00fcrden Ihr Kind sonst vermissen!<\/p>\n","protected":false},"excerpt":{"rendered":"<p>Bis 15:45 Uhr befindet sich zus\u00e4tzlich zu den P\u00e4dagogischen Mitarbeitern auch immer eine Lehrkraft als Ansprechpartner im Geb\u00e4ude.&nbsp; Achtung Buskinder!Falls Ihr Kind nach dem Angebot ausnahmsweise mal nicht mit dem Bus f\u00e4hrt, geben Sie uns unbedingt vorab Bescheid oder melden Sie Ihr Kind bei der Busaufsicht pers\u00f6nlich ab. Wir f\u00fchren Listen der Buskinder und w\u00fcrden &hellip; <a href=\"https:\/\/wordpress.nibis.de\/gswremen\/zeitlicher-ablauf-am-nachmittag\/\" class=\"more-link\"><span class=\"screen-reader-text\">Zeitlicher Ablauf am Nachmittag<\/span> weiterlesen <span class=\"meta-nav\">&rarr;<\/span><\/a><\/p>\n","protected":false},"author":9193173,"featured_media":0,"parent":0,"menu_order":0,"comment_status":"closed","ping_status":"closed","template":"","meta":{"footnotes":""},"class_list":["post-382","page","type-page","status-publish","hentry"],"_links":{"self":[{"href":"https:\/\/wordpress.nibis.de\/gswremen\/wp-json\/wp\/v2\/pages\/382","targetHints":{"allow":["GET"]}}],"collection":[{"href":"https:\/\/wordpress.nibis.de\/gswremen\/wp-json\/wp\/v2\/pages"}],"about":[{"href":"https:\/\/wordpress.nibis.de\/gswremen\/wp-json\/wp\/v2\/types\/page"}],"author":[{"embeddable":true,"href":"https:\/\/wordpress.nibis.de\/gswremen\/wp-json\/wp\/v2\/users\/9193173"}],"replies":[{"embeddable":true,"href":"https:\/\/wordpress.nibis.de\/gswremen\/wp-json\/wp\/v2\/comments?post=382"}],"version-history":[{"count":4,"href":"https:\/\/wordpress.nibis.de\/gswremen\/wp-json\/wp\/v2\/pages\/382\/revisions"}],"predecessor-version":[{"id":505,"href":"https:\/\/wordpress.nibis.de\/gswremen\/wp-json\/wp\/v2\/pages\/382\/revisions\/505"}],"wp:attachment":[{"href":"https:\/\/wordpress.nibis.de\/gswremen\/wp-json\/wp\/v2\/media?parent=382"}],"curies":[{"name":"wp","href":"https:\/\/api.w.org\/{rel}","templated":true}]}}