{"id":41,"date":"2019-09-29T13:56:10","date_gmt":"2019-09-29T11:56:10","guid":{"rendered":"https:\/\/wordpress.nibis.de\/gswremen\/?page_id=41"},"modified":"2019-10-14T17:20:32","modified_gmt":"2019-10-14T15:20:32","slug":"leitbild","status":"publish","type":"page","link":"https:\/\/wordpress.nibis.de\/gswremen\/leitbild\/","title":{"rendered":"Leitbild"},"content":{"rendered":"\n<p>Wir m\u00f6chten ein Bewusstsein schaffen, dass unser Handeln in Bezug auf unsere Mitmenschen und unsere Umwelt nachhaltig wirkt.<\/p>\n<p>In unserer Schule wollen wir uns r\u00fccksichtsvoll und mit Respekt begegnen. Deshalb schaffen wir R\u00e4ume der Begegnung und setzen im Unterricht kooperative Lernformen ein.<\/p>\n<p>Wir legen Wert auf gemeinsame Aktionen auf Klassen- und Schulebene, um unser Zusammengeh\u00f6rigkeitsgef\u00fchl zu st\u00e4rken.<\/p>\n<p>Uns ist wichtig, dass die Kinder Raum und Zeit haben, um selbstentdeckend, kreativ, handelnd und ganzheitlich zu lernen.<\/p>\n<p>Wir legen Wert darauf, dass alle Kinder Erfolgserlebnisse haben. Wir best\u00e4rken sie in ihrem Lernfortschritt und geben ihnen eine kompetenzorientierte R\u00fcckmeldung.<\/p>\n<p>Uns als Mitarbeiter und Mitarbeiterinnen sind Zeiten der Begegnung und des Austausches wichtig.<\/p>\n<p>Bei allem Tun ist uns wichtig, den Kindern und uns Zeit einzur\u00e4umen.<\/p>\n","protected":false},"excerpt":{"rendered":"<p>Wir m\u00f6chten ein Bewusstsein schaffen, dass unser Handeln in Bezug auf unsere Mitmenschen und unsere Umwelt nachhaltig wirkt. In unserer Schule wollen wir uns r\u00fccksichtsvoll und mit Respekt begegnen. Deshalb schaffen wir R\u00e4ume der Begegnung und setzen im Unterricht kooperative Lernformen ein. Wir legen Wert auf gemeinsame Aktionen auf Klassen- und Schulebene, um unser Zusammengeh\u00f6rigkeitsgef\u00fchl &hellip; <a href=\"https:\/\/wordpress.nibis.de\/gswremen\/leitbild\/\" class=\"more-link\"><span class=\"screen-reader-text\">Leitbild<\/span> weiterlesen <span class=\"meta-nav\">&rarr;<\/span><\/a><\/p>\n","protected":false},"author":9193173,"featured_media":0,"parent":0,"menu_order":0,"comment_status":"closed","ping_status":"closed","template":"","meta":{"footnotes":""},"class_list":["post-41","page","type-page","status-publish","hentry"],"_links":{"self":[{"href":"https:\/\/wordpress.nibis.de\/gswremen\/wp-json\/wp\/v2\/pages\/41","targetHints":{"allow":["GET"]}}],"collection":[{"href":"https:\/\/wordpress.nibis.de\/gswremen\/wp-json\/wp\/v2\/pages"}],"about":[{"href":"https:\/\/wordpress.nibis.de\/gswremen\/wp-json\/wp\/v2\/types\/page"}],"author":[{"embeddable":true,"href":"https:\/\/wordpress.nibis.de\/gswremen\/wp-json\/wp\/v2\/users\/9193173"}],"replies":[{"embeddable":true,"href":"https:\/\/wordpress.nibis.de\/gswremen\/wp-json\/wp\/v2\/comments?post=41"}],"version-history":[{"count":3,"href":"https:\/\/wordpress.nibis.de\/gswremen\/wp-json\/wp\/v2\/pages\/41\/revisions"}],"predecessor-version":[{"id":483,"href":"https:\/\/wordpress.nibis.de\/gswremen\/wp-json\/wp\/v2\/pages\/41\/revisions\/483"}],"wp:attachment":[{"href":"https:\/\/wordpress.nibis.de\/gswremen\/wp-json\/wp\/v2\/media?parent=41"}],"curies":[{"name":"wp","href":"https:\/\/api.w.org\/{rel}","templated":true}]}}