{"id":45,"date":"2019-09-29T14:37:11","date_gmt":"2019-09-29T12:37:11","guid":{"rendered":"https:\/\/wordpress.nibis.de\/gswremen\/?page_id=45"},"modified":"2019-10-15T15:36:43","modified_gmt":"2019-10-15T13:36:43","slug":"wer-war-tjede-peckes","status":"publish","type":"page","link":"https:\/\/wordpress.nibis.de\/gswremen\/wer-war-tjede-peckes\/","title":{"rendered":"Wer war Tjede Peckes?"},"content":{"rendered":"\n<h5><strong>Die Namensgeberin unserer Schule in Stichworten<\/strong><\/h5>\n<ul>\n<li>geboren um 1500 in Padingb\u00fcttel-Oberstrich als Tochter eines freien Bauern,<\/li>\n<\/ul>\n<ul>\n<li>Symbolfigur f\u00fcr die Emanzipation der Frau im Mittelalter. Tjede heiratete bewusst nicht, da sie nur als &#8222;Jungfrau&#8220;, nicht aber als verheiratete Frau die M\u00f6glichkeit besa\u00df, in den Wurster Bauernr\u00e4ten, den politischen Gremien, aktiv mitzuarbeiten, was sie auch intensiv tat,<\/li>\n<\/ul>\n<ul>\n<li>Mitglied einer Frauenbewegung, deren Aktivistinnen sich als Nachfolgerinnen der heiligen Jungfrauen (Maria, Katharina etc.) verstanden und sich als unverheiratet gebliebene Frauen weigerten, wie es damals \u00fcblich war, ins Kloster zu gehen.<\/li>\n<\/ul>\n<ul>\n<li>Beteiligt am Protest der Wurster Bauern, die Steuern auf ihre neu eingedeichten L\u00e4ndereien an den Erzbischof von Bremen bezahlen sollten und ihre &#8222;Freiheit&#8220; eingegrenzt sahen.<\/li>\n<\/ul>\n<ul>\n<li>Fahnentr\u00e4gerin einer gro\u00dfen Gruppe von M\u00e4dchen und Frauen (ca. 500!), die sich in der Entscheidungsschlacht gegen das Heer des Erzbischofs Christopher von Bremen am Kampfgeschehen beteiligte,<\/li>\n<\/ul>\n<ul>\n<li>gefallen im Alter von ca. 17 Jahren in der Schlacht am Wremer Tief. Die Wurster verloren die Schlacht, ihr Land und ihre Freiheit, aber nicht ihren Stolz &#8211; bis heute!<\/li>\n<\/ul>\n<p>Tjede ist auch eine Symbolfigur f\u00fcr die &#8222;guten&#8220; Wurster Charaktereigenschaften: stark, selbstbewusst, eine eigene Meinung vertretend, politisch engagiert, aufm\u00fcpfig und widerborstig gegen\u00fcber &#8222;falscher&#8220; Obrigkeit und bereit, sich f\u00fcr eine \u00dcberzeugung mit aller Kraft gegen alle Widerst\u00e4nde einzusetzen.<\/p>\n<p>\u00a0<\/p>\n","protected":false},"excerpt":{"rendered":"<p>Die Namensgeberin unserer Schule in Stichworten geboren um 1500 in Padingb\u00fcttel-Oberstrich als Tochter eines freien Bauern, Symbolfigur f\u00fcr die Emanzipation der Frau im Mittelalter. Tjede heiratete bewusst nicht, da sie nur als &#8222;Jungfrau&#8220;, nicht aber als verheiratete Frau die M\u00f6glichkeit besa\u00df, in den Wurster Bauernr\u00e4ten, den politischen Gremien, aktiv mitzuarbeiten, was sie auch intensiv tat, &hellip; <a href=\"https:\/\/wordpress.nibis.de\/gswremen\/wer-war-tjede-peckes\/\" class=\"more-link\"><span class=\"screen-reader-text\">Wer war Tjede Peckes?<\/span> weiterlesen <span class=\"meta-nav\">&rarr;<\/span><\/a><\/p>\n","protected":false},"author":9193173,"featured_media":0,"parent":0,"menu_order":0,"comment_status":"closed","ping_status":"closed","template":"","meta":{"footnotes":""},"class_list":["post-45","page","type-page","status-publish","hentry"],"_links":{"self":[{"href":"https:\/\/wordpress.nibis.de\/gswremen\/wp-json\/wp\/v2\/pages\/45","targetHints":{"allow":["GET"]}}],"collection":[{"href":"https:\/\/wordpress.nibis.de\/gswremen\/wp-json\/wp\/v2\/pages"}],"about":[{"href":"https:\/\/wordpress.nibis.de\/gswremen\/wp-json\/wp\/v2\/types\/page"}],"author":[{"embeddable":true,"href":"https:\/\/wordpress.nibis.de\/gswremen\/wp-json\/wp\/v2\/users\/9193173"}],"replies":[{"embeddable":true,"href":"https:\/\/wordpress.nibis.de\/gswremen\/wp-json\/wp\/v2\/comments?post=45"}],"version-history":[{"count":4,"href":"https:\/\/wordpress.nibis.de\/gswremen\/wp-json\/wp\/v2\/pages\/45\/revisions"}],"predecessor-version":[{"id":504,"href":"https:\/\/wordpress.nibis.de\/gswremen\/wp-json\/wp\/v2\/pages\/45\/revisions\/504"}],"wp:attachment":[{"href":"https:\/\/wordpress.nibis.de\/gswremen\/wp-json\/wp\/v2\/media?parent=45"}],"curies":[{"name":"wp","href":"https:\/\/api.w.org\/{rel}","templated":true}]}}