{"id":47,"date":"2019-09-29T14:37:33","date_gmt":"2019-09-29T12:37:33","guid":{"rendered":"https:\/\/wordpress.nibis.de\/gswremen\/?page_id=47"},"modified":"2024-11-13T08:32:38","modified_gmt":"2024-11-13T07:32:38","slug":"unser-team","status":"publish","type":"page","link":"https:\/\/wordpress.nibis.de\/gswremen\/unser-team\/","title":{"rendered":"Unser Team"},"content":{"rendered":"<p>Als Team arbeiten wir sowohl im Vormittags- als auch im Nachmittagsbereich Hand in Hand. Wir erg\u00e4nzen uns, unterst\u00fctzen uns und sind f\u00fcr den Schulbetrieb &#8211; jede\/r entsprechend seiner\/ihrer Aufgaben &#8211; wichtig.<br \/><img loading=\"lazy\" decoding=\"async\" class=\"alignnone wp-image-1447 size-full\" src=\"https:\/\/wordpress.nibis.de\/gswremen\/files\/2024\/11\/IMG_8292-scaled.jpg\" alt=\"\" width=\"2560\" height=\"1920\" srcset=\"https:\/\/wordpress.nibis.de\/gswremen\/files\/2024\/11\/IMG_8292-scaled.jpg 2560w, https:\/\/wordpress.nibis.de\/gswremen\/files\/2024\/11\/IMG_8292-768x576.jpg 768w, https:\/\/wordpress.nibis.de\/gswremen\/files\/2024\/11\/IMG_8292-1536x1152.jpg 1536w, https:\/\/wordpress.nibis.de\/gswremen\/files\/2024\/11\/IMG_8292-2048x1536.jpg 2048w\" sizes=\"auto, (max-width: 2560px) 100vw, 2560px\" \/><\/p>\n<p><em>(Auf dem Bild ist nicht das gesamte Team abgebildet.)<\/em><\/p>\n<h6><span style=\"text-decoration: underline\">Das sind wir:<\/span><\/h6>\n<ul>\n<li>11 LehrerInnen<\/li>\n<li>1 F\u00f6rderschullehrkraft<\/li>\n<li>3 P\u00e4dagogische Mitarbeiterinnen<\/li>\n<li>1 Sekret\u00e4rin<\/li>\n<li>2 Hausmeister<\/li>\n<li>3 K\u00fcchenkr\u00e4fte<\/li>\n<li>3 Schulassistenzen<\/li>\n<li>mehrere Reinigungskr\u00e4fte<\/li>\n<li>verschiedene Kooperationspartner<\/li>\n<\/ul>\n\n\n<p><\/p>\n","protected":false},"excerpt":{"rendered":"<p>Als Team arbeiten wir sowohl im Vormittags- als auch im Nachmittagsbereich Hand in Hand. Wir erg\u00e4nzen uns, unterst\u00fctzen uns und sind f\u00fcr den Schulbetrieb &#8211; jede\/r entsprechend seiner\/ihrer Aufgaben &#8211; wichtig. (Auf dem Bild ist nicht das gesamte Team abgebildet.) Das sind wir: 11 LehrerInnen 1 F\u00f6rderschullehrkraft 3 P\u00e4dagogische Mitarbeiterinnen 1 Sekret\u00e4rin 2 Hausmeister 3 &hellip; <a href=\"https:\/\/wordpress.nibis.de\/gswremen\/unser-team\/\" class=\"more-link\"><span class=\"screen-reader-text\">Unser Team<\/span> weiterlesen <span class=\"meta-nav\">&rarr;<\/span><\/a><\/p>\n","protected":false},"author":9193173,"featured_media":0,"parent":0,"menu_order":0,"comment_status":"closed","ping_status":"closed","template":"","meta":{"footnotes":""},"class_list":["post-47","page","type-page","status-publish","hentry"],"_links":{"self":[{"href":"https:\/\/wordpress.nibis.de\/gswremen\/wp-json\/wp\/v2\/pages\/47","targetHints":{"allow":["GET"]}}],"collection":[{"href":"https:\/\/wordpress.nibis.de\/gswremen\/wp-json\/wp\/v2\/pages"}],"about":[{"href":"https:\/\/wordpress.nibis.de\/gswremen\/wp-json\/wp\/v2\/types\/page"}],"author":[{"embeddable":true,"href":"https:\/\/wordpress.nibis.de\/gswremen\/wp-json\/wp\/v2\/users\/9193173"}],"replies":[{"embeddable":true,"href":"https:\/\/wordpress.nibis.de\/gswremen\/wp-json\/wp\/v2\/comments?post=47"}],"version-history":[{"count":14,"href":"https:\/\/wordpress.nibis.de\/gswremen\/wp-json\/wp\/v2\/pages\/47\/revisions"}],"predecessor-version":[{"id":1449,"href":"https:\/\/wordpress.nibis.de\/gswremen\/wp-json\/wp\/v2\/pages\/47\/revisions\/1449"}],"wp:attachment":[{"href":"https:\/\/wordpress.nibis.de\/gswremen\/wp-json\/wp\/v2\/media?parent=47"}],"curies":[{"name":"wp","href":"https:\/\/api.w.org\/{rel}","templated":true}]}}