{"id":51,"date":"2019-09-29T14:38:18","date_gmt":"2019-09-29T12:38:18","guid":{"rendered":"https:\/\/wordpress.nibis.de\/gswremen\/?page_id=51"},"modified":"2022-05-11T13:08:41","modified_gmt":"2022-05-11T11:08:41","slug":"foerderverein","status":"publish","type":"page","link":"https:\/\/wordpress.nibis.de\/gswremen\/foerderverein\/","title":{"rendered":"F\u00f6rderverein"},"content":{"rendered":"\n<p>Sie k\u00f6nnen unserem F\u00f6rderverein beitreten, indem Sie das <a href=\"https:\/\/wordpress.nibis.de\/gswremen\/files\/2022\/05\/Foerderverein-Beitrittserklaerung-inkl.-Merkblatt.pdf\">Beitrittsformular<\/a> ausf\u00fcllen.<\/p>\n\n\n\n<p>Bei Fragen wenden Sie sich gerne an den Vorstand des F\u00f6rdervereins oder schreiben Sie eine E-Mail an &#x46;&#111;&#x65;&#114;d&#x65;&#114;v&#x65;&#114;&#x65;&#x69;n&#x2d;&#103;s&#x77;&#114;&#x65;&#x6d;e&#x6e;&#64;g&#x6d;&#120;&#46;&#x64;&#101;.<\/p>\n\n\n\n<p><\/p>\n\n\n\n<p><\/p>\n","protected":false},"excerpt":{"rendered":"<p>Sie k\u00f6nnen unserem F\u00f6rderverein beitreten, indem Sie das Beitrittsformular ausf\u00fcllen. Bei Fragen wenden Sie sich gerne an den Vorstand des F\u00f6rdervereins oder schreiben Sie eine E-Mail an &#70;o&#x65;r&#x64;&#101;&#x72;&#118;&#x65;&#114;e&#x69;n&#x2d;&#103;&#x73;&#119;&#x72;&#101;&#x6d;&#101;n&#x40;g&#x6d;&#120;&#x2e;&#100;&#x65;.<\/p>\n","protected":false},"author":9193173,"featured_media":0,"parent":0,"menu_order":0,"comment_status":"closed","ping_status":"closed","template":"","meta":{"footnotes":""},"class_list":["post-51","page","type-page","status-publish","hentry"],"_links":{"self":[{"href":"https:\/\/wordpress.nibis.de\/gswremen\/wp-json\/wp\/v2\/pages\/51","targetHints":{"allow":["GET"]}}],"collection":[{"href":"https:\/\/wordpress.nibis.de\/gswremen\/wp-json\/wp\/v2\/pages"}],"about":[{"href":"https:\/\/wordpress.nibis.de\/gswremen\/wp-json\/wp\/v2\/types\/page"}],"author":[{"embeddable":true,"href":"https:\/\/wordpress.nibis.de\/gswremen\/wp-json\/wp\/v2\/users\/9193173"}],"replies":[{"embeddable":true,"href":"https:\/\/wordpress.nibis.de\/gswremen\/wp-json\/wp\/v2\/comments?post=51"}],"version-history":[{"count":3,"href":"https:\/\/wordpress.nibis.de\/gswremen\/wp-json\/wp\/v2\/pages\/51\/revisions"}],"predecessor-version":[{"id":1209,"href":"https:\/\/wordpress.nibis.de\/gswremen\/wp-json\/wp\/v2\/pages\/51\/revisions\/1209"}],"wp:attachment":[{"href":"https:\/\/wordpress.nibis.de\/gswremen\/wp-json\/wp\/v2\/media?parent=51"}],"curies":[{"name":"wp","href":"https:\/\/api.w.org\/{rel}","templated":true}]}}