{"id":69,"date":"2019-09-29T14:43:22","date_gmt":"2019-09-29T12:43:22","guid":{"rendered":"https:\/\/wordpress.nibis.de\/gswremen\/?page_id=69"},"modified":"2019-10-07T15:57:21","modified_gmt":"2019-10-07T13:57:21","slug":"unser-vormittag","status":"publish","type":"page","link":"https:\/\/wordpress.nibis.de\/gswremen\/unser-vormittag\/","title":{"rendered":"Verl\u00e4ssliche Grundschule"},"content":{"rendered":"\n<p>Als Verl\u00e4ssliche Grundschule stellen wir sicher, dass Ihr Kind ein f\u00fcnf Zeitstunden umfassendes Unterrichts- und Betreuungsangebot erh\u00e4lt. F\u00fcr unsere Unterrichtszeiten bedeutet das, dass Ihr Kind t\u00e4glich bis mindestens 13 Uhr unterrichtet\/betreut werden kann. Diese Regelung gilt auch f\u00fcr die seltenen F\u00e4lle eines witterungsbedingten Unterrichtsausfalls oder einer schulinternen Lehrerfortbildung.<\/p>\n","protected":false},"excerpt":{"rendered":"<p>Als Verl\u00e4ssliche Grundschule stellen wir sicher, dass Ihr Kind ein f\u00fcnf Zeitstunden umfassendes Unterrichts- und Betreuungsangebot erh\u00e4lt. F\u00fcr unsere Unterrichtszeiten bedeutet das, dass Ihr Kind t\u00e4glich bis mindestens 13 Uhr unterrichtet\/betreut werden kann. Diese Regelung gilt auch f\u00fcr die seltenen F\u00e4lle eines witterungsbedingten Unterrichtsausfalls oder einer schulinternen Lehrerfortbildung.<\/p>\n","protected":false},"author":9193173,"featured_media":0,"parent":0,"menu_order":0,"comment_status":"closed","ping_status":"closed","template":"","meta":{"footnotes":""},"class_list":["post-69","page","type-page","status-publish","hentry"],"_links":{"self":[{"href":"https:\/\/wordpress.nibis.de\/gswremen\/wp-json\/wp\/v2\/pages\/69","targetHints":{"allow":["GET"]}}],"collection":[{"href":"https:\/\/wordpress.nibis.de\/gswremen\/wp-json\/wp\/v2\/pages"}],"about":[{"href":"https:\/\/wordpress.nibis.de\/gswremen\/wp-json\/wp\/v2\/types\/page"}],"author":[{"embeddable":true,"href":"https:\/\/wordpress.nibis.de\/gswremen\/wp-json\/wp\/v2\/users\/9193173"}],"replies":[{"embeddable":true,"href":"https:\/\/wordpress.nibis.de\/gswremen\/wp-json\/wp\/v2\/comments?post=69"}],"version-history":[{"count":4,"href":"https:\/\/wordpress.nibis.de\/gswremen\/wp-json\/wp\/v2\/pages\/69\/revisions"}],"predecessor-version":[{"id":272,"href":"https:\/\/wordpress.nibis.de\/gswremen\/wp-json\/wp\/v2\/pages\/69\/revisions\/272"}],"wp:attachment":[{"href":"https:\/\/wordpress.nibis.de\/gswremen\/wp-json\/wp\/v2\/media?parent=69"}],"curies":[{"name":"wp","href":"https:\/\/api.w.org\/{rel}","templated":true}]}}