{"id":73,"date":"2019-09-29T14:44:16","date_gmt":"2019-09-29T12:44:16","guid":{"rendered":"https:\/\/wordpress.nibis.de\/gswremen\/?page_id=73"},"modified":"2021-11-28T20:14:19","modified_gmt":"2021-11-28T19:14:19","slug":"digitale-medien","status":"publish","type":"page","link":"https:\/\/wordpress.nibis.de\/gswremen\/digitale-medien\/","title":{"rendered":"Digitale Medien"},"content":{"rendered":"\n<p>Digitale Medien kommen heute schon regelm\u00e4\u00dfig in den Klassenzimmern zum Einsatz. Mit der Umsetzung des Digitalpaktes wird diese Entwicklung weiter zunehmen.\u00a0<\/p>\n<p>Dennoch sollen Digitale Medien kein Ersatz f\u00fcr Altbew\u00e4hrtes sein: Wir werden auch weiterhin mit Papier, Stiften, Pinnw\u00e4nden, Plakaten und Tafeln arbeiten.<\/p>\n<h6><em>ActiveBoards<\/em><\/h6>\n<p>Jedes unserer Klassenzimmer ist mit einem ActiveBoard ausgestattet. Dieses k\u00f6nnen wir wie eine Kreidetafel verwenden und auf dem Bildschirm schreiben, malen und skizzieren. Es bietet den Vorteil, Tafelbilder abspeichern und in der n\u00e4chsten Stunde erneut bearbeiten zu k\u00f6nnen. Zudem kann ein Tafelbild auf Knopfdruck gel\u00f6scht werden, es k\u00f6nnen Lineatur und K\u00e4stchen eingef\u00fcgt werden und Bilder gezeigt werden. Zum Teil arbeiten wir am ActiveBoard auch mit den digitalen Ausgaben der Schulb\u00fccher.<\/p>\n<p>Dar\u00fcber hinaus bietet das ActiveBoard noch vielf\u00e4ltige weitere M\u00f6glichkeiten, die sich aber auch uns erst nach und nach erschlie\u00dfen: Filme zeigen, Internetrecherche, interaktive Software, Arbeitsbl\u00e4tter, Mindmaps&#8230;<\/p>\n<p>Sofern auf die Technik Verlass ist, kann ein ActiveBoard im Unterricht sehr hilfreich sein.<\/p>\n<p><em><strong>Tablets<\/strong><\/em><br \/>F\u00fcr unsere Sch\u00fclerInnen haben wir eine begrenzte Anzahl an IPads. Diese k\u00f6nnen im Unterricht genutzt werden oder bei Bedarf f\u00fcrs Homeschooling geliehen werden. Es ist unser Ziel, die Ipads immer h\u00e4ufiger im Unterricht zu integrieren. Unsere Kolleginnen besuchen regelm\u00e4\u00dfig Fortbildungen zur sinnvollen Nutzung der Ger\u00e4te.<\/p>\n<h6><em>Laptops<\/em><\/h6>\n<p>In jedem Klassenraum befinden sich zwei Sch\u00fclerlaptops. Hier k\u00f6nnen die Kinder im Internet recherchieren, Texte schreiben oder Pr\u00e4sentationen vorbereiten. Zus\u00e4tzlich haben wir noch mehrere Laptops, die bei Bedarf geholt und genutzt werden k\u00f6nnen.<\/p>\n<h6><em>Beamer<\/em><\/h6>\n<p>In Freitagskreisen oder auf anderen Schulveranstaltungen haben wir die M\u00f6glichkeit, mit einem Beamer Fotos, Videos und Pr\u00e4sentationen auf eine Leinwand zu projizieren.<\/p>\n<h6><em>Software<\/em><\/h6>\n<p>Unsere Sch\u00fclerlaptops sind mit einem Schreibprogramm ausgestattet. Wir arbeiten zudem mit den Lernprogrammen: ABC der Tiere und Blitzrechnen. Im Mathematikunterricht kommen die interaktive Software unseres Lehrwerks und das digitale Schulbuch zum Einsatz.<\/p>\n<h6><em>Unser Tipp f\u00fcr alle Kinder und Eltern:<\/em><\/h6>\n<p>Auf der Internetseite <a href=\"https:\/\/www.internet-abc.de\/\">internet-abc<\/a> gibt es interessante, hilfreiche und informierende Angebote rund um das sichere und verantwortungsvolle Surfen im Internet. Es finden sich Bereiche f\u00fcr Kinder, f\u00fcr Eltern und f\u00fcr Lehrkr\u00e4fte. <br \/>Die Webseite hat verschiedene Preise gewonnen, so u.a. den P\u00e4dagogischen Medienpreis 2018. <br \/>Hinter dem Projekt steht der gemeinn\u00fctzige Verein Internet-ABC, dem alle Landesmedienanstalten Deutschland angeh\u00f6ren.\u00a0<\/p>\n<p>\u00a0<\/p>\n<p>\u00a0<\/p>\n","protected":false},"excerpt":{"rendered":"<p>Digitale Medien kommen heute schon regelm\u00e4\u00dfig in den Klassenzimmern zum Einsatz. Mit der Umsetzung des Digitalpaktes wird diese Entwicklung weiter zunehmen.\u00a0 Dennoch sollen Digitale Medien kein Ersatz f\u00fcr Altbew\u00e4hrtes sein: Wir werden auch weiterhin mit Papier, Stiften, Pinnw\u00e4nden, Plakaten und Tafeln arbeiten. ActiveBoards Jedes unserer Klassenzimmer ist mit einem ActiveBoard ausgestattet. Dieses k\u00f6nnen wir wie &hellip; <a href=\"https:\/\/wordpress.nibis.de\/gswremen\/digitale-medien\/\" class=\"more-link\"><span class=\"screen-reader-text\">Digitale Medien<\/span> weiterlesen <span class=\"meta-nav\">&rarr;<\/span><\/a><\/p>\n","protected":false},"author":9193173,"featured_media":0,"parent":0,"menu_order":0,"comment_status":"closed","ping_status":"closed","template":"","meta":{"footnotes":""},"class_list":["post-73","page","type-page","status-publish","hentry"],"_links":{"self":[{"href":"https:\/\/wordpress.nibis.de\/gswremen\/wp-json\/wp\/v2\/pages\/73","targetHints":{"allow":["GET"]}}],"collection":[{"href":"https:\/\/wordpress.nibis.de\/gswremen\/wp-json\/wp\/v2\/pages"}],"about":[{"href":"https:\/\/wordpress.nibis.de\/gswremen\/wp-json\/wp\/v2\/types\/page"}],"author":[{"embeddable":true,"href":"https:\/\/wordpress.nibis.de\/gswremen\/wp-json\/wp\/v2\/users\/9193173"}],"replies":[{"embeddable":true,"href":"https:\/\/wordpress.nibis.de\/gswremen\/wp-json\/wp\/v2\/comments?post=73"}],"version-history":[{"count":7,"href":"https:\/\/wordpress.nibis.de\/gswremen\/wp-json\/wp\/v2\/pages\/73\/revisions"}],"predecessor-version":[{"id":1139,"href":"https:\/\/wordpress.nibis.de\/gswremen\/wp-json\/wp\/v2\/pages\/73\/revisions\/1139"}],"wp:attachment":[{"href":"https:\/\/wordpress.nibis.de\/gswremen\/wp-json\/wp\/v2\/media?parent=73"}],"curies":[{"name":"wp","href":"https:\/\/api.w.org\/{rel}","templated":true}]}}