{"id":89,"date":"2019-09-29T14:47:31","date_gmt":"2019-09-29T12:47:31","guid":{"rendered":"https:\/\/wordpress.nibis.de\/gswremen\/?page_id=89"},"modified":"2025-05-08T15:01:05","modified_gmt":"2025-05-08T13:01:05","slug":"mittagessen","status":"publish","type":"page","link":"https:\/\/wordpress.nibis.de\/gswremen\/mittagessen\/","title":{"rendered":"Mittagessen"},"content":{"rendered":"\n<p>Unsere K\u00fcchenfeen kochen t\u00e4glich abwechslungsreiche und gesunde Gerichte. Ein t\u00e4gliches Salatbuffet und ein leckerer Nachtisch geh\u00f6ren selbstverst\u00e4ndlich auch dazu. Auf W\u00fcnsche der Kinder wird nach M\u00f6glichkeit R\u00fccksicht genommen.<\/p>\n<p>Zum Ganztag angemeldete Kinder k\u00f6nnen auch ihr eigenes Essen mitbringen. Dieses verspeisen sie zusammen mit den anderen Kindern in der K\u00fcche.<\/p>\n<p>Die Kinder essen in unserer neuen Mensa, die im Sommer 2020 fertiggestellt wurde. Hier befindet sich auch die K\u00fcche.<\/p>\n<p>Den aktuellen Speiseplan bekommen sie per Email. Dieser ist auch an den Pinnw\u00e4nden im Schulgeb\u00e4ude ausgeh\u00e4ngt.<\/p>\n<p>\u00a0<\/p>\n","protected":false},"excerpt":{"rendered":"<p>Unsere K\u00fcchenfeen kochen t\u00e4glich abwechslungsreiche und gesunde Gerichte. Ein t\u00e4gliches Salatbuffet und ein leckerer Nachtisch geh\u00f6ren selbstverst\u00e4ndlich auch dazu. Auf W\u00fcnsche der Kinder wird nach M\u00f6glichkeit R\u00fccksicht genommen. Zum Ganztag angemeldete Kinder k\u00f6nnen auch ihr eigenes Essen mitbringen. Dieses verspeisen sie zusammen mit den anderen Kindern in der K\u00fcche. Die Kinder essen in unserer neuen &hellip; <a href=\"https:\/\/wordpress.nibis.de\/gswremen\/mittagessen\/\" class=\"more-link\"><span class=\"screen-reader-text\">Mittagessen<\/span> weiterlesen <span class=\"meta-nav\">&rarr;<\/span><\/a><\/p>\n","protected":false},"author":9193173,"featured_media":0,"parent":0,"menu_order":0,"comment_status":"closed","ping_status":"closed","template":"","meta":{"footnotes":""},"class_list":["post-89","page","type-page","status-publish","hentry"],"_links":{"self":[{"href":"https:\/\/wordpress.nibis.de\/gswremen\/wp-json\/wp\/v2\/pages\/89","targetHints":{"allow":["GET"]}}],"collection":[{"href":"https:\/\/wordpress.nibis.de\/gswremen\/wp-json\/wp\/v2\/pages"}],"about":[{"href":"https:\/\/wordpress.nibis.de\/gswremen\/wp-json\/wp\/v2\/types\/page"}],"author":[{"embeddable":true,"href":"https:\/\/wordpress.nibis.de\/gswremen\/wp-json\/wp\/v2\/users\/9193173"}],"replies":[{"embeddable":true,"href":"https:\/\/wordpress.nibis.de\/gswremen\/wp-json\/wp\/v2\/comments?post=89"}],"version-history":[{"count":4,"href":"https:\/\/wordpress.nibis.de\/gswremen\/wp-json\/wp\/v2\/pages\/89\/revisions"}],"predecessor-version":[{"id":1456,"href":"https:\/\/wordpress.nibis.de\/gswremen\/wp-json\/wp\/v2\/pages\/89\/revisions\/1456"}],"wp:attachment":[{"href":"https:\/\/wordpress.nibis.de\/gswremen\/wp-json\/wp\/v2\/media?parent=89"}],"curies":[{"name":"wp","href":"https:\/\/api.w.org\/{rel}","templated":true}]}}