{"id":91,"date":"2019-09-29T14:48:02","date_gmt":"2019-09-29T12:48:02","guid":{"rendered":"https:\/\/wordpress.nibis.de\/gswremen\/?page_id=91"},"modified":"2025-05-08T14:44:02","modified_gmt":"2025-05-08T12:44:02","slug":"hausaufgabenbetreuung","status":"publish","type":"page","link":"https:\/\/wordpress.nibis.de\/gswremen\/hausaufgabenbetreuung\/","title":{"rendered":"Hausaufgaben\/Lernzeit"},"content":{"rendered":"\n<p style=\"text-align: justify\">Momentan findet die Lernzeit in drei bis vier Gruppen statt.\u00a0<\/p>\n<p style=\"text-align: justify\">Ihr Kind wird von p\u00e4dagogischen Mitarbeiten oder Lehrkr\u00e4ften beim Anfertigen der Hausaufgaben \u201ebegleitet\u201c. Diese sorgen f\u00fcr eine ruhige Lernumgebung und achten auf das Anfertigen, sind jedoch nicht als Nachhilfelehrkraft bzw. zur Korrektur der Hausaufgaben da. Bei Verst\u00e4ndnisschwierigkeiten und f\u00fcr Tipps steht die Betreuungsperson aber selbstverst\u00e4ndlich zur Verf\u00fcgung.<\/p>\n<p style=\"text-align: justify\">Die Lernzeit ersetzt nicht die Unterst\u00fctzung zu Hause, bitte schauen Sie regelm\u00e4\u00dfig in Mappen und Hausaufgabenhefte!<\/p>\n<p style=\"text-align: justify\">Die Hausaufgabenzeit betr\u00e4gt laut Erlass 30 Minuten.<\/p>\n","protected":false},"excerpt":{"rendered":"<p>Momentan findet die Lernzeit in drei bis vier Gruppen statt.\u00a0 Ihr Kind wird von p\u00e4dagogischen Mitarbeiten oder Lehrkr\u00e4ften beim Anfertigen der Hausaufgaben \u201ebegleitet\u201c. Diese sorgen f\u00fcr eine ruhige Lernumgebung und achten auf das Anfertigen, sind jedoch nicht als Nachhilfelehrkraft bzw. zur Korrektur der Hausaufgaben da. Bei Verst\u00e4ndnisschwierigkeiten und f\u00fcr Tipps steht die Betreuungsperson aber selbstverst\u00e4ndlich &hellip; <a href=\"https:\/\/wordpress.nibis.de\/gswremen\/hausaufgabenbetreuung\/\" class=\"more-link\"><span class=\"screen-reader-text\">Hausaufgaben\/Lernzeit<\/span> weiterlesen <span class=\"meta-nav\">&rarr;<\/span><\/a><\/p>\n","protected":false},"author":9193173,"featured_media":0,"parent":0,"menu_order":0,"comment_status":"closed","ping_status":"closed","template":"","meta":{"footnotes":""},"class_list":["post-91","page","type-page","status-publish","hentry"],"_links":{"self":[{"href":"https:\/\/wordpress.nibis.de\/gswremen\/wp-json\/wp\/v2\/pages\/91","targetHints":{"allow":["GET"]}}],"collection":[{"href":"https:\/\/wordpress.nibis.de\/gswremen\/wp-json\/wp\/v2\/pages"}],"about":[{"href":"https:\/\/wordpress.nibis.de\/gswremen\/wp-json\/wp\/v2\/types\/page"}],"author":[{"embeddable":true,"href":"https:\/\/wordpress.nibis.de\/gswremen\/wp-json\/wp\/v2\/users\/9193173"}],"replies":[{"embeddable":true,"href":"https:\/\/wordpress.nibis.de\/gswremen\/wp-json\/wp\/v2\/comments?post=91"}],"version-history":[{"count":6,"href":"https:\/\/wordpress.nibis.de\/gswremen\/wp-json\/wp\/v2\/pages\/91\/revisions"}],"predecessor-version":[{"id":1453,"href":"https:\/\/wordpress.nibis.de\/gswremen\/wp-json\/wp\/v2\/pages\/91\/revisions\/1453"}],"wp:attachment":[{"href":"https:\/\/wordpress.nibis.de\/gswremen\/wp-json\/wp\/v2\/media?parent=91"}],"curies":[{"name":"wp","href":"https:\/\/api.w.org\/{rel}","templated":true}]}}