{"id":1102,"date":"2018-02-14T21:07:06","date_gmt":"2018-02-14T20:07:06","guid":{"rendered":"http:\/\/wordpress.nibis.de\/gswrestedt\/?page_id=1102"},"modified":"2018-03-11T14:34:50","modified_gmt":"2018-03-11T13:34:50","slug":"kirchenbesichtigung-stederdorf","status":"publish","type":"page","link":"https:\/\/wordpress.nibis.de\/gswrestedt\/kirchenbesichtigung-stederdorf\/","title":{"rendered":"Religion: Kirchenbesichtigung Stederdorf"},"content":{"rendered":"<p>Am 14.02.2018 besuchten <strong>die beiden 3. Klassen die Kirche in Stederdorf<\/strong>. <strong>Pastorin Schulz<\/strong> erwartete die Kinder und Lehrerinnen vor der Kirche.<\/p>\n<p>Zurerst erkundeten die Sch\u00fcler die Kirche von au\u00dfen, bevor es in den Innenraum ging.<\/p>\n<p>Dort ging es los mit einer <strong>Kirchenrallye<\/strong>. Pastorin Schulz gab jedem Kind ein Heftchen mit Fotos von wichtigen Elementen des Kirchenraumes und schickte sie dann\u00a0<strong>selbstst\u00e4ndig auf Entdeckungstour<\/strong>.<\/p>\n<p><a href=\"http:\/\/wordpress.nibis.de\/gswrestedt\/kirchenbesichtigung-stederdorf\/kirchengang\/\" rel=\"attachment wp-att-1107\"><img loading=\"lazy\" decoding=\"async\" class=\"size-medium wp-image-1107 alignnone\" src=\"http:\/\/wordpress.nibis.de\/gswrestedt\/files\/2018\/02\/Kirchengang-300x225.jpg\" alt=\"\" width=\"300\" height=\"225\" \/><\/a>\u00a0 \u00a0<a href=\"http:\/\/wordpress.nibis.de\/gswrestedt\/kirchenbesichtigung-stederdorf\/kirchengang-2\/\" rel=\"attachment wp-att-1105\"><img loading=\"lazy\" decoding=\"async\" class=\"size-medium wp-image-1105 alignnone\" src=\"http:\/\/wordpress.nibis.de\/gswrestedt\/files\/2018\/02\/kirchengang-2-300x225.jpg\" alt=\"\" width=\"300\" height=\"225\" \/><\/a><a href=\"http:\/\/wordpress.nibis.de\/gswrestedt\/kirchenbesichtigung-stederdorf\/altar\/\" rel=\"attachment wp-att-1110\"><img loading=\"lazy\" decoding=\"async\" class=\"size-medium wp-image-1110 alignleft\" src=\"http:\/\/wordpress.nibis.de\/gswrestedt\/files\/2018\/02\/altar-300x225.jpg\" alt=\"\" width=\"300\" height=\"225\" \/><\/a> <a href=\"http:\/\/wordpress.nibis.de\/gswrestedt\/kirchenbesichtigung-stederdorf\/heftchen\/\" rel=\"attachment wp-att-1111\"><img loading=\"lazy\" decoding=\"async\" class=\"size-medium wp-image-1111 alignnone\" src=\"http:\/\/wordpress.nibis.de\/gswrestedt\/files\/2018\/02\/heftchen-300x225.jpg\" alt=\"\" width=\"300\" height=\"225\" \/><\/a><\/p>\n<p>Alle Elemente wurden von den Sch\u00fclern gefunden. Im gemeinsamen Gespr\u00e4ch wurde \u00fcber<strong> Taufbecken, Kanzel, Altar, Kirchenfenster, Kreuz und noch vieles mehr<\/strong> gesprochen. Geduldig beantwortete die neue Pastorin der Gemeinde unsere Fragen.<a href=\"http:\/\/wordpress.nibis.de\/gswrestedt\/kirchenbesichtigung-stederdorf\/schulz\/\" rel=\"attachment wp-att-1108\"><img loading=\"lazy\" decoding=\"async\" class=\"aligncenter wp-image-1108 size-full\" src=\"http:\/\/wordpress.nibis.de\/gswrestedt\/files\/2018\/02\/schulz.jpg\" alt=\"\" width=\"800\" height=\"600\" \/><\/a>Danach durften die Kinder sogar <strong>auf die Empore und die Orgel bestaunen<\/strong>.<\/p>\n<p>Zum Abschluss machten alle <strong>gemeinsam eine Meditation<\/strong>, bei der der <strong>Kirchenraum mit allen Sinnen<\/strong> erfasst wurde.<\/p>\n<p>&nbsp;<\/p>\n","protected":false},"excerpt":{"rendered":"<p>Am 14.02.2018 besuchten die beiden 3. Klassen die Kirche in Stederdorf. Pastorin Schulz erwartete die Kinder und Lehrerinnen vor der Kirche. Zurerst erkundeten die Sch\u00fcler die Kirche von au\u00dfen, bevor es in den Innenraum ging. Dort ging es los mit &hellip; <a href=\"https:\/\/wordpress.nibis.de\/gswrestedt\/kirchenbesichtigung-stederdorf\/\">Weiterlesen <span class=\"meta-nav\">&rarr;<\/span><\/a><\/p>\n","protected":false},"author":1020,"featured_media":0,"parent":0,"menu_order":0,"comment_status":"closed","ping_status":"closed","template":"","meta":{"footnotes":""},"class_list":["post-1102","page","type-page","status-publish","hentry"],"_links":{"self":[{"href":"https:\/\/wordpress.nibis.de\/gswrestedt\/wp-json\/wp\/v2\/pages\/1102","targetHints":{"allow":["GET"]}}],"collection":[{"href":"https:\/\/wordpress.nibis.de\/gswrestedt\/wp-json\/wp\/v2\/pages"}],"about":[{"href":"https:\/\/wordpress.nibis.de\/gswrestedt\/wp-json\/wp\/v2\/types\/page"}],"author":[{"embeddable":true,"href":"https:\/\/wordpress.nibis.de\/gswrestedt\/wp-json\/wp\/v2\/users\/1020"}],"replies":[{"embeddable":true,"href":"https:\/\/wordpress.nibis.de\/gswrestedt\/wp-json\/wp\/v2\/comments?post=1102"}],"version-history":[{"count":5,"href":"https:\/\/wordpress.nibis.de\/gswrestedt\/wp-json\/wp\/v2\/pages\/1102\/revisions"}],"predecessor-version":[{"id":1227,"href":"https:\/\/wordpress.nibis.de\/gswrestedt\/wp-json\/wp\/v2\/pages\/1102\/revisions\/1227"}],"wp:attachment":[{"href":"https:\/\/wordpress.nibis.de\/gswrestedt\/wp-json\/wp\/v2\/media?parent=1102"}],"curies":[{"name":"wp","href":"https:\/\/api.w.org\/{rel}","templated":true}]}}