{"id":1221,"date":"2018-03-11T14:32:15","date_gmt":"2018-03-11T13:32:15","guid":{"rendered":"http:\/\/wordpress.nibis.de\/gswrestedt\/?page_id=1221"},"modified":"2018-03-13T11:02:12","modified_gmt":"2018-03-13T10:02:12","slug":"musikunterricht","status":"publish","type":"page","link":"https:\/\/wordpress.nibis.de\/gswrestedt\/musikunterricht\/","title":{"rendered":"Musikunterricht"},"content":{"rendered":"<p>Mit guter Laune bewegen sich die Sch\u00fcler und Sch\u00fclerinnen rhythmisch, schwingen ihre S\u00e4bel und sprechen ihren Text zu der Filmmusik &#8222;Fluch der Karibik&#8220;.<\/p>\n<div style=\"width: 640px;\" class=\"wp-video\"><video class=\"wp-video-shortcode\" id=\"video-1221-1\" width=\"640\" height=\"360\" preload=\"metadata\" controls=\"controls\"><source type=\"video\/mp4\" src=\"http:\/\/wordpress.nibis.de\/gswrestedt\/files\/2018\/03\/Piratenlied.mp4?_=1\" \/><a href=\"http:\/\/wordpress.nibis.de\/gswrestedt\/files\/2018\/03\/Piratenlied.mp4\">http:\/\/wordpress.nibis.de\/gswrestedt\/files\/2018\/03\/Piratenlied.mp4<\/a><\/video><\/div>\n<p>Bitte Geduld, es dauert bis das Video geladen ist.<\/p>\n","protected":false},"excerpt":{"rendered":"<p>Mit guter Laune bewegen sich die Sch\u00fcler und Sch\u00fclerinnen rhythmisch, schwingen ihre S\u00e4bel und sprechen ihren Text zu der Filmmusik &#8222;Fluch der Karibik&#8220;. Bitte Geduld, es dauert bis das Video geladen ist.<\/p>\n","protected":false},"author":1020,"featured_media":0,"parent":0,"menu_order":0,"comment_status":"closed","ping_status":"closed","template":"","meta":{"footnotes":""},"class_list":["post-1221","page","type-page","status-publish","hentry"],"_links":{"self":[{"href":"https:\/\/wordpress.nibis.de\/gswrestedt\/wp-json\/wp\/v2\/pages\/1221","targetHints":{"allow":["GET"]}}],"collection":[{"href":"https:\/\/wordpress.nibis.de\/gswrestedt\/wp-json\/wp\/v2\/pages"}],"about":[{"href":"https:\/\/wordpress.nibis.de\/gswrestedt\/wp-json\/wp\/v2\/types\/page"}],"author":[{"embeddable":true,"href":"https:\/\/wordpress.nibis.de\/gswrestedt\/wp-json\/wp\/v2\/users\/1020"}],"replies":[{"embeddable":true,"href":"https:\/\/wordpress.nibis.de\/gswrestedt\/wp-json\/wp\/v2\/comments?post=1221"}],"version-history":[{"count":4,"href":"https:\/\/wordpress.nibis.de\/gswrestedt\/wp-json\/wp\/v2\/pages\/1221\/revisions"}],"predecessor-version":[{"id":1230,"href":"https:\/\/wordpress.nibis.de\/gswrestedt\/wp-json\/wp\/v2\/pages\/1221\/revisions\/1230"}],"wp:attachment":[{"href":"https:\/\/wordpress.nibis.de\/gswrestedt\/wp-json\/wp\/v2\/media?parent=1221"}],"curies":[{"name":"wp","href":"https:\/\/api.w.org\/{rel}","templated":true}]}}