{"id":1602,"date":"2018-11-15T18:30:04","date_gmt":"2018-11-15T17:30:04","guid":{"rendered":"http:\/\/wordpress.nibis.de\/gswrestedt\/?page_id=1602"},"modified":"2018-11-23T14:37:18","modified_gmt":"2018-11-23T13:37:18","slug":"gesund-leben-lernen-gll","status":"publish","type":"page","link":"https:\/\/wordpress.nibis.de\/gswrestedt\/gesund-leben-lernen-gll\/","title":{"rendered":"Gesund Leben Lernen"},"content":{"rendered":"<p style=\"text-align: left\"><strong>Seit Februar 2018<\/strong> nimmt unsere Schule an dem nieders\u00e4chsischen Projekt: <strong>&#8222;Gesund leben lernen&#8220;<\/strong> teil.<a href=\"http:\/\/wordpress.nibis.de\/gswrestedt\/files\/2018\/11\/gll.jpg\"><img loading=\"lazy\" decoding=\"async\" class=\"size-medium wp-image-1623 aligncenter\" src=\"http:\/\/wordpress.nibis.de\/gswrestedt\/files\/2018\/11\/gll-300x225.jpg\" alt=\"\" width=\"300\" height=\"225\" srcset=\"https:\/\/wordpress.nibis.de\/gswrestedt\/files\/2018\/11\/gll-300x225.jpg 300w, https:\/\/wordpress.nibis.de\/gswrestedt\/files\/2018\/11\/gll-768x576.jpg 768w, https:\/\/wordpress.nibis.de\/gswrestedt\/files\/2018\/11\/gll.jpg 800w\" sizes=\"auto, (max-width: 300px) 100vw, 300px\" \/><\/a>GLL ist <strong>ein Kooperationsprojekt<\/strong> zwischen gesetzlichen Krankenkassen, dem Kultusministerium, der Landesvereinigung f\u00fcr Gesundheit und der Akademie f\u00fcr Sozialmedizin Niedersachsen.<\/p>\n<p style=\"text-align: left\">Ziel ist es, w\u00e4hrend der 2 j\u00e4hrigen Teilnahme Projekte zu planen und durchzuf\u00fchren, die <strong>die Lern- und Arbeitsbedingungen an unserer Schule nachhaltig verbessern<\/strong>.<\/p>\n<p>Begleitet und unterst\u00fctzt werden wir dabei von <strong>unserer AOK-Pr\u00e4ventionsberaterin Frau Beckmann<\/strong> aus L\u00fcneburg.<\/p>\n","protected":false},"excerpt":{"rendered":"<p>Seit Februar 2018 nimmt unsere Schule an dem nieders\u00e4chsischen Projekt: &#8222;Gesund leben lernen&#8220; teil.GLL ist ein Kooperationsprojekt zwischen gesetzlichen Krankenkassen, dem Kultusministerium, der Landesvereinigung f\u00fcr Gesundheit und der Akademie f\u00fcr Sozialmedizin Niedersachsen. Ziel ist es, w\u00e4hrend der 2 j\u00e4hrigen Teilnahme &hellip; <a href=\"https:\/\/wordpress.nibis.de\/gswrestedt\/gesund-leben-lernen-gll\/\">Weiterlesen <span class=\"meta-nav\">&rarr;<\/span><\/a><\/p>\n","protected":false},"author":1020,"featured_media":0,"parent":0,"menu_order":0,"comment_status":"closed","ping_status":"closed","template":"","meta":{"footnotes":""},"class_list":["post-1602","page","type-page","status-publish","hentry"],"_links":{"self":[{"href":"https:\/\/wordpress.nibis.de\/gswrestedt\/wp-json\/wp\/v2\/pages\/1602","targetHints":{"allow":["GET"]}}],"collection":[{"href":"https:\/\/wordpress.nibis.de\/gswrestedt\/wp-json\/wp\/v2\/pages"}],"about":[{"href":"https:\/\/wordpress.nibis.de\/gswrestedt\/wp-json\/wp\/v2\/types\/page"}],"author":[{"embeddable":true,"href":"https:\/\/wordpress.nibis.de\/gswrestedt\/wp-json\/wp\/v2\/users\/1020"}],"replies":[{"embeddable":true,"href":"https:\/\/wordpress.nibis.de\/gswrestedt\/wp-json\/wp\/v2\/comments?post=1602"}],"version-history":[{"count":6,"href":"https:\/\/wordpress.nibis.de\/gswrestedt\/wp-json\/wp\/v2\/pages\/1602\/revisions"}],"predecessor-version":[{"id":1625,"href":"https:\/\/wordpress.nibis.de\/gswrestedt\/wp-json\/wp\/v2\/pages\/1602\/revisions\/1625"}],"wp:attachment":[{"href":"https:\/\/wordpress.nibis.de\/gswrestedt\/wp-json\/wp\/v2\/media?parent=1602"}],"curies":[{"name":"wp","href":"https:\/\/api.w.org\/{rel}","templated":true}]}}