{"id":1606,"date":"2018-11-28T09:57:52","date_gmt":"2018-11-28T08:57:52","guid":{"rendered":"http:\/\/wordpress.nibis.de\/gswrestedt\/?page_id=1606"},"modified":"2018-11-28T09:57:52","modified_gmt":"2018-11-28T08:57:52","slug":"gll-aktionstag-bewegte-schule","status":"publish","type":"page","link":"https:\/\/wordpress.nibis.de\/gswrestedt\/gll-aktionstag-bewegte-schule\/","title":{"rendered":"GLL Aktionstag &#8222;bewegte Schule&#8220;"},"content":{"rendered":"<p><strong>Am 15.11.2018<\/strong> wurde an unserer Schule ein<strong> Aktionstag<\/strong>\u00a0 zum Thema <strong>&#8222;Bewegte Schule&#8220; <\/strong>durchgef\u00fchrt.<\/p>\n<p>Ziel ist es, <strong>mehr Bewegung in den Schulalltag zu bringen<\/strong>, um die Gesundheit und Konzentrationsf\u00e4higkeit der Kinder zu verbessern.<\/p>\n<p>Los ging es am sp\u00e4ten Vormittag mit dem Besuch einer <strong>Unterrichtsstunde<\/strong>, die von Frau L\u00fcdecke und Frau Welp gehalten wurde. Anschlie\u00dfend fand ein <strong>Austausch zwischen den Lehrkr\u00e4ften und den Referenten<\/strong> statt. <span style=\"font-family: Tahoma, sans-serif\"><span style=\"font-size: medium\"><strong>Der Projektleiter Herrmann St\u00e4dtler und die Referentin Frau Bremer<\/strong> betonten, <strong>wie wichtig Bewegungsf\u00f6rderung<\/strong> in Kindergarten und Schule angesichts der ver\u00e4nderten Lebenswelt unserer Kinder sei, bei der <strong>viele Erfahrungen nicht mehr eigenst\u00e4ndig, sondern nur noch aus zweiter Hand durch Medien<\/strong> gemacht werden.<\/span><\/span><\/p>\n<p><a href=\"http:\/\/wordpress.nibis.de\/gswrestedt\/files\/2018\/11\/PGEKE94601.jpg\"><img loading=\"lazy\" decoding=\"async\" class=\"alignnone wp-image-1615 size-large\" src=\"http:\/\/wordpress.nibis.de\/gswrestedt\/files\/2018\/11\/PGEKE94601-1024x656.jpg\" alt=\"\" width=\"640\" height=\"410\" \/><\/a><\/p>\n<p>Am Nachmittag fand eine Fortbildung f\u00fcr die Lehrkr\u00e4fte unserer Schule, Erzieherinnen des Kindergartens und Mitgliedern der \u00f6rtlichen Sportvereine statt. Das Thema war<strong> &#8222;Wie Schule das Bewegungsbed\u00fcrfnis von Kindern einbinden kann&#8220;<\/strong>.<\/p>\n<p><a href=\"http:\/\/wordpress.nibis.de\/gswrestedt\/files\/2018\/11\/IMG_E3569.jpg\"><img loading=\"lazy\" decoding=\"async\" class=\"size-medium wp-image-1610 aligncenter\" src=\"http:\/\/wordpress.nibis.de\/gswrestedt\/files\/2018\/11\/IMG_E3569-300x272.jpg\" alt=\"\" width=\"300\" height=\"272\" \/><\/a>Die Referentin Frau Bremer stellte viele Ideen f\u00fcr den bewegten Unterricht, R\u00e4ume als\u00a0\u00a0 3. P\u00e4dagogen, und die Bedeutung der Bewegung f\u00fcr das Lernen vor und machte Vorschl\u00e4ge, um mehr Bewegung in die Schulorganisation zu integrieren. Die Lehrer und Erzieher erfuhren viel \u00fcber die Ergebnisse neuer Hirnforschung, erprobten selbst Bewegungsspiele mit K\u00f6pfchen und diskutierten, mit welchem Mobiliar am besten \u201eBewegung\u201c in den Unterricht gebracht werden kann.<a href=\"http:\/\/wordpress.nibis.de\/gswrestedt\/files\/2018\/11\/IMG_35721.jpg\"><img loading=\"lazy\" decoding=\"async\" class=\"wp-image-1616 size-medium aligncenter\" src=\"http:\/\/wordpress.nibis.de\/gswrestedt\/files\/2018\/11\/IMG_35721-e1543231732719-225x300.jpg\" alt=\"\" width=\"225\" height=\"300\" \/><\/a>Am Abend fand ein Elternabend f\u00fcr interessierte Eltern statt. Der Kindergarten und die Leiter der Vereine nahmen das Angebot gerne wahr.<strong> Nur aus unserer Elternschaft bestand leider sehr wenig Interesse.<\/strong> Dabei ist ein richtiges Bewegungsangebot auch f\u00fcr die Hausaufgaben und das h\u00e4usliche \u00dcben und Lernen besonders wichig.<\/p>\n<p><a href=\"http:\/\/wordpress.nibis.de\/gswrestedt\/files\/2018\/11\/IMG_E3559.jpg\"><img loading=\"lazy\" decoding=\"async\" class=\"size-medium wp-image-1607 aligncenter\" src=\"http:\/\/wordpress.nibis.de\/gswrestedt\/files\/2018\/11\/IMG_E3559-300x262.jpg\" alt=\"\" width=\"300\" height=\"262\" \/><\/a><\/p>\n<p>&nbsp;<\/p>\n","protected":false},"excerpt":{"rendered":"<p>Am 15.11.2018 wurde an unserer Schule ein Aktionstag\u00a0 zum Thema &#8222;Bewegte Schule&#8220; durchgef\u00fchrt. Ziel ist es, mehr Bewegung in den Schulalltag zu bringen, um die Gesundheit und Konzentrationsf\u00e4higkeit der Kinder zu verbessern. Los ging es am sp\u00e4ten Vormittag mit dem &hellip; <a href=\"https:\/\/wordpress.nibis.de\/gswrestedt\/gll-aktionstag-bewegte-schule\/\">Weiterlesen <span class=\"meta-nav\">&rarr;<\/span><\/a><\/p>\n","protected":false},"author":1020,"featured_media":0,"parent":0,"menu_order":0,"comment_status":"closed","ping_status":"closed","template":"","meta":{"footnotes":""},"class_list":["post-1606","page","type-page","status-publish","hentry"],"_links":{"self":[{"href":"https:\/\/wordpress.nibis.de\/gswrestedt\/wp-json\/wp\/v2\/pages\/1606","targetHints":{"allow":["GET"]}}],"collection":[{"href":"https:\/\/wordpress.nibis.de\/gswrestedt\/wp-json\/wp\/v2\/pages"}],"about":[{"href":"https:\/\/wordpress.nibis.de\/gswrestedt\/wp-json\/wp\/v2\/types\/page"}],"author":[{"embeddable":true,"href":"https:\/\/wordpress.nibis.de\/gswrestedt\/wp-json\/wp\/v2\/users\/1020"}],"replies":[{"embeddable":true,"href":"https:\/\/wordpress.nibis.de\/gswrestedt\/wp-json\/wp\/v2\/comments?post=1606"}],"version-history":[{"count":7,"href":"https:\/\/wordpress.nibis.de\/gswrestedt\/wp-json\/wp\/v2\/pages\/1606\/revisions"}],"predecessor-version":[{"id":1638,"href":"https:\/\/wordpress.nibis.de\/gswrestedt\/wp-json\/wp\/v2\/pages\/1606\/revisions\/1638"}],"wp:attachment":[{"href":"https:\/\/wordpress.nibis.de\/gswrestedt\/wp-json\/wp\/v2\/media?parent=1606"}],"curies":[{"name":"wp","href":"https:\/\/api.w.org\/{rel}","templated":true}]}}