{"id":1697,"date":"2018-12-18T12:48:25","date_gmt":"2018-12-18T11:48:25","guid":{"rendered":"http:\/\/wordpress.nibis.de\/gswrestedt\/?page_id=1697"},"modified":"2020-01-09T14:58:40","modified_gmt":"2020-01-09T13:58:40","slug":"unser-schulhof","status":"publish","type":"page","link":"https:\/\/wordpress.nibis.de\/gswrestedt\/unser-schulhof\/","title":{"rendered":"Dezember 2018"},"content":{"rendered":"<p>Der <strong>Bau des Kindergartens schreitet flott voran<\/strong> und in der Schule fanden schon <strong>erste Gespr\u00e4che mit der Landschaftsarchitektin<\/strong> zur <strong>Umgestaltung des Schulhofes<\/strong> statt.<\/p>\n<p>Ein kranker und alter <strong>Baum<\/strong> musste aus Sicherheitsgr\u00fcnden<strong> von unserem Hausmeister Herrn Nickolaus gef\u00e4llt<\/strong> und abtransportiert werden.<\/p>\n<p>Schnell kamen in der gro\u00dfen Pause <strong>Kinder<\/strong> dazu, um ihm zu <strong>helfen<\/strong>.<a href=\"http:\/\/wordpress.nibis.de\/gswrestedt\/files\/2018\/12\/baum-helfen.jpg\"><img loading=\"lazy\" decoding=\"async\" class=\"aligncenter size-full wp-image-1698\" src=\"http:\/\/wordpress.nibis.de\/gswrestedt\/files\/2018\/12\/baum-helfen.jpg\" alt=\"\" width=\"800\" height=\"600\"><\/a>Nat\u00fcrlich wollten die Sch\u00fcler und Sch\u00fclerinnen ganz genau wissen, warum der Baum gef\u00e4llt wurde. <strong>Herr Nickolaus nahm sich die Zeit, zeigte und erkl\u00e4rte den Kindern genau, was dazu gef\u00fchrt hat<\/strong>. <a href=\"http:\/\/wordpress.nibis.de\/gswrestedt\/files\/2018\/12\/baum.jpg\"><img loading=\"lazy\" decoding=\"async\" class=\"aligncenter size-large wp-image-1699\" src=\"http:\/\/wordpress.nibis.de\/gswrestedt\/files\/2018\/12\/baum.jpg\" alt=\"\" width=\"640\" height=\"480\"><\/a><\/p>\n","protected":false},"excerpt":{"rendered":"<p>Der Bau des Kindergartens schreitet flott voran und in der Schule fanden schon erste Gespr\u00e4che mit der Landschaftsarchitektin zur Umgestaltung des Schulhofes statt. Ein kranker und alter Baum musste aus Sicherheitsgr\u00fcnden von unserem Hausmeister Herrn Nickolaus gef\u00e4llt und abtransportiert werden. &hellip; <a href=\"https:\/\/wordpress.nibis.de\/gswrestedt\/unser-schulhof\/\">Weiterlesen <span class=\"meta-nav\">&rarr;<\/span><\/a><\/p>\n","protected":false},"author":1020,"featured_media":0,"parent":0,"menu_order":0,"comment_status":"closed","ping_status":"closed","template":"","meta":{"footnotes":""},"class_list":["post-1697","page","type-page","status-publish","hentry"],"_links":{"self":[{"href":"https:\/\/wordpress.nibis.de\/gswrestedt\/wp-json\/wp\/v2\/pages\/1697","targetHints":{"allow":["GET"]}}],"collection":[{"href":"https:\/\/wordpress.nibis.de\/gswrestedt\/wp-json\/wp\/v2\/pages"}],"about":[{"href":"https:\/\/wordpress.nibis.de\/gswrestedt\/wp-json\/wp\/v2\/types\/page"}],"author":[{"embeddable":true,"href":"https:\/\/wordpress.nibis.de\/gswrestedt\/wp-json\/wp\/v2\/users\/1020"}],"replies":[{"embeddable":true,"href":"https:\/\/wordpress.nibis.de\/gswrestedt\/wp-json\/wp\/v2\/comments?post=1697"}],"version-history":[{"count":5,"href":"https:\/\/wordpress.nibis.de\/gswrestedt\/wp-json\/wp\/v2\/pages\/1697\/revisions"}],"predecessor-version":[{"id":2199,"href":"https:\/\/wordpress.nibis.de\/gswrestedt\/wp-json\/wp\/v2\/pages\/1697\/revisions\/2199"}],"wp:attachment":[{"href":"https:\/\/wordpress.nibis.de\/gswrestedt\/wp-json\/wp\/v2\/media?parent=1697"}],"curies":[{"name":"wp","href":"https:\/\/api.w.org\/{rel}","templated":true}]}}