{"id":1783,"date":"2019-02-25T14:33:37","date_gmt":"2019-02-25T13:33:37","guid":{"rendered":"http:\/\/wordpress.nibis.de\/gswrestedt\/?page_id=1783"},"modified":"2023-12-01T12:28:58","modified_gmt":"2023-12-01T11:28:58","slug":"theaterfahrt","status":"publish","type":"page","link":"https:\/\/wordpress.nibis.de\/gswrestedt\/theaterfahrt\/","title":{"rendered":"Theaterfahrt"},"content":{"rendered":"<p><strong>Am Freitag, den 01.12.2023<\/strong>\u00a0fuhren die<strong> die gesamte Grundschule Wrestedt<\/strong>\u00a0mit dem Bus <strong>nach Uelzen<\/strong> ins Theater.<\/p>\n<p><img loading=\"lazy\" decoding=\"async\" class=\"aligncenter size-medium wp-image-3185\" src=\"https:\/\/wordpress.nibis.de\/gswrestedt\/files\/2023\/12\/IMG_6329-300x170.jpeg\" alt=\"\" width=\"300\" height=\"170\" srcset=\"https:\/\/wordpress.nibis.de\/gswrestedt\/files\/2023\/12\/IMG_6329-300x170.jpeg 300w, https:\/\/wordpress.nibis.de\/gswrestedt\/files\/2023\/12\/IMG_6329-1024x579.jpeg 1024w, https:\/\/wordpress.nibis.de\/gswrestedt\/files\/2023\/12\/IMG_6329-768x434.jpeg 768w, https:\/\/wordpress.nibis.de\/gswrestedt\/files\/2023\/12\/IMG_6329.jpeg 1487w\" sizes=\"auto, (max-width: 300px) 100vw, 300px\" \/><\/p>\n<p style=\"text-align: left\">Dort wurde das Theaterst\u00fcck <strong>&#8222;der satanarch\u00e4ol\u00fcgenialkoh\u00e4llische <\/strong><strong>Wunschpunsch&#8220;<\/strong> vom Nordharz Theater aufgef\u00fchrt.<\/p>\n<p><img loading=\"lazy\" decoding=\"async\" class=\"aligncenter size-medium wp-image-3186\" src=\"https:\/\/wordpress.nibis.de\/gswrestedt\/files\/2023\/12\/IMG_6326-300x206.jpeg\" alt=\"\" width=\"300\" height=\"206\" srcset=\"https:\/\/wordpress.nibis.de\/gswrestedt\/files\/2023\/12\/IMG_6326-300x206.jpeg 300w, https:\/\/wordpress.nibis.de\/gswrestedt\/files\/2023\/12\/IMG_6326-1024x701.jpeg 1024w, https:\/\/wordpress.nibis.de\/gswrestedt\/files\/2023\/12\/IMG_6326-768x526.jpeg 768w, https:\/\/wordpress.nibis.de\/gswrestedt\/files\/2023\/12\/IMG_6326-1536x1052.jpeg 1536w, https:\/\/wordpress.nibis.de\/gswrestedt\/files\/2023\/12\/IMG_6326.jpeg 1578w\" sizes=\"auto, (max-width: 300px) 100vw, 300px\" \/><\/p>\n<p>Zum Inhalt: Es ist Silvester und Professor Beelzebub Irrwitzer und seine Tante, die Geldhexe Tyrannia Vamperl haben ein Problem: Sie haben die Natur in diesem Jahr nicht genug zerst\u00f6rt und sie m\u00fcssen das bis Mitternacht nachholen, sonst geht es ihnen an den Kragen. Ohne den satanarch\u00e4ol\u00fcgenialkoh\u00f6llischen Wunschpunsch haben sie da keine Chance, denn mit diesem komplizierten Gebr\u00e4u gehen alle W\u00fcnsche, auch die b\u00f6sesten, mir nix dir nix in Erf\u00fcllung. Das ahnen auch ein dicker Kater und ein rupfiger Rabe, Spione des Rats der Tiere, die in einem irrwitzigen Wettlauf gegen die Zeit versuchen das B\u00f6se zu besiegen, um die Welt zu retten. Ob und wie ihnen das gelingt, erz\u00e4hlt <strong>Michael Endes<\/strong> fantasievolle Geschichte, die noch nie so aktuell war wie heute.<\/p>\n<p><img loading=\"lazy\" decoding=\"async\" class=\"aligncenter size-large wp-image-3187\" src=\"https:\/\/wordpress.nibis.de\/gswrestedt\/files\/2023\/12\/IMG_6327-1024x692.jpeg\" alt=\"\" width=\"640\" height=\"433\" srcset=\"https:\/\/wordpress.nibis.de\/gswrestedt\/files\/2023\/12\/IMG_6327-1024x692.jpeg 1024w, https:\/\/wordpress.nibis.de\/gswrestedt\/files\/2023\/12\/IMG_6327-300x203.jpeg 300w, https:\/\/wordpress.nibis.de\/gswrestedt\/files\/2023\/12\/IMG_6327-768x519.jpeg 768w, https:\/\/wordpress.nibis.de\/gswrestedt\/files\/2023\/12\/IMG_6327-1536x1038.jpeg 1536w, https:\/\/wordpress.nibis.de\/gswrestedt\/files\/2023\/12\/IMG_6327-2048x1384.jpeg 2048w\" sizes=\"auto, (max-width: 640px) 100vw, 640px\" \/><\/p>\n","protected":false},"excerpt":{"rendered":"<p>Am Freitag, den 01.12.2023\u00a0fuhren die die gesamte Grundschule Wrestedt\u00a0mit dem Bus nach Uelzen ins Theater. Dort wurde das Theaterst\u00fcck &#8222;der satanarch\u00e4ol\u00fcgenialkoh\u00e4llische Wunschpunsch&#8220; vom Nordharz Theater aufgef\u00fchrt. Zum Inhalt: Es ist Silvester und Professor Beelzebub Irrwitzer und seine Tante, die Geldhexe &hellip; <a href=\"https:\/\/wordpress.nibis.de\/gswrestedt\/theaterfahrt\/\">Weiterlesen <span class=\"meta-nav\">&rarr;<\/span><\/a><\/p>\n","protected":false},"author":1020,"featured_media":0,"parent":0,"menu_order":0,"comment_status":"closed","ping_status":"closed","template":"","meta":{"footnotes":""},"class_list":["post-1783","page","type-page","status-publish","hentry"],"_links":{"self":[{"href":"https:\/\/wordpress.nibis.de\/gswrestedt\/wp-json\/wp\/v2\/pages\/1783","targetHints":{"allow":["GET"]}}],"collection":[{"href":"https:\/\/wordpress.nibis.de\/gswrestedt\/wp-json\/wp\/v2\/pages"}],"about":[{"href":"https:\/\/wordpress.nibis.de\/gswrestedt\/wp-json\/wp\/v2\/types\/page"}],"author":[{"embeddable":true,"href":"https:\/\/wordpress.nibis.de\/gswrestedt\/wp-json\/wp\/v2\/users\/1020"}],"replies":[{"embeddable":true,"href":"https:\/\/wordpress.nibis.de\/gswrestedt\/wp-json\/wp\/v2\/comments?post=1783"}],"version-history":[{"count":5,"href":"https:\/\/wordpress.nibis.de\/gswrestedt\/wp-json\/wp\/v2\/pages\/1783\/revisions"}],"predecessor-version":[{"id":3184,"href":"https:\/\/wordpress.nibis.de\/gswrestedt\/wp-json\/wp\/v2\/pages\/1783\/revisions\/3184"}],"wp:attachment":[{"href":"https:\/\/wordpress.nibis.de\/gswrestedt\/wp-json\/wp\/v2\/media?parent=1783"}],"curies":[{"name":"wp","href":"https:\/\/api.w.org\/{rel}","templated":true}]}}