{"id":1851,"date":"2019-05-12T10:55:52","date_gmt":"2019-05-12T08:55:52","guid":{"rendered":"https:\/\/wordpress.nibis.de\/gswrestedt\/?page_id=1851"},"modified":"2019-05-12T10:55:52","modified_gmt":"2019-05-12T08:55:52","slug":"welttag-des-buches-2019","status":"publish","type":"page","link":"https:\/\/wordpress.nibis.de\/gswrestedt\/welttag-des-buches-2019\/","title":{"rendered":"Welttag des Buches 2019"},"content":{"rendered":"\n<p><strong>Die Klassen 4a und 4b<\/strong> fuhren am <strong>10. Mai 2019<\/strong> mit dem Zug nach Uelzen und <strong>besuchten die Buchhandlung Decius<\/strong>.<\/p>\n\n\n\n<figure class=\"wp-block-image\"><img loading=\"lazy\" decoding=\"async\" width=\"800\" height=\"600\" src=\"https:\/\/wordpress.nibis.de\/gswrestedt\/files\/2019\/05\/IMG_6304-1.jpg\" alt=\"\" class=\"wp-image-1853\" srcset=\"https:\/\/wordpress.nibis.de\/gswrestedt\/files\/2019\/05\/IMG_6304-1.jpg 800w, https:\/\/wordpress.nibis.de\/gswrestedt\/files\/2019\/05\/IMG_6304-1-300x225.jpg 300w, https:\/\/wordpress.nibis.de\/gswrestedt\/files\/2019\/05\/IMG_6304-1-768x576.jpg 768w\" sizes=\"auto, (max-width: 800px) 100vw, 800px\" \/><\/figure>\n\n\n\n<p><strong>Frau Eilers<\/strong> von der Buchhandlung begr\u00fc\u00dfte die Kinder und fragte sie nach ihren Leseinteressen  und -gewohnheiten. Es fand ein reger gegenseitiger Austausch \u00fcber B\u00fccher statt. Die Kinder erfuhren, zu Ehren welchen Schriftstellers der <strong>Welttag des Buches<\/strong> gefeiert wird.<\/p>\n\n\n\n<p>Na, wissen Sie es?<\/p>\n\n\n\n<p><strong>Es ist William Shakespeare, <\/strong>der am der 23. April 1616 gestorben ist.<\/p>\n\n\n\n<p>Shakespeare ist der Verfasser einer <strong>ber\u00fchmten Liebesgeschichte<\/strong>. Lennart aus der Klasse 4b wusste sofort, dass es sich hierbei um <strong>Romeo und Julia<\/strong> handelt. <\/p>\n\n\n\n<p>Von Frau Eilers lernten die Kinder was Mangas sind, welcher Youtuber die Welt von Minecraft in einen Roman \u00fcbertrug (es ist Paluten!) und was passsieren wird, wenn alle nur noch online einkaufen.<\/p>\n\n\n\n<ul class=\"wp-block-gallery columns-2 is-cropped wp-block-gallery-1 is-layout-flex wp-block-gallery-is-layout-flex\"><li class=\"blocks-gallery-item\"><figure><img loading=\"lazy\" decoding=\"async\" width=\"768\" height=\"1024\" src=\"https:\/\/wordpress.nibis.de\/gswrestedt\/files\/2019\/05\/IMG_6321-768x1024.jpg\" alt=\"\" data-id=\"1855\" class=\"wp-image-1855\" srcset=\"https:\/\/wordpress.nibis.de\/gswrestedt\/files\/2019\/05\/IMG_6321-768x1024.jpg 768w, https:\/\/wordpress.nibis.de\/gswrestedt\/files\/2019\/05\/IMG_6321-225x300.jpg 225w, https:\/\/wordpress.nibis.de\/gswrestedt\/files\/2019\/05\/IMG_6321.jpg 800w\" sizes=\"auto, (max-width: 768px) 100vw, 768px\" \/><\/figure><\/li><li class=\"blocks-gallery-item\"><figure><img loading=\"lazy\" decoding=\"async\" width=\"800\" height=\"600\" src=\"https:\/\/wordpress.nibis.de\/gswrestedt\/files\/2019\/05\/IMG_6323-2.jpg\" alt=\"\" data-id=\"1857\" data-link=\"https:\/\/wordpress.nibis.de\/gswrestedt\/?attachment_id=1857\" class=\"wp-image-1857\" srcset=\"https:\/\/wordpress.nibis.de\/gswrestedt\/files\/2019\/05\/IMG_6323-2.jpg 800w, https:\/\/wordpress.nibis.de\/gswrestedt\/files\/2019\/05\/IMG_6323-2-300x225.jpg 300w, https:\/\/wordpress.nibis.de\/gswrestedt\/files\/2019\/05\/IMG_6323-2-768x576.jpg 768w\" sizes=\"auto, (max-width: 800px) 100vw, 800px\" \/><\/figure><\/li><\/ul>\n\n\n\n<p>Danach erkl\u00e4rte Frau Eilers <strong>die Rallye durch die Buchhandlung<\/strong>, teilte die Kinder in Gruppen ein und schickte die Sch\u00fcler auf Erkundungstour.<\/p>\n\n\n\n<ul class=\"wp-block-gallery columns-3 is-cropped wp-block-gallery-2 is-layout-flex wp-block-gallery-is-layout-flex\"><li class=\"blocks-gallery-item\"><figure><img loading=\"lazy\" decoding=\"async\" width=\"800\" height=\"600\" src=\"https:\/\/wordpress.nibis.de\/gswrestedt\/files\/2019\/05\/IMG_6309.jpg\" alt=\"\" data-id=\"1861\" data-link=\"https:\/\/wordpress.nibis.de\/gswrestedt\/?attachment_id=1861\" class=\"wp-image-1861\" srcset=\"https:\/\/wordpress.nibis.de\/gswrestedt\/files\/2019\/05\/IMG_6309.jpg 800w, https:\/\/wordpress.nibis.de\/gswrestedt\/files\/2019\/05\/IMG_6309-300x225.jpg 300w, https:\/\/wordpress.nibis.de\/gswrestedt\/files\/2019\/05\/IMG_6309-768x576.jpg 768w\" sizes=\"auto, (max-width: 800px) 100vw, 800px\" \/><\/figure><\/li><li class=\"blocks-gallery-item\"><figure><img loading=\"lazy\" decoding=\"async\" width=\"800\" height=\"600\" src=\"https:\/\/wordpress.nibis.de\/gswrestedt\/files\/2019\/05\/IMG_6314.jpg\" alt=\"\" data-id=\"1862\" data-link=\"https:\/\/wordpress.nibis.de\/gswrestedt\/?attachment_id=1862\" class=\"wp-image-1862\" srcset=\"https:\/\/wordpress.nibis.de\/gswrestedt\/files\/2019\/05\/IMG_6314.jpg 800w, https:\/\/wordpress.nibis.de\/gswrestedt\/files\/2019\/05\/IMG_6314-300x225.jpg 300w, https:\/\/wordpress.nibis.de\/gswrestedt\/files\/2019\/05\/IMG_6314-768x576.jpg 768w\" sizes=\"auto, (max-width: 800px) 100vw, 800px\" \/><\/figure><\/li><li class=\"blocks-gallery-item\"><figure><img loading=\"lazy\" decoding=\"async\" width=\"768\" height=\"1024\" src=\"https:\/\/wordpress.nibis.de\/gswrestedt\/files\/2019\/05\/IMG_6319-768x1024.jpg\" alt=\"\" data-id=\"1863\" data-link=\"https:\/\/wordpress.nibis.de\/gswrestedt\/?attachment_id=1863\" class=\"wp-image-1863\" srcset=\"https:\/\/wordpress.nibis.de\/gswrestedt\/files\/2019\/05\/IMG_6319-768x1024.jpg 768w, https:\/\/wordpress.nibis.de\/gswrestedt\/files\/2019\/05\/IMG_6319-225x300.jpg 225w, https:\/\/wordpress.nibis.de\/gswrestedt\/files\/2019\/05\/IMG_6319.jpg 800w\" sizes=\"auto, (max-width: 768px) 100vw, 768px\" \/><\/figure><\/li><li class=\"blocks-gallery-item\"><figure><img loading=\"lazy\" decoding=\"async\" width=\"800\" height=\"600\" src=\"https:\/\/wordpress.nibis.de\/gswrestedt\/files\/2019\/05\/IMG_6328.jpg\" alt=\"\" data-id=\"1864\" data-link=\"https:\/\/wordpress.nibis.de\/gswrestedt\/?attachment_id=1864\" class=\"wp-image-1864\" srcset=\"https:\/\/wordpress.nibis.de\/gswrestedt\/files\/2019\/05\/IMG_6328.jpg 800w, https:\/\/wordpress.nibis.de\/gswrestedt\/files\/2019\/05\/IMG_6328-300x225.jpg 300w, https:\/\/wordpress.nibis.de\/gswrestedt\/files\/2019\/05\/IMG_6328-768x576.jpg 768w\" sizes=\"auto, (max-width: 800px) 100vw, 800px\" \/><\/figure><\/li><li class=\"blocks-gallery-item\"><figure><img decoding=\"async\" src=\"https:\/\/wordpress.nibis.de\/gswrestedt\/files\/2019\/05\/IMG_6312-768x1024.jpg\" alt=\"\" data-id=\"1865\" data-link=\"https:\/\/wordpress.nibis.de\/gswrestedt\/?attachment_id=1865\" class=\"wp-image-1865\" \/><\/figure><\/li><li class=\"blocks-gallery-item\"><figure><img loading=\"lazy\" decoding=\"async\" width=\"768\" height=\"1024\" src=\"https:\/\/wordpress.nibis.de\/gswrestedt\/files\/2019\/05\/IMG_6317-768x1024.jpg\" alt=\"\" data-id=\"1866\" data-link=\"https:\/\/wordpress.nibis.de\/gswrestedt\/?attachment_id=1866\" class=\"wp-image-1866\" srcset=\"https:\/\/wordpress.nibis.de\/gswrestedt\/files\/2019\/05\/IMG_6317-768x1024.jpg 768w, https:\/\/wordpress.nibis.de\/gswrestedt\/files\/2019\/05\/IMG_6317-225x300.jpg 225w, https:\/\/wordpress.nibis.de\/gswrestedt\/files\/2019\/05\/IMG_6317.jpg 800w\" sizes=\"auto, (max-width: 768px) 100vw, 768px\" \/><\/figure><\/li><\/ul>\n\n\n\n<p>Ein besonderes Highlight war der Lastenaufzug, der<strong> in den Keller<\/strong> f\u00fchrte. Dort gab es so einiges zu entdecken. Man munkelt, es wurde mal ein Lehrer im Keller vergessen.<\/p>\n\n\n\n<ul class=\"wp-block-gallery columns-3 is-cropped wp-block-gallery-3 is-layout-flex wp-block-gallery-is-layout-flex\"><li class=\"blocks-gallery-item\"><figure><img decoding=\"async\" src=\"https:\/\/wordpress.nibis.de\/gswrestedt\/files\/2019\/05\/IMG_6298.jpg\" alt=\"\" data-id=\"1868\" data-link=\"https:\/\/wordpress.nibis.de\/gswrestedt\/?attachment_id=1868\" class=\"wp-image-1868\" \/><\/figure><\/li><li class=\"blocks-gallery-item\"><figure><img loading=\"lazy\" decoding=\"async\" width=\"800\" height=\"600\" src=\"https:\/\/wordpress.nibis.de\/gswrestedt\/files\/2019\/05\/IMG_6339.jpg\" alt=\"\" data-id=\"1870\" data-link=\"https:\/\/wordpress.nibis.de\/gswrestedt\/?attachment_id=1870\" class=\"wp-image-1870\" srcset=\"https:\/\/wordpress.nibis.de\/gswrestedt\/files\/2019\/05\/IMG_6339.jpg 800w, https:\/\/wordpress.nibis.de\/gswrestedt\/files\/2019\/05\/IMG_6339-300x225.jpg 300w, https:\/\/wordpress.nibis.de\/gswrestedt\/files\/2019\/05\/IMG_6339-768x576.jpg 768w\" sizes=\"auto, (max-width: 800px) 100vw, 800px\" \/><\/figure><\/li><li class=\"blocks-gallery-item\"><figure><img loading=\"lazy\" decoding=\"async\" width=\"800\" height=\"600\" src=\"https:\/\/wordpress.nibis.de\/gswrestedt\/files\/2019\/05\/IMG_6340.jpg\" alt=\"\" data-id=\"1871\" data-link=\"https:\/\/wordpress.nibis.de\/gswrestedt\/?attachment_id=1871\" class=\"wp-image-1871\" srcset=\"https:\/\/wordpress.nibis.de\/gswrestedt\/files\/2019\/05\/IMG_6340.jpg 800w, https:\/\/wordpress.nibis.de\/gswrestedt\/files\/2019\/05\/IMG_6340-300x225.jpg 300w, https:\/\/wordpress.nibis.de\/gswrestedt\/files\/2019\/05\/IMG_6340-768x576.jpg 768w\" sizes=\"auto, (max-width: 800px) 100vw, 800px\" \/><\/figure><\/li><\/ul>\n\n\n\n<div class=\"wp-block-media-text alignwide\"><figure class=\"wp-block-media-text__media\"><img decoding=\"async\" src=\"https:\/\/wordpress.nibis.de\/gswrestedt\/files\/2019\/05\/IMG_6364-2-1-225x300.jpg\" alt=\"\" class=\"wp-image-1886\" \/><\/figure><div class=\"wp-block-media-text__content\">\n<p>\nZum Abschluss bekamen die Kinder noch <strong>ein Buch geschenkt<\/strong>. Der bekannte Kinder- und Jugendbuchautor <strong>THiLO<\/strong> (der \u00fcbrigens in der elterlichen Buchhandlung aufwuchs) hat eigens f\u00fcr den Welttag des Buches den Roman &#8222;<strong>Der geheime Kontinent<\/strong>&#8220; verfasst, an den sich auch in diesem Jahr wieder ein 32-seitiger<strong> Comic von Timo Grubing<\/strong> anschlie\u00dft.\n\n<\/p>\n<\/div><\/div>\n\n\n\n<p>Die Kinder der Klasse 4a und 4b und ihre Klassenlehrerinnen der Grundschule Wrestedt <strong>bedanken sich ganz herzlich bei Frau Eilers<\/strong> <strong>von der Buchhandlung Decius<\/strong>, dass sie sich Zeit genommen hat alles zu zeigen und zu erkl\u00e4ren und uns so einen tollen Tag erm\u00f6glicht hat.<\/p>\n\n\n\n<p style=\"text-align:center\" class=\"has-large-font-size\"><strong>Herzlichen Dank!<\/strong><\/p>\n\n\n\n<p>Zum Schluss gab sie den Kindern mit auf den Weg, dass <strong>die Mitarbeiter der Buchhandlung immer Ansprechspartner sind und Hilfe geben<\/strong> &#8211; auch wenn es mal nicht um ein Buch geht. <\/p>\n\n\n\n<div class=\"wp-block-image\"><figure class=\"aligncenter is-resized\"><img loading=\"lazy\" decoding=\"async\" src=\"https:\/\/wordpress.nibis.de\/gswrestedt\/files\/2019\/05\/IMG_6303.jpg\" alt=\"\" class=\"wp-image-1872\" width=\"223\" height=\"179\" srcset=\"https:\/\/wordpress.nibis.de\/gswrestedt\/files\/2019\/05\/IMG_6303.jpg 800w, https:\/\/wordpress.nibis.de\/gswrestedt\/files\/2019\/05\/IMG_6303-300x241.jpg 300w, https:\/\/wordpress.nibis.de\/gswrestedt\/files\/2019\/05\/IMG_6303-768x616.jpg 768w\" sizes=\"auto, (max-width: 223px) 100vw, 223px\" \/><figcaption>Hier finden Kinder Hilfe in der Not.<\/figcaption><\/figure><\/div>\n","protected":false},"excerpt":{"rendered":"<p>Die Klassen 4a und 4b fuhren am 10. Mai 2019 mit dem Zug nach Uelzen und besuchten die Buchhandlung Decius. Frau Eilers von der Buchhandlung begr\u00fc\u00dfte die Kinder und fragte sie nach ihren Leseinteressen und -gewohnheiten. Es fand ein reger &hellip; <a href=\"https:\/\/wordpress.nibis.de\/gswrestedt\/welttag-des-buches-2019\/\">Weiterlesen <span class=\"meta-nav\">&rarr;<\/span><\/a><\/p>\n","protected":false},"author":1020,"featured_media":0,"parent":0,"menu_order":0,"comment_status":"closed","ping_status":"closed","template":"","meta":{"footnotes":""},"class_list":["post-1851","page","type-page","status-publish","hentry"],"_links":{"self":[{"href":"https:\/\/wordpress.nibis.de\/gswrestedt\/wp-json\/wp\/v2\/pages\/1851","targetHints":{"allow":["GET"]}}],"collection":[{"href":"https:\/\/wordpress.nibis.de\/gswrestedt\/wp-json\/wp\/v2\/pages"}],"about":[{"href":"https:\/\/wordpress.nibis.de\/gswrestedt\/wp-json\/wp\/v2\/types\/page"}],"author":[{"embeddable":true,"href":"https:\/\/wordpress.nibis.de\/gswrestedt\/wp-json\/wp\/v2\/users\/1020"}],"replies":[{"embeddable":true,"href":"https:\/\/wordpress.nibis.de\/gswrestedt\/wp-json\/wp\/v2\/comments?post=1851"}],"version-history":[{"count":17,"href":"https:\/\/wordpress.nibis.de\/gswrestedt\/wp-json\/wp\/v2\/pages\/1851\/revisions"}],"predecessor-version":[{"id":1889,"href":"https:\/\/wordpress.nibis.de\/gswrestedt\/wp-json\/wp\/v2\/pages\/1851\/revisions\/1889"}],"wp:attachment":[{"href":"https:\/\/wordpress.nibis.de\/gswrestedt\/wp-json\/wp\/v2\/media?parent=1851"}],"curies":[{"name":"wp","href":"https:\/\/api.w.org\/{rel}","templated":true}]}}