{"id":1899,"date":"2019-06-05T19:54:16","date_gmt":"2019-06-05T17:54:16","guid":{"rendered":"https:\/\/wordpress.nibis.de\/gswrestedt\/?page_id=1899"},"modified":"2020-01-09T14:58:11","modified_gmt":"2020-01-09T13:58:11","slug":"schulhofumgestaltung-stand-juni-2019","status":"publish","type":"page","link":"https:\/\/wordpress.nibis.de\/gswrestedt\/schulhofumgestaltung-stand-juni-2019\/","title":{"rendered":"Juni 2019"},"content":{"rendered":"\n<p><br>Der <strong>Kindergartenneubau<\/strong> auf unserer Sportwiese hat <strong>unser Gel\u00e4nde fast halbiert<\/strong> und das Verh\u00e4ltnis zwischen Gr\u00fcnland und befestigter Fl\u00e4che<strong> ung\u00fcnstig ver\u00e4ndert<\/strong>.<\/p>\n\n\n\n<div class=\"wp-block-image\"><figure class=\"aligncenter is-resized\"><img loading=\"lazy\" decoding=\"async\" src=\"https:\/\/wordpress.nibis.de\/gswrestedt\/files\/2019\/06\/IMG_3329-1024x768.jpg\" alt=\"\" class=\"wp-image-1905\" width=\"341\" height=\"256\" srcset=\"https:\/\/wordpress.nibis.de\/gswrestedt\/files\/2019\/06\/IMG_3329-1024x768.jpg 1024w, https:\/\/wordpress.nibis.de\/gswrestedt\/files\/2019\/06\/IMG_3329-300x225.jpg 300w, https:\/\/wordpress.nibis.de\/gswrestedt\/files\/2019\/06\/IMG_3329-768x576.jpg 768w\" sizes=\"auto, (max-width: 341px) 100vw, 341px\" \/><\/figure><\/div>\n\n\n\n<p>Nachdem wir im vergangenen Herbst mit allen Beteiligten (Eltern, Kinder, Kollegium) <strong>W\u00fcnsche f\u00fcr unser Au\u00dfengel\u00e4nde in einer Liste erfasst<\/strong> und diskutiert haben, erstellte Frau Wendland (Landschaftsplanerin aus Hannover) einen Plan f\u00fcr die m\u00f6gliche Gestaltung.<\/p>\n\n\n\n<p>Da dieser Plan unsere finanziellen M\u00f6glichkeiten (230.000 \u20ac) sprengte, wurde erneut mit allen eine <strong>Priorit\u00e4tenliste erarbeitet<\/strong>.<\/p>\n\n\n\n<p><strong>Samtgemeindeb\u00fcrgermeister Michael M\u00fcller erl\u00e4uterte, dass die Gemeinde zurzeit nicht \u00fcber die Mittel verf\u00fcgt, uns zu unterst\u00fctzen!<\/strong><\/p>\n\n\n\n<div class=\"wp-block-image\"><figure class=\"aligncenter is-resized\"><img loading=\"lazy\" decoding=\"async\" src=\"https:\/\/wordpress.nibis.de\/gswrestedt\/files\/2019\/06\/IMG_3347-1-1024x768.jpg\" alt=\"\" class=\"wp-image-1911\" width=\"346\" height=\"259\" srcset=\"https:\/\/wordpress.nibis.de\/gswrestedt\/files\/2019\/06\/IMG_3347-1.jpg 1024w, https:\/\/wordpress.nibis.de\/gswrestedt\/files\/2019\/06\/IMG_3347-1-300x225.jpg 300w, https:\/\/wordpress.nibis.de\/gswrestedt\/files\/2019\/06\/IMG_3347-1-768x576.jpg 768w\" sizes=\"auto, (max-width: 346px) 100vw, 346px\" \/><\/figure><\/div>\n\n\n\n<p>Die Arbeitsgruppe pr\u00fcfte die M\u00f6glichkeiten, <strong>F\u00f6rdermittel bei \u00f6ffentlichen oder privaten Stiftungen einzuwerben<\/strong> (z.B. Bingolotto).<\/p>\n\n\n\n<p><strong>Die Samtgemeinde Aue m\u00f6chte die vorliegenden Pl\u00e4ne nun erst pr\u00fcfen<\/strong>, bevor wir diese Stiftungen anschreiben d\u00fcrfen!<\/p>\n\n\n\n<p>Wenn Sie unsere Schule unterst\u00fctzen m\u00f6chten, dann sehen Sie sich den <a href=\"https:\/\/wordpress.nibis.de\/gswrestedt\/files\/2019\/06\/Folder-8seiter-Din-lang_Schulhof-final-WEB.pdf\" target=\"_blank\" rel=\"noreferrer noopener\" aria-label=\" (\u00f6ffnet in neuem Tab)\">Flyer<\/a> an. Gerne k\u00f6nnen Sie ihn sich auch ausdrucken.<\/p>\n","protected":false},"excerpt":{"rendered":"<p>Der Kindergartenneubau auf unserer Sportwiese hat unser Gel\u00e4nde fast halbiert und das Verh\u00e4ltnis zwischen Gr\u00fcnland und befestigter Fl\u00e4che ung\u00fcnstig ver\u00e4ndert. Nachdem wir im vergangenen Herbst mit allen Beteiligten (Eltern, Kinder, Kollegium) W\u00fcnsche f\u00fcr unser Au\u00dfengel\u00e4nde in einer Liste erfasst und &hellip; <a href=\"https:\/\/wordpress.nibis.de\/gswrestedt\/schulhofumgestaltung-stand-juni-2019\/\">Weiterlesen <span class=\"meta-nav\">&rarr;<\/span><\/a><\/p>\n","protected":false},"author":1020,"featured_media":0,"parent":0,"menu_order":0,"comment_status":"closed","ping_status":"closed","template":"","meta":{"footnotes":""},"class_list":["post-1899","page","type-page","status-publish","hentry"],"_links":{"self":[{"href":"https:\/\/wordpress.nibis.de\/gswrestedt\/wp-json\/wp\/v2\/pages\/1899","targetHints":{"allow":["GET"]}}],"collection":[{"href":"https:\/\/wordpress.nibis.de\/gswrestedt\/wp-json\/wp\/v2\/pages"}],"about":[{"href":"https:\/\/wordpress.nibis.de\/gswrestedt\/wp-json\/wp\/v2\/types\/page"}],"author":[{"embeddable":true,"href":"https:\/\/wordpress.nibis.de\/gswrestedt\/wp-json\/wp\/v2\/users\/1020"}],"replies":[{"embeddable":true,"href":"https:\/\/wordpress.nibis.de\/gswrestedt\/wp-json\/wp\/v2\/comments?post=1899"}],"version-history":[{"count":9,"href":"https:\/\/wordpress.nibis.de\/gswrestedt\/wp-json\/wp\/v2\/pages\/1899\/revisions"}],"predecessor-version":[{"id":2198,"href":"https:\/\/wordpress.nibis.de\/gswrestedt\/wp-json\/wp\/v2\/pages\/1899\/revisions\/2198"}],"wp:attachment":[{"href":"https:\/\/wordpress.nibis.de\/gswrestedt\/wp-json\/wp\/v2\/media?parent=1899"}],"curies":[{"name":"wp","href":"https:\/\/api.w.org\/{rel}","templated":true}]}}