{"id":1929,"date":"2019-06-10T20:21:39","date_gmt":"2019-06-10T18:21:39","guid":{"rendered":"https:\/\/wordpress.nibis.de\/gswrestedt\/?page_id=1929"},"modified":"2023-04-29T12:41:14","modified_gmt":"2023-04-29T10:41:14","slug":"zirkus-morelli","status":"publish","type":"page","link":"https:\/\/wordpress.nibis.de\/gswrestedt\/zirkus-morelli\/","title":{"rendered":"Zirkus Morelli"},"content":{"rendered":"\n<p>Vom 24.06. bis 28.04.2023 fand an unserer Grundschule die <strong>Projektwoche &#8222;Zirkus&#8220; <\/strong>mit dem <strong><a rel=\"noreferrer noopener\" aria-label=\" (\u00f6ffnet in neuem Tab)\" href=\"http:\/\/www.circus-morelli.de\/\" target=\"_blank\">Circus Morelli<\/a><\/strong> statt.<\/p>\n\n\n\n<div class=\"wp-block-image\"><figure class=\"aligncenter is-resized\"><img loading=\"lazy\" decoding=\"async\" src=\"https:\/\/wordpress.nibis.de\/gswrestedt\/files\/2019\/06\/morelli.jpg\" alt=\"\" class=\"wp-image-1971\" width=\"376\" height=\"282\" srcset=\"https:\/\/wordpress.nibis.de\/gswrestedt\/files\/2019\/06\/morelli.jpg 800w, https:\/\/wordpress.nibis.de\/gswrestedt\/files\/2019\/06\/morelli-300x225.jpg 300w, https:\/\/wordpress.nibis.de\/gswrestedt\/files\/2019\/06\/morelli-768x576.jpg 768w\" sizes=\"auto, (max-width: 376px) 100vw, 376px\" \/><\/figure><\/div>\n\n\n\n<p>Es war eine<strong> wundersch\u00f6ne Zirkuswoche, die mit 2 tollen Vorstellungen gekr\u00f6nt wurde<\/strong>. Jedes Kind trat in der Manege auf und wuchs \u00fcber sich hinaus. Daf\u00fcr gab es <strong>jede Menge Applaus.<\/strong><\/p>\n\n\n\n<p><strong>Danke sagen m\u00f6chten wir Familie Maatz<\/strong> vom Zirkus Morelli, die durch ihre langj\u00e4hrige Erfahrung und <strong>gute Organisation<\/strong> jedes Kind zu einem tollen Erlebnis f\u00fchrte.<\/p>\n\n\n\n<p><strong>Au\u00dferdem danken wir den M\u00fcttern vom F\u00f6rderkreis<\/strong>, die durch ihren Einsatz bei vielen verschiedenen Gelegenheiten das Zirkusprojekt zum gr\u00f6\u00dften Teil mitfinanziert haben, damit die Kosten f\u00fcr die Familien m\u00f6glichst gering bleiben.<\/p>\n","protected":false},"excerpt":{"rendered":"<p>Vom 24.06. bis 28.04.2023 fand an unserer Grundschule die Projektwoche &#8222;Zirkus&#8220; mit dem Circus Morelli statt. Es war eine wundersch\u00f6ne Zirkuswoche, die mit 2 tollen Vorstellungen gekr\u00f6nt wurde. Jedes Kind trat in der Manege auf und wuchs \u00fcber sich hinaus. &hellip; <a href=\"https:\/\/wordpress.nibis.de\/gswrestedt\/zirkus-morelli\/\">Weiterlesen <span class=\"meta-nav\">&rarr;<\/span><\/a><\/p>\n","protected":false},"author":1020,"featured_media":0,"parent":0,"menu_order":0,"comment_status":"closed","ping_status":"closed","template":"","meta":{"footnotes":""},"class_list":["post-1929","page","type-page","status-publish","hentry"],"_links":{"self":[{"href":"https:\/\/wordpress.nibis.de\/gswrestedt\/wp-json\/wp\/v2\/pages\/1929","targetHints":{"allow":["GET"]}}],"collection":[{"href":"https:\/\/wordpress.nibis.de\/gswrestedt\/wp-json\/wp\/v2\/pages"}],"about":[{"href":"https:\/\/wordpress.nibis.de\/gswrestedt\/wp-json\/wp\/v2\/types\/page"}],"author":[{"embeddable":true,"href":"https:\/\/wordpress.nibis.de\/gswrestedt\/wp-json\/wp\/v2\/users\/1020"}],"replies":[{"embeddable":true,"href":"https:\/\/wordpress.nibis.de\/gswrestedt\/wp-json\/wp\/v2\/comments?post=1929"}],"version-history":[{"count":6,"href":"https:\/\/wordpress.nibis.de\/gswrestedt\/wp-json\/wp\/v2\/pages\/1929\/revisions"}],"predecessor-version":[{"id":3015,"href":"https:\/\/wordpress.nibis.de\/gswrestedt\/wp-json\/wp\/v2\/pages\/1929\/revisions\/3015"}],"wp:attachment":[{"href":"https:\/\/wordpress.nibis.de\/gswrestedt\/wp-json\/wp\/v2\/media?parent=1929"}],"curies":[{"name":"wp","href":"https:\/\/api.w.org\/{rel}","templated":true}]}}