{"id":194,"date":"2016-05-24T10:45:02","date_gmt":"2016-05-24T08:45:02","guid":{"rendered":"http:\/\/wordpress.nibis.de\/gswrestedt\/?page_id=194"},"modified":"2024-06-13T21:18:40","modified_gmt":"2024-06-13T19:18:40","slug":"adac","status":"publish","type":"page","link":"https:\/\/wordpress.nibis.de\/gswrestedt\/adac\/","title":{"rendered":"ADAC Fahrradturnier"},"content":{"rendered":"<p>Am <strong>11. und 12.06.2024<\/strong>\u00a0fand f\u00fcr die Sch\u00fcler und Sch\u00fclerinnen der Grundschule Wrestedt das <strong>Jugend-Fahrrad-Turnier &#8222;Mit Sicherheit ans Ziel&#8220;<\/strong>\u00a0in Zusammenarbeit mit dem <strong>ADAC<\/strong> statt.<\/p>\n<p><img loading=\"lazy\" decoding=\"async\" class=\"aligncenter wp-image-3305 size-medium\" src=\"https:\/\/wordpress.nibis.de\/gswrestedt\/files\/2024\/06\/Raupe-mit-Helm-kleiner-225x300.jpg\" alt=\"\" width=\"225\" height=\"300\" srcset=\"https:\/\/wordpress.nibis.de\/gswrestedt\/files\/2024\/06\/Raupe-mit-Helm-kleiner-225x300.jpg 225w, https:\/\/wordpress.nibis.de\/gswrestedt\/files\/2024\/06\/Raupe-mit-Helm-kleiner-768x1024.jpg 768w, https:\/\/wordpress.nibis.de\/gswrestedt\/files\/2024\/06\/Raupe-mit-Helm-kleiner.jpg 800w\" sizes=\"auto, (max-width: 225px) 100vw, 225px\" \/><\/p>\n<p><strong>Es wurde ge\u00fcbt, das Fahrrad auch in schwierigen Situationen zu beherrschen und wichtige sicherheitsrelevante Verhaltensweisen anzuwenden.<\/strong><\/p>\n<p>Vor der Fahrt wurde die Strecke von allen Kindern einmal<strong> zu Fu\u00df abgelaufen<\/strong> und die <strong>einzelnen \u00dcbungen wurden erkl\u00e4rt. <\/strong>Au\u00dferdem wurde gepr\u00fcft, ob die <strong>Helme richtig sitzen<\/strong>. Und wo war nochmal die <strong>linke Hand<\/strong>, mit der ein <strong>Spurwechsel<\/strong> angezeigt werden muss? Kurz bevor es los ging, waren die Kinder richtig <strong>nerv\u00f6s<\/strong>. Doch die <strong>ehrenamtlichen Helfer vom ADAC<\/strong> hatten beruhigende und Mut machende Worte parat.<\/p>\n<p><img loading=\"lazy\" decoding=\"async\" class=\"alignright wp-image-3302 size-full\" src=\"https:\/\/wordpress.nibis.de\/gswrestedt\/files\/2024\/06\/Erklaerung-kleiner.jpg\" alt=\"\" width=\"800\" height=\"600\" srcset=\"https:\/\/wordpress.nibis.de\/gswrestedt\/files\/2024\/06\/Erklaerung-kleiner.jpg 800w, https:\/\/wordpress.nibis.de\/gswrestedt\/files\/2024\/06\/Erklaerung-kleiner-300x225.jpg 300w, https:\/\/wordpress.nibis.de\/gswrestedt\/files\/2024\/06\/Erklaerung-kleiner-768x576.jpg 768w\" sizes=\"auto, (max-width: 800px) 100vw, 800px\" \/><\/p>\n<p>Insgesamt warteten <strong>acht praktische \u00dcbungen<\/strong> auf die Kinder.<\/p>\n<p>Bei dem <strong>&#8222;S&#8220; aus aufgestellten Kl\u00f6tzchen<\/strong> musste man ganz sicher fahren, damit weder die Holzkl\u00f6tze, noch das Fahrrad umkippen. Beim <strong>Spurwechsel<\/strong> mussten die Kinder an den <strong>Schulterblick<\/strong> nach hinten denken. Die gef\u00fcrchtete <strong>&#8222;Kette&#8220;<\/strong> war den Dritt- und Viertkl\u00e4sslern vorbehalten.\u00a0Beim <strong>Slalom<\/strong> am Ende des Parcours kam es auf <strong>Schnelligkeit<\/strong> an.<\/p>\n<p><img loading=\"lazy\" decoding=\"async\" class=\"alignleft size-medium wp-image-3306\" src=\"https:\/\/wordpress.nibis.de\/gswrestedt\/files\/2024\/06\/Start-kleiner-225x300.jpg\" alt=\"\" width=\"225\" height=\"300\" srcset=\"https:\/\/wordpress.nibis.de\/gswrestedt\/files\/2024\/06\/Start-kleiner-225x300.jpg 225w, https:\/\/wordpress.nibis.de\/gswrestedt\/files\/2024\/06\/Start-kleiner-768x1024.jpg 768w, https:\/\/wordpress.nibis.de\/gswrestedt\/files\/2024\/06\/Start-kleiner.jpg 800w\" sizes=\"auto, (max-width: 225px) 100vw, 225px\" \/><\/p>\n<p><img loading=\"lazy\" decoding=\"async\" class=\"alignright size-medium wp-image-3304\" src=\"https:\/\/wordpress.nibis.de\/gswrestedt\/files\/2024\/06\/Fahrraeder-kleiner-300x225.jpg\" alt=\"\" width=\"300\" height=\"225\" srcset=\"https:\/\/wordpress.nibis.de\/gswrestedt\/files\/2024\/06\/Fahrraeder-kleiner-300x225.jpg 300w, https:\/\/wordpress.nibis.de\/gswrestedt\/files\/2024\/06\/Fahrraeder-kleiner-768x576.jpg 768w, https:\/\/wordpress.nibis.de\/gswrestedt\/files\/2024\/06\/Fahrraeder-kleiner.jpg 800w\" sizes=\"auto, (max-width: 300px) 100vw, 300px\" \/><\/p>\n<p>\u00a0<\/p>\n<p>\u00a0<\/p>\n<p>\u00a0<\/p>\n<p>\u00a0<\/p>\n<p>\u00a0<\/p>\n<p>\u00a0<\/p>\n<p>\u00a0<\/p>\n<p>Nach dem Turnier berichtete uns das Team vom ADAC, dass unsere Sch\u00fclerinnen und Sch\u00fcler im Vergleich zu anderen Schulen auff\u00e4llig <strong>sicher im Umgang mit dem Fahrrad<\/strong> sind. Eine tolle R\u00fcckmeldung!<\/p>\n<p style=\"text-align: center\"><strong>Wir danken dem Team vom ADAC f\u00fcr ihre tolle Arbeit. <\/strong><strong>Das Turnier hat den Kindern wieder gro\u00dfen Spa\u00df gemacht!<\/strong><\/p>\n<p>\u00a0<\/p>\n\n\n<p><\/p>\n","protected":false},"excerpt":{"rendered":"<p>Am 11. und 12.06.2024\u00a0fand f\u00fcr die Sch\u00fcler und Sch\u00fclerinnen der Grundschule Wrestedt das Jugend-Fahrrad-Turnier &#8222;Mit Sicherheit ans Ziel&#8220;\u00a0in Zusammenarbeit mit dem ADAC statt. Es wurde ge\u00fcbt, das Fahrrad auch in schwierigen Situationen zu beherrschen und wichtige sicherheitsrelevante Verhaltensweisen anzuwenden. Vor &hellip; <a href=\"https:\/\/wordpress.nibis.de\/gswrestedt\/adac\/\">Weiterlesen <span class=\"meta-nav\">&rarr;<\/span><\/a><\/p>\n","protected":false},"author":1020,"featured_media":0,"parent":0,"menu_order":0,"comment_status":"closed","ping_status":"closed","template":"","meta":{"footnotes":""},"class_list":["post-194","page","type-page","status-publish","hentry"],"_links":{"self":[{"href":"https:\/\/wordpress.nibis.de\/gswrestedt\/wp-json\/wp\/v2\/pages\/194","targetHints":{"allow":["GET"]}}],"collection":[{"href":"https:\/\/wordpress.nibis.de\/gswrestedt\/wp-json\/wp\/v2\/pages"}],"about":[{"href":"https:\/\/wordpress.nibis.de\/gswrestedt\/wp-json\/wp\/v2\/types\/page"}],"author":[{"embeddable":true,"href":"https:\/\/wordpress.nibis.de\/gswrestedt\/wp-json\/wp\/v2\/users\/1020"}],"replies":[{"embeddable":true,"href":"https:\/\/wordpress.nibis.de\/gswrestedt\/wp-json\/wp\/v2\/comments?post=194"}],"version-history":[{"count":22,"href":"https:\/\/wordpress.nibis.de\/gswrestedt\/wp-json\/wp\/v2\/pages\/194\/revisions"}],"predecessor-version":[{"id":3311,"href":"https:\/\/wordpress.nibis.de\/gswrestedt\/wp-json\/wp\/v2\/pages\/194\/revisions\/3311"}],"wp:attachment":[{"href":"https:\/\/wordpress.nibis.de\/gswrestedt\/wp-json\/wp\/v2\/media?parent=194"}],"curies":[{"name":"wp","href":"https:\/\/api.w.org\/{rel}","templated":true}]}}