{"id":1958,"date":"2019-06-19T19:24:59","date_gmt":"2019-06-19T17:24:59","guid":{"rendered":"https:\/\/wordpress.nibis.de\/gswrestedt\/?page_id=1958"},"modified":"2019-06-20T21:31:18","modified_gmt":"2019-06-20T19:31:18","slug":"mathematikunterricht","status":"publish","type":"page","link":"https:\/\/wordpress.nibis.de\/gswrestedt\/mathematikunterricht\/","title":{"rendered":"Mathematikunterricht"},"content":{"rendered":"\n<p>Kurz vor den Sommerferien, bei 30\u00b0 Grad in der Sonne,<strong> in der 4. Stunde (Mathe Unterricht!) <\/strong>muss noch ein &#8222;gro\u00dfes Thema&#8220; bearbeitet werden, <strong>die Hohlma\u00dfe<\/strong>!<\/p>\n\n\n\n<p style=\"text-align:center\">Kurz gesagt: <strong>Liter und Milliliter.<\/strong><\/p>\n\n\n\n<div class=\"wp-block-image\"><figure class=\"aligncenter is-resized\"><img loading=\"lazy\" decoding=\"async\" src=\"https:\/\/wordpress.nibis.de\/gswrestedt\/files\/2019\/06\/gef\u00e4\u00dfe.jpg\" alt=\"\" class=\"wp-image-1961\" width=\"363\" height=\"272\" srcset=\"https:\/\/wordpress.nibis.de\/gswrestedt\/files\/2019\/06\/gef\u00e4\u00dfe.jpg 800w, https:\/\/wordpress.nibis.de\/gswrestedt\/files\/2019\/06\/gef\u00e4\u00dfe-300x225.jpg 300w, https:\/\/wordpress.nibis.de\/gswrestedt\/files\/2019\/06\/gef\u00e4\u00dfe-768x576.jpg 768w\" sizes=\"auto, (max-width: 363px) 100vw, 363px\" \/><\/figure><\/div>\n\n\n\n<p>Um das Thema <strong>spannend, nachhaltig und handelnd<\/strong> einzuf\u00fchren, ging es nach drau\u00dfen mit s\u00e4mtlichen Gef\u00e4\u00dfen, die die Kinder mitgebracht hatten. <\/p>\n\n\n\n<div class=\"wp-block-image\"><figure class=\"aligncenter is-resized\"><img loading=\"lazy\" decoding=\"async\" src=\"https:\/\/wordpress.nibis.de\/gswrestedt\/files\/2019\/06\/Wasserbecher.jpg\" alt=\"\" class=\"wp-image-1962\" width=\"389\" height=\"292\" srcset=\"https:\/\/wordpress.nibis.de\/gswrestedt\/files\/2019\/06\/Wasserbecher.jpg 800w, https:\/\/wordpress.nibis.de\/gswrestedt\/files\/2019\/06\/Wasserbecher-300x225.jpg 300w, https:\/\/wordpress.nibis.de\/gswrestedt\/files\/2019\/06\/Wasserbecher-768x576.jpg 768w\" sizes=\"auto, (max-width: 389px) 100vw, 389px\" \/><\/figure><\/div>\n\n\n\n<p>Nun wurde gesch\u00e4tzt, wie viel Fl\u00fcssigkeit in einen Beh\u00e4lter passt, gemessen, welche Menge <strong>wirklich<\/strong> reinpasst, mit den verschiedenen Gr\u00f6\u00dfen experimentiert und es wurden kleine Denkaufgaben ausprobiert.<\/p>\n\n\n\n<ul class=\"wp-block-gallery columns-3 is-cropped wp-block-gallery-1 is-layout-flex wp-block-gallery-is-layout-flex\"><li class=\"blocks-gallery-item\"><figure><img loading=\"lazy\" decoding=\"async\" width=\"768\" height=\"1024\" src=\"https:\/\/wordpress.nibis.de\/gswrestedt\/files\/2019\/06\/matheo-768x1024.jpg\" alt=\"\" data-id=\"1959\" class=\"wp-image-1959\" srcset=\"https:\/\/wordpress.nibis.de\/gswrestedt\/files\/2019\/06\/matheo-768x1024.jpg 768w, https:\/\/wordpress.nibis.de\/gswrestedt\/files\/2019\/06\/matheo-225x300.jpg 225w, https:\/\/wordpress.nibis.de\/gswrestedt\/files\/2019\/06\/matheo.jpg 800w\" sizes=\"auto, (max-width: 768px) 100vw, 768px\" \/><\/figure><\/li><li class=\"blocks-gallery-item\"><figure><img loading=\"lazy\" decoding=\"async\" width=\"768\" height=\"1024\" src=\"https:\/\/wordpress.nibis.de\/gswrestedt\/files\/2019\/06\/Lotta-768x1024.jpg\" alt=\"\" data-id=\"1963\" data-link=\"https:\/\/wordpress.nibis.de\/gswrestedt\/?attachment_id=1963\" class=\"wp-image-1963\" srcset=\"https:\/\/wordpress.nibis.de\/gswrestedt\/files\/2019\/06\/Lotta-768x1024.jpg 768w, https:\/\/wordpress.nibis.de\/gswrestedt\/files\/2019\/06\/Lotta-225x300.jpg 225w, https:\/\/wordpress.nibis.de\/gswrestedt\/files\/2019\/06\/Lotta.jpg 800w\" sizes=\"auto, (max-width: 768px) 100vw, 768px\" \/><\/figure><\/li><li class=\"blocks-gallery-item\"><figure><img loading=\"lazy\" decoding=\"async\" width=\"800\" height=\"600\" src=\"https:\/\/wordpress.nibis.de\/gswrestedt\/files\/2019\/06\/max.jpg\" alt=\"\" data-id=\"1964\" data-link=\"https:\/\/wordpress.nibis.de\/gswrestedt\/?attachment_id=1964\" class=\"wp-image-1964\" srcset=\"https:\/\/wordpress.nibis.de\/gswrestedt\/files\/2019\/06\/max.jpg 800w, https:\/\/wordpress.nibis.de\/gswrestedt\/files\/2019\/06\/max-300x225.jpg 300w, https:\/\/wordpress.nibis.de\/gswrestedt\/files\/2019\/06\/max-768x576.jpg 768w\" sizes=\"auto, (max-width: 800px) 100vw, 800px\" \/><\/figure><\/li><\/ul>\n\n\n\n<p> Bei solchen<strong> praktischen \u00dcbungen<\/strong> haben die Kinder nicht nur<strong> jede Menge  Spa\u00df<\/strong>, sondern diese Art von Unterricht kommt <strong>den unterschiedlichen  Lernvoraussetzungen<\/strong> der einzelnen Sch\u00fcler und der <strong>zunehmenden  Heterogenit\u00e4t<\/strong> in den Klassen <strong>entgegen<\/strong>. Hier wird ein <strong>individuelles  Begreifen<\/strong> der komplexen mathematischen Zusammenh\u00e4nge erm\u00f6glicht. <\/p>\n","protected":false},"excerpt":{"rendered":"<p>Kurz vor den Sommerferien, bei 30\u00b0 Grad in der Sonne, in der 4. Stunde (Mathe Unterricht!) muss noch ein &#8222;gro\u00dfes Thema&#8220; bearbeitet werden, die Hohlma\u00dfe! Kurz gesagt: Liter und Milliliter. Um das Thema spannend, nachhaltig und handelnd einzuf\u00fchren, ging es &hellip; <a href=\"https:\/\/wordpress.nibis.de\/gswrestedt\/mathematikunterricht\/\">Weiterlesen <span class=\"meta-nav\">&rarr;<\/span><\/a><\/p>\n","protected":false},"author":1020,"featured_media":0,"parent":0,"menu_order":0,"comment_status":"closed","ping_status":"closed","template":"","meta":{"footnotes":""},"class_list":["post-1958","page","type-page","status-publish","hentry"],"_links":{"self":[{"href":"https:\/\/wordpress.nibis.de\/gswrestedt\/wp-json\/wp\/v2\/pages\/1958","targetHints":{"allow":["GET"]}}],"collection":[{"href":"https:\/\/wordpress.nibis.de\/gswrestedt\/wp-json\/wp\/v2\/pages"}],"about":[{"href":"https:\/\/wordpress.nibis.de\/gswrestedt\/wp-json\/wp\/v2\/types\/page"}],"author":[{"embeddable":true,"href":"https:\/\/wordpress.nibis.de\/gswrestedt\/wp-json\/wp\/v2\/users\/1020"}],"replies":[{"embeddable":true,"href":"https:\/\/wordpress.nibis.de\/gswrestedt\/wp-json\/wp\/v2\/comments?post=1958"}],"version-history":[{"count":3,"href":"https:\/\/wordpress.nibis.de\/gswrestedt\/wp-json\/wp\/v2\/pages\/1958\/revisions"}],"predecessor-version":[{"id":1968,"href":"https:\/\/wordpress.nibis.de\/gswrestedt\/wp-json\/wp\/v2\/pages\/1958\/revisions\/1968"}],"wp:attachment":[{"href":"https:\/\/wordpress.nibis.de\/gswrestedt\/wp-json\/wp\/v2\/media?parent=1958"}],"curies":[{"name":"wp","href":"https:\/\/api.w.org\/{rel}","templated":true}]}}