{"id":199,"date":"2016-05-24T10:58:33","date_gmt":"2016-05-24T08:58:33","guid":{"rendered":"http:\/\/wordpress.nibis.de\/gswrestedt\/?page_id=199"},"modified":"2020-03-06T06:26:23","modified_gmt":"2020-03-06T05:26:23","slug":"impressum-2","status":"publish","type":"page","link":"https:\/\/wordpress.nibis.de\/gswrestedt\/impressum-2\/","title":{"rendered":"Impressum"},"content":{"rendered":"<p>Land Niedersachsen (Dienstanbieter im Sinne des Telemediengesetzes)<\/p>\n<p>Das Land Niedersachsen ist eine juristische Person des \u00f6ffentlichen Rechts vertreten durch<\/p>\n<p><span style=\"text-decoration: underline\">Schultr\u00e4ger<\/span>: Samtgemeinde Wrestedt, Landkreis Uelzen<\/p>\n<p><span style=\"text-decoration: underline\">Schulleitung der Grundschule Wrestedt:<\/span><br \/>\n<strong>Jutta Jung<\/strong><br \/>\nBahnhofstr. 68<br \/>\n29559 Wrestedt<\/p>\n<p>Telefon: <strong>05802\/545<\/strong><br \/>\nFaxnr.: 05802\/970927<br \/>\nEmail: <strong>&#x67;&#x72;&#x75;&#x6e;&#100;&#115;chu&#x6c;&#x65;&#x2d;&#x77;&#114;&#101;ste&#x64;&#x74;&#x40;&#x74;&#45;&#111;&#110;li&#x6e;&#x65;&#x2e;&#x64;&#101;<\/strong><\/p>\n<p><span style=\"text-decoration: underline\">Bitte beachten Sie unseren Haftungsausschluss:<\/span><\/p>\n<p>F\u00fcr alle auf unserer Homepage erfolgten Links gilt unsere ausdr\u00fcckliche Distanzierung von allen Inhalten der gelinkten Seite auf unserer Homepage. Wir betonen ausdr\u00fccklich, dass wir keinerlei Einfluss auf die Gestaltung und die Inhalte der gelinkten Seite haben. Wir machen uns die Inhalte der gelinkten Seite nicht zu Eigen. Diese Erkl\u00e4rung gilt f\u00fcr alle auf unsere Hompage ausgebrachten Links.<\/p>\n<p>Sollten wir Kenntnis von Rechtsverletzungen erlangen, werden wir die entsprechenden externen Links unverz\u00fcglich entfernen.<\/p>\n<p>siehe auch <a href=\"http:\/\/wordpress.nibis.de\/gswrestedt\/datenschutz\/\" target=\"_blank\" rel=\"noopener noreferrer\">Datenschutz<\/a> und\u00a0<a href=\"http:\/\/wordpress.nibis.de\/gswrestedt\/rechtliche-hinweise\/\" target=\"_blank\" rel=\"noopener noreferrer\"> rechtliche Hinweise <\/a><\/p>\n","protected":false},"excerpt":{"rendered":"<p>Land Niedersachsen (Dienstanbieter im Sinne des Telemediengesetzes) Das Land Niedersachsen ist eine juristische Person des \u00f6ffentlichen Rechts vertreten durch Schultr\u00e4ger: Samtgemeinde Wrestedt, Landkreis Uelzen Schulleitung der Grundschule Wrestedt: Jutta Jung Bahnhofstr. 68 29559 Wrestedt Telefon: 05802\/545 Faxnr.: 05802\/970927 Email: grun&#100;&#115;&#99;&#104;&#117;&#108;&#101;&#x2d;&#x77;&#x72;&#x65;&#x73;&#x74;&#x65;&#x64;&#x74;&#64;t-o&#110;&#108;&#105;&#110;&#101;&#46;&#100;&#x65; &hellip; <a href=\"https:\/\/wordpress.nibis.de\/gswrestedt\/impressum-2\/\">Weiterlesen <span class=\"meta-nav\">&rarr;<\/span><\/a><\/p>\n","protected":false},"author":1020,"featured_media":0,"parent":0,"menu_order":0,"comment_status":"closed","ping_status":"closed","template":"","meta":{"footnotes":""},"class_list":["post-199","page","type-page","status-publish","hentry"],"_links":{"self":[{"href":"https:\/\/wordpress.nibis.de\/gswrestedt\/wp-json\/wp\/v2\/pages\/199","targetHints":{"allow":["GET"]}}],"collection":[{"href":"https:\/\/wordpress.nibis.de\/gswrestedt\/wp-json\/wp\/v2\/pages"}],"about":[{"href":"https:\/\/wordpress.nibis.de\/gswrestedt\/wp-json\/wp\/v2\/types\/page"}],"author":[{"embeddable":true,"href":"https:\/\/wordpress.nibis.de\/gswrestedt\/wp-json\/wp\/v2\/users\/1020"}],"replies":[{"embeddable":true,"href":"https:\/\/wordpress.nibis.de\/gswrestedt\/wp-json\/wp\/v2\/comments?post=199"}],"version-history":[{"count":13,"href":"https:\/\/wordpress.nibis.de\/gswrestedt\/wp-json\/wp\/v2\/pages\/199\/revisions"}],"predecessor-version":[{"id":2236,"href":"https:\/\/wordpress.nibis.de\/gswrestedt\/wp-json\/wp\/v2\/pages\/199\/revisions\/2236"}],"wp:attachment":[{"href":"https:\/\/wordpress.nibis.de\/gswrestedt\/wp-json\/wp\/v2\/media?parent=199"}],"curies":[{"name":"wp","href":"https:\/\/api.w.org\/{rel}","templated":true}]}}