{"id":205,"date":"2016-05-24T10:59:51","date_gmt":"2016-05-24T08:59:51","guid":{"rendered":"http:\/\/wordpress.nibis.de\/gswrestedt\/?page_id=205"},"modified":"2019-06-06T13:47:39","modified_gmt":"2019-06-06T11:47:39","slug":"downloads","status":"publish","type":"page","link":"https:\/\/wordpress.nibis.de\/gswrestedt\/downloads\/","title":{"rendered":"Downloads"},"content":{"rendered":"<p>Hier k\u00f6nnen Sie sich folgende Dokumente downloaden:<\/p>\n<p><a href=\"http:\/\/wordpress.nibis.de\/gswrestedt\/files\/2016\/07\/Vordruck-Kopfl\u00e4use.pdf\">Kopfl\u00e4use<\/a><\/p>\n<p><a href=\"http:\/\/wordpress.nibis.de\/gswrestedt\/files\/2018\/06\/Datenerfassung-2.pdf\">Datenerfassung<\/a><\/p>\n<p><a href=\"http:\/\/wordpress.nibis.de\/gswrestedt\/downloads\/epson004\/\" rel=\"attachment wp-att-1376\">Verarbeitungst\u00e4tigkeit Seite 1<\/a><\/p>\n<p><a href=\"http:\/\/wordpress.nibis.de\/gswrestedt\/downloads\/epson005\/\" rel=\"attachment wp-att-1377\">Verarbeitungst\u00e4tigkeit Seite 2<\/a><\/p>\n","protected":false},"excerpt":{"rendered":"<p>Hier k\u00f6nnen Sie sich folgende Dokumente downloaden: Kopfl\u00e4use Datenerfassung Verarbeitungst\u00e4tigkeit Seite 1 Verarbeitungst\u00e4tigkeit Seite 2<\/p>\n","protected":false},"author":1020,"featured_media":0,"parent":0,"menu_order":0,"comment_status":"closed","ping_status":"closed","template":"","meta":{"footnotes":""},"class_list":["post-205","page","type-page","status-publish","hentry"],"_links":{"self":[{"href":"https:\/\/wordpress.nibis.de\/gswrestedt\/wp-json\/wp\/v2\/pages\/205","targetHints":{"allow":["GET"]}}],"collection":[{"href":"https:\/\/wordpress.nibis.de\/gswrestedt\/wp-json\/wp\/v2\/pages"}],"about":[{"href":"https:\/\/wordpress.nibis.de\/gswrestedt\/wp-json\/wp\/v2\/types\/page"}],"author":[{"embeddable":true,"href":"https:\/\/wordpress.nibis.de\/gswrestedt\/wp-json\/wp\/v2\/users\/1020"}],"replies":[{"embeddable":true,"href":"https:\/\/wordpress.nibis.de\/gswrestedt\/wp-json\/wp\/v2\/comments?post=205"}],"version-history":[{"count":33,"href":"https:\/\/wordpress.nibis.de\/gswrestedt\/wp-json\/wp\/v2\/pages\/205\/revisions"}],"predecessor-version":[{"id":1928,"href":"https:\/\/wordpress.nibis.de\/gswrestedt\/wp-json\/wp\/v2\/pages\/205\/revisions\/1928"}],"wp:attachment":[{"href":"https:\/\/wordpress.nibis.de\/gswrestedt\/wp-json\/wp\/v2\/media?parent=205"}],"curies":[{"name":"wp","href":"https:\/\/api.w.org\/{rel}","templated":true}]}}