{"id":2200,"date":"2020-01-09T15:02:15","date_gmt":"2020-01-09T14:02:15","guid":{"rendered":"https:\/\/wordpress.nibis.de\/gswrestedt\/?page_id=2200"},"modified":"2020-01-09T15:02:15","modified_gmt":"2020-01-09T14:02:15","slug":"unser-schulhof-januar-2020","status":"publish","type":"page","link":"https:\/\/wordpress.nibis.de\/gswrestedt\/unser-schulhof-januar-2020\/","title":{"rendered":"Unser Schulhof Januar 2020"},"content":{"rendered":"\n<p>Vor fast einem Jahr haben wir begonnen, \u00fcber eine Schulhofumgestaltung nach dem Neubau des Kindergartens auf unserem Au\u00dfengel\u00e4nde nachzudenken.<\/p>\n\n\n\n<p><strong>Leider sah sich die Samtgemeinde Aue au\u00dferstande, das Projekt finanziell zu unterst\u00fctzen.<\/strong><\/p>\n\n\n\n<p>Das\nEinwerben von Spenden durch die Schule musste von der Samtgemeinde\ngenehmigt werden. Diese Genehmigung erfolgte im Juli 2019.<\/p>\n\n\n\n<p>Schnell\nzeigte sich, dass die Stiftungsbedingungen und F\u00f6rdervoraussetzungen\nvon Stiftung zu Stiftung sehr unterschiedlich sind. H\u00e4ufig f\u00fchrte\ndies zu einem Ausschluss unseres Projektes.<\/p>\n\n\n\n<p><strong>Auch die \u00dcbernahme des Honorars f\u00fcr eine professionelle Beratung beim Einwerben von Stiftungsgeldern lehnte die Verwaltung ab<\/strong>.<\/p>\n\n\n\n<p>Damit wir nach fast einem Jahr \u00fcberhaupt einmal mit einzelnen Teilaspekten starten k\u00f6nnen, haben wir in der Steuergruppe \u201eSchulhofgestaltung\u201c beschlossen, dass <strong>mit Hilfe von Privatspenden und \u00f6rtlichen Unternehmen<\/strong> im Fr\u00fchjahr 2020 folgende Projekte umgesetzt werden sollen:<\/p>\n\n\n\n<ul class=\"wp-block-list\"><li>Neue\n\tFu\u00dfballkleintore und Markierung des Fu\u00dfballfeldes\n\t<\/li><li>Maltafeln\n\tan der Wand der Turnhalle\n\t<\/li><li>Mobiler\n\tWagen mit Spielmaterial (Tafelkreide, Kartenspiel, Papier zum Malen\n\tusw.)\n\t<\/li><li>Bau\n\teiner Ruhezone (evtl. durch die Berufsbildende Schule)\n\t<\/li><li>Bei\n\tgen\u00fcgend Spendenaufkommen: Aufbau einer Sechseckschaukel (ca.\n\t10.000 \u20ac)\n<\/li><\/ul>\n\n\n\n<p><strong>Wir bedauern es sehr, dass unsere Schulhofumgestaltung nur so stockend und langsam fortschreitet.<\/strong> Eltern, Kinder und Lehrer h\u00e4tten unserer Schule eine bessere Anpassung an die neuen Gegebenheiten nach dem Kindergartenneubau sehr gew\u00fcnscht.<\/p>\n","protected":false},"excerpt":{"rendered":"<p>Vor fast einem Jahr haben wir begonnen, \u00fcber eine Schulhofumgestaltung nach dem Neubau des Kindergartens auf unserem Au\u00dfengel\u00e4nde nachzudenken. Leider sah sich die Samtgemeinde Aue au\u00dferstande, das Projekt finanziell zu unterst\u00fctzen. Das Einwerben von Spenden durch die Schule musste von &hellip; <a href=\"https:\/\/wordpress.nibis.de\/gswrestedt\/unser-schulhof-januar-2020\/\">Weiterlesen <span class=\"meta-nav\">&rarr;<\/span><\/a><\/p>\n","protected":false},"author":1020,"featured_media":0,"parent":0,"menu_order":0,"comment_status":"closed","ping_status":"closed","template":"","meta":{"footnotes":""},"class_list":["post-2200","page","type-page","status-publish","hentry"],"_links":{"self":[{"href":"https:\/\/wordpress.nibis.de\/gswrestedt\/wp-json\/wp\/v2\/pages\/2200","targetHints":{"allow":["GET"]}}],"collection":[{"href":"https:\/\/wordpress.nibis.de\/gswrestedt\/wp-json\/wp\/v2\/pages"}],"about":[{"href":"https:\/\/wordpress.nibis.de\/gswrestedt\/wp-json\/wp\/v2\/types\/page"}],"author":[{"embeddable":true,"href":"https:\/\/wordpress.nibis.de\/gswrestedt\/wp-json\/wp\/v2\/users\/1020"}],"replies":[{"embeddable":true,"href":"https:\/\/wordpress.nibis.de\/gswrestedt\/wp-json\/wp\/v2\/comments?post=2200"}],"version-history":[{"count":1,"href":"https:\/\/wordpress.nibis.de\/gswrestedt\/wp-json\/wp\/v2\/pages\/2200\/revisions"}],"predecessor-version":[{"id":2202,"href":"https:\/\/wordpress.nibis.de\/gswrestedt\/wp-json\/wp\/v2\/pages\/2200\/revisions\/2202"}],"wp:attachment":[{"href":"https:\/\/wordpress.nibis.de\/gswrestedt\/wp-json\/wp\/v2\/media?parent=2200"}],"curies":[{"name":"wp","href":"https:\/\/api.w.org\/{rel}","templated":true}]}}