{"id":2272,"date":"2020-03-27T10:55:40","date_gmt":"2020-03-27T09:55:40","guid":{"rendered":"https:\/\/wordpress.nibis.de\/gswrestedt\/?page_id=2272"},"modified":"2020-11-09T10:54:07","modified_gmt":"2020-11-09T09:54:07","slug":"sechseckschaukel","status":"publish","type":"page","link":"https:\/\/wordpress.nibis.de\/gswrestedt\/sechseckschaukel\/","title":{"rendered":"Sechseckschaukel"},"content":{"rendered":"\n<p><strong>Dank einer gro\u00dfz\u00fcgigen Spende und vielen weiteren Spenden<\/strong> bekommen die Kinder der Grundschule Wrestedt im Fr\u00fchling 2020<strong> eine Sechseckschaukel<\/strong>.<\/p>\n\n\n\n<p>Am 26.03.2020 wurde die Schaukel angeliefert und auf dem Hof der Familie Meinecke zwischengelagert. Nat\u00fcrlich lief nicht alles reibungslos. Es fehlten die Ketten und Reifen zum Schaukeln. Diese sollen aber so schnell wie m\u00f6glich nachgeliefert werden. <\/p>\n\n\n\n<div class=\"wp-block-image\"><figure class=\"aligncenter is-resized\"><img loading=\"lazy\" decoding=\"async\" src=\"https:\/\/wordpress.nibis.de\/gswrestedt\/files\/2020\/03\/schaukel3.jpg\" alt=\"\" class=\"wp-image-2274\" width=\"287\" height=\"322\" srcset=\"https:\/\/wordpress.nibis.de\/gswrestedt\/files\/2020\/03\/schaukel3.jpg 800w, https:\/\/wordpress.nibis.de\/gswrestedt\/files\/2020\/03\/schaukel3-267x300.jpg 267w, https:\/\/wordpress.nibis.de\/gswrestedt\/files\/2020\/03\/schaukel3-768x863.jpg 768w\" sizes=\"auto, (max-width: 287px) 100vw, 287px\" \/><\/figure><\/div>\n\n\n\n<p>Am 02.04.2020 ging es dann auf unserem Schulhof los. Das Fundament wird ausgehoben. <\/p>\n\n\n\n<div class=\"wp-block-image\"><figure class=\"aligncenter is-resized\"><img loading=\"lazy\" decoding=\"async\" src=\"https:\/\/wordpress.nibis.de\/gswrestedt\/files\/2020\/04\/loch.jpg\" alt=\"\" class=\"wp-image-2286\" width=\"399\" height=\"281\" srcset=\"https:\/\/wordpress.nibis.de\/gswrestedt\/files\/2020\/04\/loch.jpg 800w, https:\/\/wordpress.nibis.de\/gswrestedt\/files\/2020\/04\/loch-300x212.jpg 300w, https:\/\/wordpress.nibis.de\/gswrestedt\/files\/2020\/04\/loch-768x541.jpg 768w\" sizes=\"auto, (max-width: 399px) 100vw, 399px\" \/><\/figure><\/div>\n\n\n\n<p>Und schon am Abend stand das Ger\u00fcst.<\/p>\n\n\n\n<figure class=\"wp-block-gallery columns-2 is-cropped wp-block-gallery-1 is-layout-flex wp-block-gallery-is-layout-flex\"><ul class=\"blocks-gallery-grid\"><li class=\"blocks-gallery-item\"><figure><img loading=\"lazy\" decoding=\"async\" width=\"800\" height=\"483\" src=\"https:\/\/wordpress.nibis.de\/gswrestedt\/files\/2020\/04\/ger\u00fcst.jpg\" alt=\"\" data-id=\"2289\" class=\"wp-image-2289\" srcset=\"https:\/\/wordpress.nibis.de\/gswrestedt\/files\/2020\/04\/ger\u00fcst.jpg 800w, https:\/\/wordpress.nibis.de\/gswrestedt\/files\/2020\/04\/ger\u00fcst-300x181.jpg 300w, https:\/\/wordpress.nibis.de\/gswrestedt\/files\/2020\/04\/ger\u00fcst-768x464.jpg 768w\" sizes=\"auto, (max-width: 800px) 100vw, 800px\" \/><\/figure><\/li><li class=\"blocks-gallery-item\"><figure><img loading=\"lazy\" decoding=\"async\" width=\"800\" height=\"600\" src=\"https:\/\/wordpress.nibis.de\/gswrestedt\/files\/2020\/04\/sonne.jpg\" alt=\"\" data-id=\"2292\" data-link=\"https:\/\/wordpress.nibis.de\/gswrestedt\/sechseckschaukel\/sonne\/\" class=\"wp-image-2292\" srcset=\"https:\/\/wordpress.nibis.de\/gswrestedt\/files\/2020\/04\/sonne.jpg 800w, https:\/\/wordpress.nibis.de\/gswrestedt\/files\/2020\/04\/sonne-300x225.jpg 300w, https:\/\/wordpress.nibis.de\/gswrestedt\/files\/2020\/04\/sonne-768x576.jpg 768w\" sizes=\"auto, (max-width: 800px) 100vw, 800px\" \/><\/figure><\/li><\/ul><\/figure>\n\n\n\n<p class=\"has-text-align-left\"> Leider haben die Hackschnitzel nicht gereicht,  obwohl versichert wurde 50 m\u00b3 w\u00fcrden ausreichen.  Wir sind besorgt, dass dieses Ger\u00e4t wom\u00f6glich am 15.04.2020  keine T\u00fcvplakette erh\u00e4lt. Nun muss mit der Hackschnitzelfirma eine guter Preis f\u00fcr weitere Hackschnitzel ausgehandelt werden. Das geht nat\u00fcrlich von unseren Spenden ab. Aber so k\u00f6nnen wir es nicht lassen, also m\u00fcssen wir  in den sauren Apfel bei\u00dfen. Wer uns unterst\u00fctzen will, kann gerne spenden. <a rel=\"noreferrer noopener\" aria-label=\"F\u00fcr mehr Infos (\u00f6ffnet in neuem Tab)\" href=\"https:\/\/wordpress.nibis.de\/gswrestedt\/files\/2019\/06\/Folder-8seiter-Din-lang_Schulhof-final-WEB.pdf\" target=\"_blank\">F\u00fcr mehr Infos<\/a><br><\/p>\n\n\n\n<p class=\"has-text-align-center\"> <strong>Geschafft!!<\/strong><\/p>\n\n\n\n<p>Frau Meinecke schaffte es, uns schnell und g\u00fcnstig weitere 30 Kubikmeter Hackschnitzel zu besoren. Diese konnten um die neue Schaukel verteilt werden.  Nat\u00fcrlich alles mit ausreichend Sicherheitsabstand der Beteiligten.<\/p>\n\n\n\n<div class=\"wp-block-image\"><figure class=\"aligncenter is-resized\"><img loading=\"lazy\" decoding=\"async\" src=\"https:\/\/wordpress.nibis.de\/gswrestedt\/files\/2020\/04\/Hackschnitzel.jpg\" alt=\"\" class=\"wp-image-2298\" width=\"421\" height=\"316\" srcset=\"https:\/\/wordpress.nibis.de\/gswrestedt\/files\/2020\/04\/Hackschnitzel.jpg 800w, https:\/\/wordpress.nibis.de\/gswrestedt\/files\/2020\/04\/Hackschnitzel-300x225.jpg 300w, https:\/\/wordpress.nibis.de\/gswrestedt\/files\/2020\/04\/Hackschnitzel-768x576.jpg 768w\" sizes=\"auto, (max-width: 421px) 100vw, 421px\" \/><\/figure><\/div>\n\n\n\n<p class=\"has-text-align-center\"><strong>Am 15.04.2020 bekam dann die Schaukel die T\u00dcV-Plakette! <\/strong><\/p>\n\n\n\n<div class=\"wp-block-image\"><figure class=\"aligncenter is-resized\"><img loading=\"lazy\" decoding=\"async\" src=\"https:\/\/wordpress.nibis.de\/gswrestedt\/files\/2020\/04\/fertig.jpg\" alt=\"\" class=\"wp-image-2304\" width=\"497\" height=\"322\" srcset=\"https:\/\/wordpress.nibis.de\/gswrestedt\/files\/2020\/04\/fertig.jpg 800w, https:\/\/wordpress.nibis.de\/gswrestedt\/files\/2020\/04\/fertig-300x195.jpg 300w, https:\/\/wordpress.nibis.de\/gswrestedt\/files\/2020\/04\/fertig-768x498.jpg 768w\" sizes=\"auto, (max-width: 497px) 100vw, 497px\" \/><\/figure><\/div>\n\n\n\n<p>Nat\u00fcrlich  ist der Bereich um die Schaukel noch abgesperrt, da die Fundamente trocknen m\u00fcssen, au\u00dferdem ist auch der Schulhof weiterhin  wegen Corona gesperrt. Wenn wir irgendwan wieder ein \u201enormales\u201c Leben ohne  Kontaktbeschr\u00e4nkungen haben, soll nat\u00fcrlich noch eine offiziellen  Einweihung stattfinden.<\/p>\n\n\n\n<p><strong>Dank der Organisation und vor allem tatkr\u00e4ftigen Unterst\u00fctzung der Familie Meinecke und der Spender <\/strong>konnte der Aufbau und insbesondere das Einf\u00fcllen der Hackschnitzel so schnell erfledigt werden. <\/p>\n\n\n\n<figure class=\"wp-block-image\"><img loading=\"lazy\" decoding=\"async\" width=\"800\" height=\"600\" src=\"https:\/\/wordpress.nibis.de\/gswrestedt\/files\/2020\/04\/danke.jpg\" alt=\"\" class=\"wp-image-2300\" srcset=\"https:\/\/wordpress.nibis.de\/gswrestedt\/files\/2020\/04\/danke.jpg 800w, https:\/\/wordpress.nibis.de\/gswrestedt\/files\/2020\/04\/danke-300x225.jpg 300w, https:\/\/wordpress.nibis.de\/gswrestedt\/files\/2020\/04\/danke-768x576.jpg 768w\" sizes=\"auto, (max-width: 800px) 100vw, 800px\" \/><\/figure>\n\n\n\n<p class=\"has-text-align-center\"><strong>Vielen, vielen Dank!!!! <\/strong><\/p>\n\n\n\n<p class=\"has-text-align-center\"><strong>Die Kinder lieben die Schaukel!<\/strong><\/p>\n\n\n\n<figure class=\"wp-block-image size-large\"><img loading=\"lazy\" decoding=\"async\" width=\"800\" height=\"600\" src=\"https:\/\/wordpress.nibis.de\/gswrestedt\/files\/2020\/10\/schaukel.jpg\" alt=\"\" class=\"wp-image-2397\" srcset=\"https:\/\/wordpress.nibis.de\/gswrestedt\/files\/2020\/10\/schaukel.jpg 800w, https:\/\/wordpress.nibis.de\/gswrestedt\/files\/2020\/10\/schaukel-300x225.jpg 300w, https:\/\/wordpress.nibis.de\/gswrestedt\/files\/2020\/10\/schaukel-768x576.jpg 768w\" sizes=\"auto, (max-width: 800px) 100vw, 800px\" \/><\/figure>\n\n\n\n<p><br><\/p>\n","protected":false},"excerpt":{"rendered":"<p>Dank einer gro\u00dfz\u00fcgigen Spende und vielen weiteren Spenden bekommen die Kinder der Grundschule Wrestedt im Fr\u00fchling 2020 eine Sechseckschaukel. Am 26.03.2020 wurde die Schaukel angeliefert und auf dem Hof der Familie Meinecke zwischengelagert. Nat\u00fcrlich lief nicht alles reibungslos. Es fehlten &hellip; <a href=\"https:\/\/wordpress.nibis.de\/gswrestedt\/sechseckschaukel\/\">Weiterlesen <span class=\"meta-nav\">&rarr;<\/span><\/a><\/p>\n","protected":false},"author":1020,"featured_media":0,"parent":0,"menu_order":0,"comment_status":"closed","ping_status":"closed","template":"","meta":{"footnotes":""},"class_list":["post-2272","page","type-page","status-publish","hentry"],"_links":{"self":[{"href":"https:\/\/wordpress.nibis.de\/gswrestedt\/wp-json\/wp\/v2\/pages\/2272","targetHints":{"allow":["GET"]}}],"collection":[{"href":"https:\/\/wordpress.nibis.de\/gswrestedt\/wp-json\/wp\/v2\/pages"}],"about":[{"href":"https:\/\/wordpress.nibis.de\/gswrestedt\/wp-json\/wp\/v2\/types\/page"}],"author":[{"embeddable":true,"href":"https:\/\/wordpress.nibis.de\/gswrestedt\/wp-json\/wp\/v2\/users\/1020"}],"replies":[{"embeddable":true,"href":"https:\/\/wordpress.nibis.de\/gswrestedt\/wp-json\/wp\/v2\/comments?post=2272"}],"version-history":[{"count":13,"href":"https:\/\/wordpress.nibis.de\/gswrestedt\/wp-json\/wp\/v2\/pages\/2272\/revisions"}],"predecessor-version":[{"id":2462,"href":"https:\/\/wordpress.nibis.de\/gswrestedt\/wp-json\/wp\/v2\/pages\/2272\/revisions\/2462"}],"wp:attachment":[{"href":"https:\/\/wordpress.nibis.de\/gswrestedt\/wp-json\/wp\/v2\/media?parent=2272"}],"curies":[{"name":"wp","href":"https:\/\/api.w.org\/{rel}","templated":true}]}}