{"id":2366,"date":"2020-08-06T13:17:59","date_gmt":"2020-08-06T11:17:59","guid":{"rendered":"https:\/\/wordpress.nibis.de\/gswrestedt\/?page_id=2366"},"modified":"2022-07-15T11:12:36","modified_gmt":"2022-07-15T09:12:36","slug":"verabschiedung-der-4-klasse-mit-abstand-die-besten","status":"publish","type":"page","link":"https:\/\/wordpress.nibis.de\/gswrestedt\/verabschiedung-der-4-klasse-mit-abstand-die-besten\/","title":{"rendered":"Verabschiedung der 4. Klasse"},"content":{"rendered":"\n<p><\/p>\n\n\n\n<p><strong>Am 12.07.2022 wurden die Viertkl\u00e4ssler (Tigerklasse) feierlich verabschiedet.<\/strong> Zur Freude der gesamten Schule war es m\u00f6glich, die Verabschiedung gemeinsam mit allen Klassen in der Turnhalle zu begehen.<\/p>\n\n\n\n<p>Zu Beginn sprach die Klassenlehrerin und Rektorin <strong>Frau Jung<\/strong> zu ihrer Klasse ein paar liebe Worte \u00fcber die gemeinsamen Jahre und w\u00fcnschte den Kindern f\u00fcr ihre Zukunft alles Gute. <\/p>\n\n\n\n<p class=\"has-text-align-center\"><img loading=\"lazy\" decoding=\"async\" width=\"1859\" height=\"2318\" class=\"wp-image-2805\" style=\"width: 450px\" src=\"https:\/\/wordpress.nibis.de\/gswrestedt\/files\/2022\/07\/jung.jpg\" alt=\"\" srcset=\"https:\/\/wordpress.nibis.de\/gswrestedt\/files\/2022\/07\/jung.jpg 1859w, https:\/\/wordpress.nibis.de\/gswrestedt\/files\/2022\/07\/jung-241x300.jpg 241w, https:\/\/wordpress.nibis.de\/gswrestedt\/files\/2022\/07\/jung-821x1024.jpg 821w, https:\/\/wordpress.nibis.de\/gswrestedt\/files\/2022\/07\/jung-768x958.jpg 768w, https:\/\/wordpress.nibis.de\/gswrestedt\/files\/2022\/07\/jung-1232x1536.jpg 1232w, https:\/\/wordpress.nibis.de\/gswrestedt\/files\/2022\/07\/jung-1642x2048.jpg 1642w\" sizes=\"auto, (max-width: 1859px) 100vw, 1859px\" \/><\/p>\n\n\n\n<p>Danach folgte ein <strong>Theaterst\u00fcck<\/strong> \u00fcber das Schulleben, das die Kinder der 4. Klasse einstudiert hatten und ihrem Publikum mit Freude pr\u00e4sentierten.<\/p>\n\n\n\n<p class=\"has-text-align-center\"><img loading=\"lazy\" decoding=\"async\" width=\"2560\" height=\"1865\" class=\"wp-image-2806\" style=\"width: 600px\" src=\"https:\/\/wordpress.nibis.de\/gswrestedt\/files\/2022\/07\/theater-scaled.jpg\" alt=\"\" srcset=\"https:\/\/wordpress.nibis.de\/gswrestedt\/files\/2022\/07\/theater-scaled.jpg 2560w, https:\/\/wordpress.nibis.de\/gswrestedt\/files\/2022\/07\/theater-300x219.jpg 300w, https:\/\/wordpress.nibis.de\/gswrestedt\/files\/2022\/07\/theater-1024x746.jpg 1024w, https:\/\/wordpress.nibis.de\/gswrestedt\/files\/2022\/07\/theater-768x560.jpg 768w, https:\/\/wordpress.nibis.de\/gswrestedt\/files\/2022\/07\/theater-1536x1119.jpg 1536w, https:\/\/wordpress.nibis.de\/gswrestedt\/files\/2022\/07\/theater-2048x1492.jpg 2048w\" sizes=\"auto, (max-width: 2560px) 100vw, 2560px\" \/><\/p>\n\n\n\n<p class=\"has-text-align-center\">Annemieken und Theresa trugen ihre <strong>Abschiedsrede<\/strong> vor. &#8222;Tschau Kakao!&#8220;<\/p>\n\n\n\n<p class=\"has-text-align-center\"><img loading=\"lazy\" decoding=\"async\" width=\"1588\" height=\"2106\" class=\"wp-image-2807\" style=\"width: 500px\" src=\"https:\/\/wordpress.nibis.de\/gswrestedt\/files\/2022\/07\/klassensprecher.jpg\" alt=\"\" srcset=\"https:\/\/wordpress.nibis.de\/gswrestedt\/files\/2022\/07\/klassensprecher.jpg 1588w, https:\/\/wordpress.nibis.de\/gswrestedt\/files\/2022\/07\/klassensprecher-226x300.jpg 226w, https:\/\/wordpress.nibis.de\/gswrestedt\/files\/2022\/07\/klassensprecher-772x1024.jpg 772w, https:\/\/wordpress.nibis.de\/gswrestedt\/files\/2022\/07\/klassensprecher-768x1019.jpg 768w, https:\/\/wordpress.nibis.de\/gswrestedt\/files\/2022\/07\/klassensprecher-1158x1536.jpg 1158w, https:\/\/wordpress.nibis.de\/gswrestedt\/files\/2022\/07\/klassensprecher-1544x2048.jpg 1544w\" sizes=\"auto, (max-width: 1588px) 100vw, 1588px\" \/><\/p>\n\n\n\n<p>Das <strong>Magiertrio<\/strong> Tim, Evan und Marlene begeisterte ihre Zuschauer mit Zauberst\u00fccken. Jedes Mal, wenn ein Freiwilliger gesucht wurde, war die Begeisterung im Publikum gro\u00df.<\/p>\n\n\n\n<p class=\"has-text-align-center\"><img loading=\"lazy\" decoding=\"async\" width=\"2246\" height=\"1961\" class=\"wp-image-2810\" style=\"width: 550px\" src=\"https:\/\/wordpress.nibis.de\/gswrestedt\/files\/2022\/07\/zaubern.jpg\" alt=\"\" srcset=\"https:\/\/wordpress.nibis.de\/gswrestedt\/files\/2022\/07\/zaubern.jpg 2246w, https:\/\/wordpress.nibis.de\/gswrestedt\/files\/2022\/07\/zaubern-300x262.jpg 300w, https:\/\/wordpress.nibis.de\/gswrestedt\/files\/2022\/07\/zaubern-1024x894.jpg 1024w, https:\/\/wordpress.nibis.de\/gswrestedt\/files\/2022\/07\/zaubern-768x671.jpg 768w, https:\/\/wordpress.nibis.de\/gswrestedt\/files\/2022\/07\/zaubern-1536x1341.jpg 1536w, https:\/\/wordpress.nibis.de\/gswrestedt\/files\/2022\/07\/zaubern-2048x1788.jpg 2048w\" sizes=\"auto, (max-width: 2246px) 100vw, 2246px\" \/><\/p>\n\n\n\n<p>Beendet wurde die Feier mit einer <strong>Tanzvorf\u00fchrung<\/strong>  und Gesang zum Song \u201eAuf uns\u201c. <\/p>\n\n\n\n<p class=\"has-text-align-center\"><img loading=\"lazy\" decoding=\"async\" width=\"2560\" height=\"1303\" class=\"wp-image-2811\" style=\"width: 700px\" src=\"https:\/\/wordpress.nibis.de\/gswrestedt\/files\/2022\/07\/Tanz-scaled.jpg\" alt=\"\" srcset=\"https:\/\/wordpress.nibis.de\/gswrestedt\/files\/2022\/07\/Tanz-scaled.jpg 2560w, https:\/\/wordpress.nibis.de\/gswrestedt\/files\/2022\/07\/Tanz-300x153.jpg 300w, https:\/\/wordpress.nibis.de\/gswrestedt\/files\/2022\/07\/Tanz-1024x521.jpg 1024w, https:\/\/wordpress.nibis.de\/gswrestedt\/files\/2022\/07\/Tanz-768x391.jpg 768w, https:\/\/wordpress.nibis.de\/gswrestedt\/files\/2022\/07\/Tanz-1536x782.jpg 1536w, https:\/\/wordpress.nibis.de\/gswrestedt\/files\/2022\/07\/Tanz-2048x1042.jpg 2048w\" sizes=\"auto, (max-width: 2560px) 100vw, 2560px\" \/><\/p>\n\n\n\n<p class=\"has-text-align-left\"> Nun ist die Grundschulzeit f\u00fcr die Tigerklasse beendet. Das Fest bildete einen gelungenen Abschluss dieser gemeinsamen Zeit.<br><\/p>\n\n\n","protected":false},"excerpt":{"rendered":"<p>Am 12.07.2022 wurden die Viertkl\u00e4ssler (Tigerklasse) feierlich verabschiedet. Zur Freude der gesamten Schule war es m\u00f6glich, die Verabschiedung gemeinsam mit allen Klassen in der Turnhalle zu begehen. Zu Beginn sprach die Klassenlehrerin und Rektorin Frau Jung zu ihrer Klasse ein &hellip; <a href=\"https:\/\/wordpress.nibis.de\/gswrestedt\/verabschiedung-der-4-klasse-mit-abstand-die-besten\/\">Weiterlesen <span class=\"meta-nav\">&rarr;<\/span><\/a><\/p>\n","protected":false},"author":1020,"featured_media":0,"parent":0,"menu_order":0,"comment_status":"closed","ping_status":"closed","template":"","meta":{"footnotes":""},"class_list":["post-2366","page","type-page","status-publish","hentry"],"_links":{"self":[{"href":"https:\/\/wordpress.nibis.de\/gswrestedt\/wp-json\/wp\/v2\/pages\/2366","targetHints":{"allow":["GET"]}}],"collection":[{"href":"https:\/\/wordpress.nibis.de\/gswrestedt\/wp-json\/wp\/v2\/pages"}],"about":[{"href":"https:\/\/wordpress.nibis.de\/gswrestedt\/wp-json\/wp\/v2\/types\/page"}],"author":[{"embeddable":true,"href":"https:\/\/wordpress.nibis.de\/gswrestedt\/wp-json\/wp\/v2\/users\/1020"}],"replies":[{"embeddable":true,"href":"https:\/\/wordpress.nibis.de\/gswrestedt\/wp-json\/wp\/v2\/comments?post=2366"}],"version-history":[{"count":7,"href":"https:\/\/wordpress.nibis.de\/gswrestedt\/wp-json\/wp\/v2\/pages\/2366\/revisions"}],"predecessor-version":[{"id":2816,"href":"https:\/\/wordpress.nibis.de\/gswrestedt\/wp-json\/wp\/v2\/pages\/2366\/revisions\/2816"}],"wp:attachment":[{"href":"https:\/\/wordpress.nibis.de\/gswrestedt\/wp-json\/wp\/v2\/media?parent=2366"}],"curies":[{"name":"wp","href":"https:\/\/api.w.org\/{rel}","templated":true}]}}