{"id":2416,"date":"2020-10-13T12:48:10","date_gmt":"2020-10-13T10:48:10","guid":{"rendered":"https:\/\/wordpress.nibis.de\/gswrestedt\/?page_id=2416"},"modified":"2020-10-19T08:32:18","modified_gmt":"2020-10-19T06:32:18","slug":"wie-kommt-ein-flusskrebs-auf-den-schulhof","status":"publish","type":"page","link":"https:\/\/wordpress.nibis.de\/gswrestedt\/wie-kommt-ein-flusskrebs-auf-den-schulhof\/","title":{"rendered":"Wie kommt ein Flusskrebs auf den Schulhof?"},"content":{"rendered":"\n<p>Diese Frage k\u00f6nnen die Sch\u00fcler und Sch\u00fclerinnen unserer Grundschule auch nicht beantworten. Aber wie ein Flusskrebs wieder zum Fluss kommt, das wissen sie!<\/p>\n\n\n\n<p>Am letzten Tag vor den Herbstferien fanden Sch\u00fcler der 2. Klassen einen Flusskrebs auf dem Schulhof. Was nun?<\/p>\n\n\n\n<div class=\"wp-block-image\"><figure class=\"aligncenter size-large is-resized\"><img loading=\"lazy\" decoding=\"async\" src=\"https:\/\/wordpress.nibis.de\/gswrestedt\/files\/2020\/10\/krebs.jpg\" alt=\"\" class=\"wp-image-2417\" width=\"291\" height=\"300\" srcset=\"https:\/\/wordpress.nibis.de\/gswrestedt\/files\/2020\/10\/krebs.jpg 800w, https:\/\/wordpress.nibis.de\/gswrestedt\/files\/2020\/10\/krebs-291x300.jpg 291w, https:\/\/wordpress.nibis.de\/gswrestedt\/files\/2020\/10\/krebs-768x791.jpg 768w\" sizes=\"auto, (max-width: 291px) 100vw, 291px\" \/><\/figure><\/div>\n\n\n\n<p>Schnell war ein Eimer ausfindig gemacht und der Flusskrebs hineingesetzt.<\/p>\n\n\n\n<p>Die Kinder hatten die Idee, dass wir den Krebs am Bollenser Graben wieder ins Wasser lassen k\u00f6nnten. Das wollte nat\u00fcrlich keiner verpassen. Also gingen die Klassen 2a und 2b mit ihren Lehrerinnen los. Da der Graben sich aber als zu flach entpuppte, ging es weiter nach Stederdorf. Dort &#8222;hinterm Wasser&#8220; konnten wir dicht an die Stederau rangehen.<\/p>\n\n\n\n<figure class=\"wp-block-image size-large\"><img loading=\"lazy\" decoding=\"async\" width=\"800\" height=\"600\" src=\"https:\/\/wordpress.nibis.de\/gswrestedt\/files\/2020\/10\/krebs-klasse.jpg\" alt=\"\" class=\"wp-image-2418\" srcset=\"https:\/\/wordpress.nibis.de\/gswrestedt\/files\/2020\/10\/krebs-klasse.jpg 800w, https:\/\/wordpress.nibis.de\/gswrestedt\/files\/2020\/10\/krebs-klasse-300x225.jpg 300w, https:\/\/wordpress.nibis.de\/gswrestedt\/files\/2020\/10\/krebs-klasse-768x576.jpg 768w\" sizes=\"auto, (max-width: 800px) 100vw, 800px\" \/><\/figure>\n\n\n\n<p>Hier wurde der Flusskrebs wieder in die Freiheit entlassen. Die letzten Zentimeter krabbelte er alleine zum Wasser hin.<\/p>\n\n\n\n<div class=\"wp-block-image\"><figure class=\"aligncenter size-large is-resized\"><img loading=\"lazy\" decoding=\"async\" src=\"https:\/\/wordpress.nibis.de\/gswrestedt\/files\/2020\/10\/rettung-2.jpg\" alt=\"\" class=\"wp-image-2419\" width=\"470\" height=\"352\" srcset=\"https:\/\/wordpress.nibis.de\/gswrestedt\/files\/2020\/10\/rettung-2.jpg 800w, https:\/\/wordpress.nibis.de\/gswrestedt\/files\/2020\/10\/rettung-2-300x225.jpg 300w, https:\/\/wordpress.nibis.de\/gswrestedt\/files\/2020\/10\/rettung-2-768x576.jpg 768w\" sizes=\"auto, (max-width: 470px) 100vw, 470px\" \/><\/figure><\/div>\n\n\n\n<p class=\"has-text-align-center\"><strong>Rettung gegl\u00fcckt!<\/strong><\/p>\n","protected":false},"excerpt":{"rendered":"<p>Diese Frage k\u00f6nnen die Sch\u00fcler und Sch\u00fclerinnen unserer Grundschule auch nicht beantworten. Aber wie ein Flusskrebs wieder zum Fluss kommt, das wissen sie! Am letzten Tag vor den Herbstferien fanden Sch\u00fcler der 2. Klassen einen Flusskrebs auf dem Schulhof. Was &hellip; <a href=\"https:\/\/wordpress.nibis.de\/gswrestedt\/wie-kommt-ein-flusskrebs-auf-den-schulhof\/\">Weiterlesen <span class=\"meta-nav\">&rarr;<\/span><\/a><\/p>\n","protected":false},"author":1020,"featured_media":0,"parent":0,"menu_order":0,"comment_status":"closed","ping_status":"closed","template":"","meta":{"footnotes":""},"class_list":["post-2416","page","type-page","status-publish","hentry"],"_links":{"self":[{"href":"https:\/\/wordpress.nibis.de\/gswrestedt\/wp-json\/wp\/v2\/pages\/2416","targetHints":{"allow":["GET"]}}],"collection":[{"href":"https:\/\/wordpress.nibis.de\/gswrestedt\/wp-json\/wp\/v2\/pages"}],"about":[{"href":"https:\/\/wordpress.nibis.de\/gswrestedt\/wp-json\/wp\/v2\/types\/page"}],"author":[{"embeddable":true,"href":"https:\/\/wordpress.nibis.de\/gswrestedt\/wp-json\/wp\/v2\/users\/1020"}],"replies":[{"embeddable":true,"href":"https:\/\/wordpress.nibis.de\/gswrestedt\/wp-json\/wp\/v2\/comments?post=2416"}],"version-history":[{"count":3,"href":"https:\/\/wordpress.nibis.de\/gswrestedt\/wp-json\/wp\/v2\/pages\/2416\/revisions"}],"predecessor-version":[{"id":2424,"href":"https:\/\/wordpress.nibis.de\/gswrestedt\/wp-json\/wp\/v2\/pages\/2416\/revisions\/2424"}],"wp:attachment":[{"href":"https:\/\/wordpress.nibis.de\/gswrestedt\/wp-json\/wp\/v2\/media?parent=2416"}],"curies":[{"name":"wp","href":"https:\/\/api.w.org\/{rel}","templated":true}]}}