{"id":2428,"date":"2020-10-25T20:01:30","date_gmt":"2020-10-25T19:01:30","guid":{"rendered":"https:\/\/wordpress.nibis.de\/gswrestedt\/?page_id=2428"},"modified":"2026-02-05T19:44:32","modified_gmt":"2026-02-05T18:44:32","slug":"lernen-zu-hause","status":"publish","type":"page","link":"https:\/\/wordpress.nibis.de\/gswrestedt\/lernen-zu-hause\/","title":{"rendered":"Lernen zu Hause"},"content":{"rendered":"\n<p>Folgenden Links k\u00f6nnen Sie gemeinsam mit Ihren Kindern nutzen, um das Lernen zu Hause zu erg\u00e4nzen.<\/p>\n\n\n\n<p> Schulserver: <a rel=\"noreferrer noopener\" href=\"https:\/\/grundschule-wrestedt.schulserver.de\/iserv\/app\/login?target=%2Fiserv%2Fprofile\" target=\"_blank\">iserv<\/a> <strong><span style=\"color:#a30500\" class=\"has-inline-color\"> <\/span><\/strong><span class=\"has-inline-color has-black-color\">grundschule-wrestedt.de<\/span><\/p>\n\n\n\n<p>Adventskalender: <a href=\"https:\/\/www.mathe-kaenguru.de\/advent\/\" target=\"_blank\" rel=\"noreferrer noopener\">K\u00e4nguru<\/a><\/p>\n\n\n\n<p>F\u00fcr alle Klassen: <a href=\"https:\/\/anton.app\/de\/\" target=\"_blank\" rel=\"noreferrer noopener\">Anton<\/a>, <a href=\"https:\/\/sportstunde.albaberlin.de\/grundschule-folge-28-spiel-satz-sieg\" target=\"_blank\" rel=\"noreferrer noopener\">ALBA Sport<\/a>, <a href=\"https:\/\/www.schlaukopf.de\/\">Schlaukopf<\/a>, <a href=\"https:\/\/www.wdrmaus.de\/\" target=\"_blank\" rel=\"noreferrer noopener\">WDR Maus<\/a>, <a href=\"https:\/\/www.raetseldino.de\/knobelaufgaben-kinder.html\" target=\"_blank\" rel=\"noreferrer noopener\">Knobel- und R\u00e4tselaufgaben<\/a>, <a href=\"https:\/\/www.mathemonsterchen.de\/Zahlenraum-bis-100\/\" target=\"_blank\" rel=\"noreferrer noopener\">Mathemonsterchen<\/a>, <a href=\"https:\/\/www.google.com\/search?client=firefox-b-d&amp;q=antolin\" target=\"_blank\" rel=\"noreferrer noopener\">Antolin<\/a>, <a href=\"https:\/\/www.zdf.de\/kinder\/logo\" target=\"_blank\" rel=\"noreferrer noopener\">Logo<\/a>,<\/p>\n","protected":false},"excerpt":{"rendered":"<p>Folgenden Links k\u00f6nnen Sie gemeinsam mit Ihren Kindern nutzen, um das Lernen zu Hause zu erg\u00e4nzen. Schulserver: iserv grundschule-wrestedt.de Adventskalender: K\u00e4nguru F\u00fcr alle Klassen: Anton, ALBA Sport, Schlaukopf, WDR Maus, Knobel- und R\u00e4tselaufgaben, Mathemonsterchen, Antolin, Logo,<\/p>\n","protected":false},"author":1020,"featured_media":0,"parent":0,"menu_order":0,"comment_status":"closed","ping_status":"closed","template":"","meta":{"footnotes":""},"class_list":["post-2428","page","type-page","status-publish","hentry"],"_links":{"self":[{"href":"https:\/\/wordpress.nibis.de\/gswrestedt\/wp-json\/wp\/v2\/pages\/2428","targetHints":{"allow":["GET"]}}],"collection":[{"href":"https:\/\/wordpress.nibis.de\/gswrestedt\/wp-json\/wp\/v2\/pages"}],"about":[{"href":"https:\/\/wordpress.nibis.de\/gswrestedt\/wp-json\/wp\/v2\/types\/page"}],"author":[{"embeddable":true,"href":"https:\/\/wordpress.nibis.de\/gswrestedt\/wp-json\/wp\/v2\/users\/1020"}],"replies":[{"embeddable":true,"href":"https:\/\/wordpress.nibis.de\/gswrestedt\/wp-json\/wp\/v2\/comments?post=2428"}],"version-history":[{"count":20,"href":"https:\/\/wordpress.nibis.de\/gswrestedt\/wp-json\/wp\/v2\/pages\/2428\/revisions"}],"predecessor-version":[{"id":3831,"href":"https:\/\/wordpress.nibis.de\/gswrestedt\/wp-json\/wp\/v2\/pages\/2428\/revisions\/3831"}],"wp:attachment":[{"href":"https:\/\/wordpress.nibis.de\/gswrestedt\/wp-json\/wp\/v2\/media?parent=2428"}],"curies":[{"name":"wp","href":"https:\/\/api.w.org\/{rel}","templated":true}]}}