{"id":2622,"date":"2021-09-22T07:47:40","date_gmt":"2021-09-22T05:47:40","guid":{"rendered":"https:\/\/wordpress.nibis.de\/gswrestedt\/?page_id=2622"},"modified":"2023-09-10T11:18:33","modified_gmt":"2023-09-10T09:18:33","slug":"bewegungspass","status":"publish","type":"page","link":"https:\/\/wordpress.nibis.de\/gswrestedt\/bewegungspass\/","title":{"rendered":"Bewegungspass"},"content":{"rendered":"\n<p><img loading=\"lazy\" decoding=\"async\" class=\"wp-image-3141 alignleft\" src=\"https:\/\/wordpress.nibis.de\/gswrestedt\/files\/2023\/09\/Bewegungspass-kleiner-213x300.jpg\" alt=\"\" width=\"210\" height=\"296\" srcset=\"https:\/\/wordpress.nibis.de\/gswrestedt\/files\/2023\/09\/Bewegungspass-kleiner-213x300.jpg 213w, https:\/\/wordpress.nibis.de\/gswrestedt\/files\/2023\/09\/Bewegungspass-kleiner-726x1024.jpg 726w, https:\/\/wordpress.nibis.de\/gswrestedt\/files\/2023\/09\/Bewegungspass-kleiner-768x1084.jpg 768w, https:\/\/wordpress.nibis.de\/gswrestedt\/files\/2023\/09\/Bewegungspass-kleiner.jpg 800w\" sizes=\"auto, (max-width: 210px) 100vw, 210px\" \/>Die Grundschule Wrestedt nimmt an der <strong>Aktion &#8222;Bewegungspass&#8220; des Landessportbundes<\/strong> teil. Wir sind eine von 16 Grundschulen im Landkreis Uelzen, die im Aktionszeitraum vom 11.09.2023 bis 06.10.2023 Stempel f\u00fcr Bewegungsangebote sammelt.<\/p>\n<p>Unsere Sch\u00fcler und Sch\u00fclerinnen sollen <strong>mehr Sicherheit im Stra\u00dfenverkehr<\/strong> erlangen und <strong>mehr Bewegung in den Alltag integrieren<\/strong>, indem sie zu Fu\u00df oder mit dem Rad zur Schule kommen. Au\u00dferdem soll ihnen erm\u00f6glicht werden, Sportvereine in der Samtgemeinde Aue kennenzulernen.<\/p>\n<p>\u00a0<\/p>\n<p>Doch wie gelangen die Kinder nun an ihre Stempel?<\/p>\n<p>Stempel erhalten die Kinder, wenn sie zu Fu\u00df oder mit dem Rad zur Schule kommen. Unsere Buskinder bekommen extra Angebote, wie z. B. ein paar Runden um den Schulhof zu laufen, damit auch sie ihren Stempel bekommen. In der Schule werden von den Lehrerinnen Sport- und Bewegungsangebote vorgestellt und angeboten. Au\u00dferdem gibt es Stempel von Sportvereinen. Wer sein Sportabzeichen oder Schwimmabzeichen in der Schule zeigt, bekommt nat\u00fcrlich auch einen Stempel.\u00a0<\/p>\n<p>Am Ende der Aktion warten tolle Preise auf die Schulklassen.<\/p>\n<p><img loading=\"lazy\" decoding=\"async\" class=\"aligncenter size-full wp-image-3142\" src=\"https:\/\/wordpress.nibis.de\/gswrestedt\/files\/2023\/09\/Stempelpass-kleiner.jpg\" alt=\"\" width=\"800\" height=\"553\" srcset=\"https:\/\/wordpress.nibis.de\/gswrestedt\/files\/2023\/09\/Stempelpass-kleiner.jpg 800w, https:\/\/wordpress.nibis.de\/gswrestedt\/files\/2023\/09\/Stempelpass-kleiner-300x207.jpg 300w, https:\/\/wordpress.nibis.de\/gswrestedt\/files\/2023\/09\/Stempelpass-kleiner-768x531.jpg 768w\" sizes=\"auto, (max-width: 800px) 100vw, 800px\" \/><\/p>\n<p>Noch ist der Stempelpass der Schulklassen leer, doch schon bald wird er sich f\u00fcllen.<\/p>\n<p><strong>Alle an der Aktion beteiligten Schulen und Sportangebote werden auf der Internetseite www.ksb-uelzen.bewegungspass-nds.de ver\u00f6ffentlicht.<\/strong><\/p>\n\n\n","protected":false},"excerpt":{"rendered":"<p>Die Grundschule Wrestedt nimmt an der Aktion &#8222;Bewegungspass&#8220; des Landessportbundes teil. Wir sind eine von 16 Grundschulen im Landkreis Uelzen, die im Aktionszeitraum vom 11.09.2023 bis 06.10.2023 Stempel f\u00fcr Bewegungsangebote sammelt. Unsere Sch\u00fcler und Sch\u00fclerinnen sollen mehr Sicherheit im Stra\u00dfenverkehr &hellip; <a href=\"https:\/\/wordpress.nibis.de\/gswrestedt\/bewegungspass\/\">Weiterlesen <span class=\"meta-nav\">&rarr;<\/span><\/a><\/p>\n","protected":false},"author":1020,"featured_media":0,"parent":0,"menu_order":0,"comment_status":"closed","ping_status":"closed","template":"","meta":{"footnotes":""},"class_list":["post-2622","page","type-page","status-publish","hentry"],"_links":{"self":[{"href":"https:\/\/wordpress.nibis.de\/gswrestedt\/wp-json\/wp\/v2\/pages\/2622","targetHints":{"allow":["GET"]}}],"collection":[{"href":"https:\/\/wordpress.nibis.de\/gswrestedt\/wp-json\/wp\/v2\/pages"}],"about":[{"href":"https:\/\/wordpress.nibis.de\/gswrestedt\/wp-json\/wp\/v2\/types\/page"}],"author":[{"embeddable":true,"href":"https:\/\/wordpress.nibis.de\/gswrestedt\/wp-json\/wp\/v2\/users\/1020"}],"replies":[{"embeddable":true,"href":"https:\/\/wordpress.nibis.de\/gswrestedt\/wp-json\/wp\/v2\/comments?post=2622"}],"version-history":[{"count":6,"href":"https:\/\/wordpress.nibis.de\/gswrestedt\/wp-json\/wp\/v2\/pages\/2622\/revisions"}],"predecessor-version":[{"id":3214,"href":"https:\/\/wordpress.nibis.de\/gswrestedt\/wp-json\/wp\/v2\/pages\/2622\/revisions\/3214"}],"wp:attachment":[{"href":"https:\/\/wordpress.nibis.de\/gswrestedt\/wp-json\/wp\/v2\/media?parent=2622"}],"curies":[{"name":"wp","href":"https:\/\/api.w.org\/{rel}","templated":true}]}}