{"id":2646,"date":"2021-10-04T18:53:25","date_gmt":"2021-10-04T16:53:25","guid":{"rendered":"https:\/\/wordpress.nibis.de\/gswrestedt\/?page_id=2646"},"modified":"2021-10-04T19:54:25","modified_gmt":"2021-10-04T17:54:25","slug":"getreideverarbeitung-frueher","status":"publish","type":"page","link":"https:\/\/wordpress.nibis.de\/gswrestedt\/getreideverarbeitung-frueher\/","title":{"rendered":"Getreideverarbeitung fr\u00fcher"},"content":{"rendered":"\n<p><strong>Klasse 3a und 3b<\/strong> sind am Dienstag, den <strong>28.9.2021<\/strong> mit dem Bus ins <strong>Museumsdorf H\u00f6sseringen<\/strong> gefahren und haben viel Wissenswertes \u00fcber <strong>die Getreideverarbeitung fr\u00fcher<\/strong> gelernt.<\/p>\n<p><img loading=\"lazy\" decoding=\"async\" class=\" wp-image-2647 aligncenter\" src=\"https:\/\/wordpress.nibis.de\/gswrestedt\/files\/2021\/09\/IMG_0264-300x225.jpg\" alt=\"\" width=\"475\" height=\"356\" srcset=\"https:\/\/wordpress.nibis.de\/gswrestedt\/files\/2021\/09\/IMG_0264-300x225.jpg 300w, https:\/\/wordpress.nibis.de\/gswrestedt\/files\/2021\/09\/IMG_0264-768x576.jpg 768w, https:\/\/wordpress.nibis.de\/gswrestedt\/files\/2021\/09\/IMG_0264.jpg 800w\" sizes=\"auto, (max-width: 475px) 100vw, 475px\" \/><\/p>\n<p>Als erstes ging es zum <strong>Br\u00fcmmerhof<\/strong>. Dort haben wir Getreide geholt und Roggen <strong>gedroschen<\/strong>.<\/p>\n<p>Beim Dreschen mussten wir aufpassen, dass wir <strong>mit dem Dreschflegel<\/strong> niemanden treffen. Wir mussten den Dreschflegel drehen und dann fallen lassen. Durch das Schlagen fielen die <strong>K\u00f6rner aus der \u00c4hre<\/strong>.<\/p>\n<p><img loading=\"lazy\" decoding=\"async\" class=\"size-medium wp-image-2649 aligncenter\" src=\"https:\/\/wordpress.nibis.de\/gswrestedt\/files\/2021\/09\/IMG_0275-225x300.jpg\" alt=\"\" width=\"225\" height=\"300\" srcset=\"https:\/\/wordpress.nibis.de\/gswrestedt\/files\/2021\/09\/IMG_0275-225x300.jpg 225w, https:\/\/wordpress.nibis.de\/gswrestedt\/files\/2021\/09\/IMG_0275-768x1024.jpg 768w, https:\/\/wordpress.nibis.de\/gswrestedt\/files\/2021\/09\/IMG_0275.jpg 800w\" sizes=\"auto, (max-width: 225px) 100vw, 225px\" \/><\/p>\n<p>Das Stroh musste aufgenommen und auf einen Haufen geworfen werden, damit wir die K\u00f6rner mit einem Besen zusammenfegen konnten.<\/p>\n<p><img loading=\"lazy\" decoding=\"async\" class=\"size-medium wp-image-2648 aligncenter\" src=\"https:\/\/wordpress.nibis.de\/gswrestedt\/files\/2021\/09\/IMG_0272-300x225.jpg\" alt=\"\" width=\"300\" height=\"225\" srcset=\"https:\/\/wordpress.nibis.de\/gswrestedt\/files\/2021\/09\/IMG_0272-300x225.jpg 300w, https:\/\/wordpress.nibis.de\/gswrestedt\/files\/2021\/09\/IMG_0272-768x576.jpg 768w, https:\/\/wordpress.nibis.de\/gswrestedt\/files\/2021\/09\/IMG_0272.jpg 800w\" sizes=\"auto, (max-width: 300px) 100vw, 300px\" \/><\/p>\n<p>Die K\u00f6rner mit dem restlichen Stroh brachten wir zur <strong>Windmaschine<\/strong>. Die Windmaschine s\u00e4uberte unser Korn, indem sie mit Wind \/ Luft <strong>die Strohreste wegpustete<\/strong> und die K\u00f6rner, die schwerer waren, erst in ein Sieb und dann in die Sch\u00fcssel unter der Maschine fielen. Der Wind wurde durch <strong>die Muskelkraft der Kinder <\/strong>erzeugt.<\/p>\n<p><img loading=\"lazy\" decoding=\"async\" class=\"size-medium wp-image-2650 aligncenter\" src=\"https:\/\/wordpress.nibis.de\/gswrestedt\/files\/2021\/09\/IMG_0286-225x300.jpg\" alt=\"\" width=\"225\" height=\"300\" srcset=\"https:\/\/wordpress.nibis.de\/gswrestedt\/files\/2021\/09\/IMG_0286-225x300.jpg 225w, https:\/\/wordpress.nibis.de\/gswrestedt\/files\/2021\/09\/IMG_0286-768x1024.jpg 768w, https:\/\/wordpress.nibis.de\/gswrestedt\/files\/2021\/09\/IMG_0286.jpg 800w\" sizes=\"auto, (max-width: 225px) 100vw, 225px\" \/><\/p>\n<p>Danach wurden die K\u00f6rner in <strong>die M\u00fchle<\/strong> zwischen <strong>zwei gro\u00dfe Vulkansteine<\/strong> gelegt. Mit 2 Kindern wurde <strong>die 240 Jahre alte M\u00fchle<\/strong> angetrieben. Aus den K\u00f6rnern wurde so <strong>Mehl<\/strong> <strong>gemahlen<\/strong>.<\/p>\n<p><img loading=\"lazy\" decoding=\"async\" class=\" wp-image-2651 aligncenter\" src=\"https:\/\/wordpress.nibis.de\/gswrestedt\/files\/2021\/09\/IMG_0288-300x225.jpg\" alt=\"\" width=\"375\" height=\"281\" srcset=\"https:\/\/wordpress.nibis.de\/gswrestedt\/files\/2021\/09\/IMG_0288-300x225.jpg 300w, https:\/\/wordpress.nibis.de\/gswrestedt\/files\/2021\/09\/IMG_0288-768x576.jpg 768w, https:\/\/wordpress.nibis.de\/gswrestedt\/files\/2021\/09\/IMG_0288.jpg 800w\" sizes=\"auto, (max-width: 375px) 100vw, 375px\" \/><\/p>\n<p>Im Anschluss daran gab es eine Pause, die die Kinder mit gro\u00dfer Freude auf dem Spielplatz verbracht haben. Der M\u00e4hdrescher aus Holz wurde von allen Seiten und Ebenen erspielt.<\/p>\n<p><img loading=\"lazy\" decoding=\"async\" class=\" wp-image-2652 aligncenter\" src=\"https:\/\/wordpress.nibis.de\/gswrestedt\/files\/2021\/09\/IMG_0290-300x225.jpg\" alt=\"\" width=\"497\" height=\"373\" srcset=\"https:\/\/wordpress.nibis.de\/gswrestedt\/files\/2021\/09\/IMG_0290-300x225.jpg 300w, https:\/\/wordpress.nibis.de\/gswrestedt\/files\/2021\/09\/IMG_0290-768x576.jpg 768w, https:\/\/wordpress.nibis.de\/gswrestedt\/files\/2021\/09\/IMG_0290.jpg 800w\" sizes=\"auto, (max-width: 497px) 100vw, 497px\" \/><\/p>\n<p>Bevor es im Museumsdorf im <strong>Rauchhaus<\/strong> weiterging, waren wir bei Cookie und Tammi, <strong>den Schweinen.<\/strong><\/p>\n<p><img loading=\"lazy\" decoding=\"async\" class=\" wp-image-2653 aligncenter\" src=\"https:\/\/wordpress.nibis.de\/gswrestedt\/files\/2021\/09\/IMG_0293-300x225.jpg\" alt=\"\" width=\"420\" height=\"315\" srcset=\"https:\/\/wordpress.nibis.de\/gswrestedt\/files\/2021\/09\/IMG_0293-300x225.jpg 300w, https:\/\/wordpress.nibis.de\/gswrestedt\/files\/2021\/09\/IMG_0293-768x576.jpg 768w, https:\/\/wordpress.nibis.de\/gswrestedt\/files\/2021\/09\/IMG_0293.jpg 800w\" sizes=\"auto, (max-width: 420px) 100vw, 420px\" \/><\/p>\n<p>Im Rauchhaus haben <strong>wir<\/strong> mit <strong>Birkenrinde und Holz Feuer gemacht<\/strong>. Abwechselnd durften wir das Feuer bewachen. Das war aufregend. Das Feuer diente <strong>zum Kochen<\/strong> und dazu, den Raum warm zu halten. Der Rauch, der durch das Haus zog, war wichtig, damit man im Haus <strong>Fleisch und Fisch r\u00e4uchern konnte. <\/strong>Au\u00dferdem war er wichtig, um<strong> das Stroh zu trocknen und Insekten davon fern zu halten.<\/strong><\/p>\n<p><img loading=\"lazy\" decoding=\"async\" class=\" wp-image-2654 aligncenter\" src=\"https:\/\/wordpress.nibis.de\/gswrestedt\/files\/2021\/09\/IMG_0302-225x300.jpg\" alt=\"\" width=\"275\" height=\"367\" srcset=\"https:\/\/wordpress.nibis.de\/gswrestedt\/files\/2021\/09\/IMG_0302-225x300.jpg 225w, https:\/\/wordpress.nibis.de\/gswrestedt\/files\/2021\/09\/IMG_0302-768x1024.jpg 768w, https:\/\/wordpress.nibis.de\/gswrestedt\/files\/2021\/09\/IMG_0302.jpg 800w\" sizes=\"auto, (max-width: 275px) 100vw, 275px\" \/><\/p>\n<p>Im Haus lebten nicht nur die Menschen, sondern auch Tiere wie H\u00fchner, Katzen und K\u00fche. <strong>Die Kinder haben bei den Tieren geschlafen<\/strong>. Im Winter gab es eine Stube, in der gegessen wurde und die Frauen am <strong>Spinnrad<\/strong> sa\u00dfen. In dem Zimmer stand auch ein Schrank, der ein Fliegengitter hatte, damit die kleinen Insekten nicht in die Milchvorr\u00e4te kommen konnten.<\/p>\n<p><img loading=\"lazy\" decoding=\"async\" class=\" wp-image-2655 aligncenter\" src=\"https:\/\/wordpress.nibis.de\/gswrestedt\/files\/2021\/09\/IMG_0309-300x225.jpg\" alt=\"\" width=\"467\" height=\"350\" srcset=\"https:\/\/wordpress.nibis.de\/gswrestedt\/files\/2021\/09\/IMG_0309-300x225.jpg 300w, https:\/\/wordpress.nibis.de\/gswrestedt\/files\/2021\/09\/IMG_0309-768x576.jpg 768w, https:\/\/wordpress.nibis.de\/gswrestedt\/files\/2021\/09\/IMG_0309.jpg 800w\" sizes=\"auto, (max-width: 467px) 100vw, 467px\" \/><\/p>\n<p>In der <strong>Schlafstube<\/strong> haben die Gro\u00dfmutter und der Gro\u00dfvater geschlafen. Dort durften wir eine alte Holzmausefalle besichtigen und den Schuh<strong>aus<\/strong>zieher ausprobieren.<\/p>\n<p><img loading=\"lazy\" decoding=\"async\" class=\" wp-image-2656 aligncenter\" src=\"https:\/\/wordpress.nibis.de\/gswrestedt\/files\/2021\/09\/IMG_0312-225x300.jpg\" alt=\"\" width=\"327\" height=\"436\" srcset=\"https:\/\/wordpress.nibis.de\/gswrestedt\/files\/2021\/09\/IMG_0312-225x300.jpg 225w, https:\/\/wordpress.nibis.de\/gswrestedt\/files\/2021\/09\/IMG_0312-768x1024.jpg 768w, https:\/\/wordpress.nibis.de\/gswrestedt\/files\/2021\/09\/IMG_0312.jpg 800w\" sizes=\"auto, (max-width: 327px) 100vw, 327px\" \/><\/p>\n<p><strong>Klasse 3a und 3b hatten einen sch\u00f6nen Tag und wollen wieder dort hin. Wir bedanken uns beim Team vom Museumsdorf H\u00f6sseringen, die uns das alles gezeigt und mit viel Geduld haben ausprobieren lassen.<\/strong><\/p>\n<p>\u00a0<\/p>\n<p>\u00a0<\/p>\n\n\n","protected":false},"excerpt":{"rendered":"<p>Klasse 3a und 3b sind am Dienstag, den 28.9.2021 mit dem Bus ins Museumsdorf H\u00f6sseringen gefahren und haben viel Wissenswertes \u00fcber die Getreideverarbeitung fr\u00fcher gelernt. Als erstes ging es zum Br\u00fcmmerhof. Dort haben wir Getreide geholt und Roggen gedroschen. Beim &hellip; <a href=\"https:\/\/wordpress.nibis.de\/gswrestedt\/getreideverarbeitung-frueher\/\">Weiterlesen <span class=\"meta-nav\">&rarr;<\/span><\/a><\/p>\n","protected":false},"author":1020,"featured_media":0,"parent":0,"menu_order":0,"comment_status":"closed","ping_status":"closed","template":"","meta":{"footnotes":""},"class_list":["post-2646","page","type-page","status-publish","hentry"],"_links":{"self":[{"href":"https:\/\/wordpress.nibis.de\/gswrestedt\/wp-json\/wp\/v2\/pages\/2646","targetHints":{"allow":["GET"]}}],"collection":[{"href":"https:\/\/wordpress.nibis.de\/gswrestedt\/wp-json\/wp\/v2\/pages"}],"about":[{"href":"https:\/\/wordpress.nibis.de\/gswrestedt\/wp-json\/wp\/v2\/types\/page"}],"author":[{"embeddable":true,"href":"https:\/\/wordpress.nibis.de\/gswrestedt\/wp-json\/wp\/v2\/users\/1020"}],"replies":[{"embeddable":true,"href":"https:\/\/wordpress.nibis.de\/gswrestedt\/wp-json\/wp\/v2\/comments?post=2646"}],"version-history":[{"count":7,"href":"https:\/\/wordpress.nibis.de\/gswrestedt\/wp-json\/wp\/v2\/pages\/2646\/revisions"}],"predecessor-version":[{"id":2666,"href":"https:\/\/wordpress.nibis.de\/gswrestedt\/wp-json\/wp\/v2\/pages\/2646\/revisions\/2666"}],"wp:attachment":[{"href":"https:\/\/wordpress.nibis.de\/gswrestedt\/wp-json\/wp\/v2\/media?parent=2646"}],"curies":[{"name":"wp","href":"https:\/\/api.w.org\/{rel}","templated":true}]}}