{"id":2672,"date":"2021-11-08T16:21:30","date_gmt":"2021-11-08T15:21:30","guid":{"rendered":"https:\/\/wordpress.nibis.de\/gswrestedt\/?page_id=2672"},"modified":"2021-11-09T09:32:31","modified_gmt":"2021-11-09T08:32:31","slug":"gesund-leben-lernen-auszeichnung","status":"publish","type":"page","link":"https:\/\/wordpress.nibis.de\/gswrestedt\/gesund-leben-lernen-auszeichnung\/","title":{"rendered":"GESUND LEBEN LERNEN Auszeichnung"},"content":{"rendered":"\n<p>Nach 3 Jahren endet f\u00fcr unsere Schule die <strong>erfolgreiche Teilnahme an dem Programm &#8222;GESUND LEBEN LERNEN&#8220;<\/strong>. Die Pr\u00e4ventionsberaterin von der AOK, Frau Beckmann, \u00fcberreichte Mitgliedern unserer Schule die Auszeichnung.<\/p>\n<p><img loading=\"lazy\" decoding=\"async\" class=\"alignnone size-full wp-image-2673\" src=\"https:\/\/wordpress.nibis.de\/gswrestedt\/files\/2021\/11\/gll.jpg\" alt=\"\" width=\"800\" height=\"607\" srcset=\"https:\/\/wordpress.nibis.de\/gswrestedt\/files\/2021\/11\/gll.jpg 800w, https:\/\/wordpress.nibis.de\/gswrestedt\/files\/2021\/11\/gll-300x228.jpg 300w, https:\/\/wordpress.nibis.de\/gswrestedt\/files\/2021\/11\/gll-768x583.jpg 768w\" sizes=\"auto, (max-width: 800px) 100vw, 800px\" \/><\/p>\n<p>Mit dem Programm GLL wurde unsere Schule dauerhaft zu einem m\u00f6glichst gesunden Lern- und Arbeitsort entwickelt. Dazu wurden Fortbildungen besucht, z. B. st\u00f6rungsfreier Unterricht und bewegter Unterricht oder konkrete Ma\u00dfnahmen umgesetz und unter anderem neues Sch\u00fclermobiliar angeschafft.<\/p>\n<p>W\u00e4hrend der GLL-Ma\u00dfnamen wurde auf dem Schulhof der Kindergarten neu gebaut, so dass unser Schulhof deutlich kleiner wurde. Nun stand die Neugestaltung des Schulhofes f\u00fcr uns im Vordergrund. Mit Hilfe vieler Spenden durch Firmen, Privatpersonen und aktiver Mitgestaltung der Eltern konnte der Schulhof f\u00fcr unsere Kinder attraktiver gestaltet werden. Daf\u00fcr m\u00f6chten wir allen Beteiligten noch mal danken!<\/p>\n\n\n","protected":false},"excerpt":{"rendered":"<p>Nach 3 Jahren endet f\u00fcr unsere Schule die erfolgreiche Teilnahme an dem Programm &#8222;GESUND LEBEN LERNEN&#8220;. Die Pr\u00e4ventionsberaterin von der AOK, Frau Beckmann, \u00fcberreichte Mitgliedern unserer Schule die Auszeichnung. Mit dem Programm GLL wurde unsere Schule dauerhaft zu einem m\u00f6glichst &hellip; <a href=\"https:\/\/wordpress.nibis.de\/gswrestedt\/gesund-leben-lernen-auszeichnung\/\">Weiterlesen <span class=\"meta-nav\">&rarr;<\/span><\/a><\/p>\n","protected":false},"author":1020,"featured_media":0,"parent":0,"menu_order":0,"comment_status":"closed","ping_status":"closed","template":"","meta":{"footnotes":""},"class_list":["post-2672","page","type-page","status-publish","hentry"],"_links":{"self":[{"href":"https:\/\/wordpress.nibis.de\/gswrestedt\/wp-json\/wp\/v2\/pages\/2672","targetHints":{"allow":["GET"]}}],"collection":[{"href":"https:\/\/wordpress.nibis.de\/gswrestedt\/wp-json\/wp\/v2\/pages"}],"about":[{"href":"https:\/\/wordpress.nibis.de\/gswrestedt\/wp-json\/wp\/v2\/types\/page"}],"author":[{"embeddable":true,"href":"https:\/\/wordpress.nibis.de\/gswrestedt\/wp-json\/wp\/v2\/users\/1020"}],"replies":[{"embeddable":true,"href":"https:\/\/wordpress.nibis.de\/gswrestedt\/wp-json\/wp\/v2\/comments?post=2672"}],"version-history":[{"count":4,"href":"https:\/\/wordpress.nibis.de\/gswrestedt\/wp-json\/wp\/v2\/pages\/2672\/revisions"}],"predecessor-version":[{"id":2679,"href":"https:\/\/wordpress.nibis.de\/gswrestedt\/wp-json\/wp\/v2\/pages\/2672\/revisions\/2679"}],"wp:attachment":[{"href":"https:\/\/wordpress.nibis.de\/gswrestedt\/wp-json\/wp\/v2\/media?parent=2672"}],"curies":[{"name":"wp","href":"https:\/\/api.w.org\/{rel}","templated":true}]}}