{"id":2680,"date":"2021-11-13T17:05:01","date_gmt":"2021-11-13T16:05:01","guid":{"rendered":"https:\/\/wordpress.nibis.de\/gswrestedt\/?page_id=2680"},"modified":"2023-11-15T08:56:03","modified_gmt":"2023-11-15T07:56:03","slug":"verkehrssichere-fahrraeder","status":"publish","type":"page","link":"https:\/\/wordpress.nibis.de\/gswrestedt\/verkehrssichere-fahrraeder\/","title":{"rendered":"Verkehrssichere Fahrr\u00e4der"},"content":{"rendered":"\n<p>Die Polizei besuchte die Grundschule Wrestedt am 15.11.2023 und kontrollierte die Fahrr\u00e4der unserer Sch\u00fcler und Sch\u00fclerinnen. Es wurde nicht nur \u00fcberpr\u00fcft, ob die Bremsen und das Licht funktionieren, sondern auch, ob Klingel und Reflektoren vorhanden sind.<\/p>\n<p><img loading=\"lazy\" decoding=\"async\" class=\"aligncenter size-medium wp-image-3166\" src=\"https:\/\/wordpress.nibis.de\/gswrestedt\/files\/2023\/11\/homepage-225x300.jpg\" alt=\"\" width=\"225\" height=\"300\" srcset=\"https:\/\/wordpress.nibis.de\/gswrestedt\/files\/2023\/11\/homepage-225x300.jpg 225w, https:\/\/wordpress.nibis.de\/gswrestedt\/files\/2023\/11\/homepage-768x1024.jpg 768w, https:\/\/wordpress.nibis.de\/gswrestedt\/files\/2023\/11\/homepage.jpg 800w\" sizes=\"auto, (max-width: 225px) 100vw, 225px\" \/><\/p>\n<p>Wenn das Fahrrad keine M\u00e4ngel hatte, bekamen die Kinder einen Aufkleber auf ihr Fahrrad.<\/p>\n<p>\u00a0<\/p>\n<p>Die Fahrr\u00e4der, die einen Mangel hatten, k\u00f6nnen demn\u00e4chst der Polizei wieder vorgestellt werden. Sind die M\u00e4ngel dann behoben, gibt es auch den begehrten Aufkleber.<\/p>\n\n\n","protected":false},"excerpt":{"rendered":"<p>Die Polizei besuchte die Grundschule Wrestedt am 15.11.2023 und kontrollierte die Fahrr\u00e4der unserer Sch\u00fcler und Sch\u00fclerinnen. Es wurde nicht nur \u00fcberpr\u00fcft, ob die Bremsen und das Licht funktionieren, sondern auch, ob Klingel und Reflektoren vorhanden sind. Wenn das Fahrrad keine &hellip; <a href=\"https:\/\/wordpress.nibis.de\/gswrestedt\/verkehrssichere-fahrraeder\/\">Weiterlesen <span class=\"meta-nav\">&rarr;<\/span><\/a><\/p>\n","protected":false},"author":1020,"featured_media":0,"parent":0,"menu_order":0,"comment_status":"closed","ping_status":"closed","template":"","meta":{"footnotes":""},"class_list":["post-2680","page","type-page","status-publish","hentry"],"_links":{"self":[{"href":"https:\/\/wordpress.nibis.de\/gswrestedt\/wp-json\/wp\/v2\/pages\/2680","targetHints":{"allow":["GET"]}}],"collection":[{"href":"https:\/\/wordpress.nibis.de\/gswrestedt\/wp-json\/wp\/v2\/pages"}],"about":[{"href":"https:\/\/wordpress.nibis.de\/gswrestedt\/wp-json\/wp\/v2\/types\/page"}],"author":[{"embeddable":true,"href":"https:\/\/wordpress.nibis.de\/gswrestedt\/wp-json\/wp\/v2\/users\/1020"}],"replies":[{"embeddable":true,"href":"https:\/\/wordpress.nibis.de\/gswrestedt\/wp-json\/wp\/v2\/comments?post=2680"}],"version-history":[{"count":5,"href":"https:\/\/wordpress.nibis.de\/gswrestedt\/wp-json\/wp\/v2\/pages\/2680\/revisions"}],"predecessor-version":[{"id":3167,"href":"https:\/\/wordpress.nibis.de\/gswrestedt\/wp-json\/wp\/v2\/pages\/2680\/revisions\/3167"}],"wp:attachment":[{"href":"https:\/\/wordpress.nibis.de\/gswrestedt\/wp-json\/wp\/v2\/media?parent=2680"}],"curies":[{"name":"wp","href":"https:\/\/api.w.org\/{rel}","templated":true}]}}