{"id":2686,"date":"2021-11-14T13:15:54","date_gmt":"2021-11-14T12:15:54","guid":{"rendered":"https:\/\/wordpress.nibis.de\/gswrestedt\/?page_id=2686"},"modified":"2023-11-15T16:58:45","modified_gmt":"2023-11-15T15:58:45","slug":"handball-schnuppertag","status":"publish","type":"page","link":"https:\/\/wordpress.nibis.de\/gswrestedt\/handball-schnuppertag\/","title":{"rendered":"Handball &#8211; Schnuppertag"},"content":{"rendered":"\n<p>Im Rahmen des <strong>Grundschulaktionstages<\/strong> kam am <strong>Freitag, den 10.11.2023 ein gro\u00dfes und sehr engagiertes Trainerteam vom TSV Nettelkamp an unsere Schule.<\/strong> In der Hugo-Priebe-Halle durften die Jahrg\u00e4nge 2 bis 4 den <strong>Handballsport kennen lernen<\/strong> und mit viel Spa\u00df trainieren. Alle Kinder freuten sich \u00fcber die willkommene Abwechslung vom Unterricht.<\/p>\n<p><img loading=\"lazy\" decoding=\"async\" class=\"size-medium wp-image-3160 aligncenter\" src=\"https:\/\/wordpress.nibis.de\/gswrestedt\/files\/2023\/11\/Aufkleber-kleiner-300x296.jpg\" alt=\"\" width=\"300\" height=\"296\" srcset=\"https:\/\/wordpress.nibis.de\/gswrestedt\/files\/2023\/11\/Aufkleber-kleiner-300x296.jpg 300w, https:\/\/wordpress.nibis.de\/gswrestedt\/files\/2023\/11\/Aufkleber-kleiner-768x758.jpg 768w, https:\/\/wordpress.nibis.de\/gswrestedt\/files\/2023\/11\/Aufkleber-kleiner.jpg 800w\" sizes=\"auto, (max-width: 300px) 100vw, 300px\" \/><\/p>\n<p>Die Sch\u00fclerinnen und Sch\u00fcler gingen mit einem Laufzettel von Station zu Station, um Punkte zu sammeln. Mit <strong>abwechslungsreichen \u00dcbungen<\/strong> wurden verschiedene <strong>Wurftechniken<\/strong> und die <strong>Geschicklichkeit<\/strong> im Umgang mit dem Ball trainiert.<\/p>\n<p><img loading=\"lazy\" decoding=\"async\" class=\"aligncenter size-medium wp-image-3157\" src=\"https:\/\/wordpress.nibis.de\/gswrestedt\/files\/2023\/11\/Asra-kleiner-218x300.jpg\" alt=\"\" width=\"218\" height=\"300\" srcset=\"https:\/\/wordpress.nibis.de\/gswrestedt\/files\/2023\/11\/Asra-kleiner-218x300.jpg 218w, https:\/\/wordpress.nibis.de\/gswrestedt\/files\/2023\/11\/Asra-kleiner-743x1024.jpg 743w, https:\/\/wordpress.nibis.de\/gswrestedt\/files\/2023\/11\/Asra-kleiner-768x1058.jpg 768w, https:\/\/wordpress.nibis.de\/gswrestedt\/files\/2023\/11\/Asra-kleiner.jpg 800w\" sizes=\"auto, (max-width: 218px) 100vw, 218px\" \/> <img loading=\"lazy\" decoding=\"async\" class=\"aligncenter size-medium wp-image-3158\" src=\"https:\/\/wordpress.nibis.de\/gswrestedt\/files\/2023\/11\/Laufpass-kleiner-239x300.jpg\" alt=\"\" width=\"239\" height=\"300\" srcset=\"https:\/\/wordpress.nibis.de\/gswrestedt\/files\/2023\/11\/Laufpass-kleiner-239x300.jpg 239w, https:\/\/wordpress.nibis.de\/gswrestedt\/files\/2023\/11\/Laufpass-kleiner-768x966.jpg 768w, https:\/\/wordpress.nibis.de\/gswrestedt\/files\/2023\/11\/Laufpass-kleiner.jpg 800w\" sizes=\"auto, (max-width: 239px) 100vw, 239px\" \/> <img loading=\"lazy\" decoding=\"async\" class=\"aligncenter size-medium wp-image-3159\" src=\"https:\/\/wordpress.nibis.de\/gswrestedt\/files\/2023\/11\/Wurf-aufs-Tor-kleiner-300x232.jpg\" alt=\"\" width=\"300\" height=\"232\" srcset=\"https:\/\/wordpress.nibis.de\/gswrestedt\/files\/2023\/11\/Wurf-aufs-Tor-kleiner-300x232.jpg 300w, https:\/\/wordpress.nibis.de\/gswrestedt\/files\/2023\/11\/Wurf-aufs-Tor-kleiner-768x594.jpg 768w, https:\/\/wordpress.nibis.de\/gswrestedt\/files\/2023\/11\/Wurf-aufs-Tor-kleiner.jpg 800w\" sizes=\"auto, (max-width: 300px) 100vw, 300px\" \/><\/p>\n<p>Am Ende durfte jedes Kind eine <strong>Urkunde<\/strong> mit nach Hause nehmen. Dar\u00fcber freuten sich die Sch\u00fclerinnen und Sch\u00fcler sehr.<\/p>\n<p><img loading=\"lazy\" decoding=\"async\" class=\"aligncenter size-medium wp-image-3156\" src=\"https:\/\/wordpress.nibis.de\/gswrestedt\/files\/2023\/11\/Urkunde-kleiner-300x269.jpg\" alt=\"\" width=\"300\" height=\"269\" srcset=\"https:\/\/wordpress.nibis.de\/gswrestedt\/files\/2023\/11\/Urkunde-kleiner-300x269.jpg 300w, https:\/\/wordpress.nibis.de\/gswrestedt\/files\/2023\/11\/Urkunde-kleiner-768x689.jpg 768w, https:\/\/wordpress.nibis.de\/gswrestedt\/files\/2023\/11\/Urkunde-kleiner.jpg 800w\" sizes=\"auto, (max-width: 300px) 100vw, 300px\" \/><\/p>\n<p>\u00a0<\/p>\n<p>Wer Lust bekommen hat, zum Handballtraining zu gehen: die <strong>Trainingszeiten<\/strong> f\u00fcr die Minis (5 bis 8 Jahre) sind Freitags 15:00 &#8211; 16:00 Uhr und f\u00fcr die gemischte E-Jugend (bis 10 Jahre) Freitags 16:00 &#8211; 17.30 Uhr in Wrestedt.<\/p>\n<p><img loading=\"lazy\" decoding=\"async\" class=\"aligncenter size-medium wp-image-3162\" src=\"https:\/\/wordpress.nibis.de\/gswrestedt\/files\/2023\/11\/Trainerteam-kleiner-300x228.jpg\" alt=\"\" width=\"300\" height=\"228\" srcset=\"https:\/\/wordpress.nibis.de\/gswrestedt\/files\/2023\/11\/Trainerteam-kleiner-300x228.jpg 300w, https:\/\/wordpress.nibis.de\/gswrestedt\/files\/2023\/11\/Trainerteam-kleiner-768x585.jpg 768w, https:\/\/wordpress.nibis.de\/gswrestedt\/files\/2023\/11\/Trainerteam-kleiner.jpg 800w\" sizes=\"auto, (max-width: 300px) 100vw, 300px\" \/><\/p>\n<p style=\"text-align: center\"><strong>Wir bedanken uns beim <a href=\"http:\/\/tsvnettelkamp.de\/\" target=\"_blank\" rel=\"noopener\">TSV Nettelkamp<\/a> f\u00fcr das tolle Engagement!<\/strong><\/p>\n<p>\u00a0<\/p>\n\n\n","protected":false},"excerpt":{"rendered":"<p>Im Rahmen des Grundschulaktionstages kam am Freitag, den 10.11.2023 ein gro\u00dfes und sehr engagiertes Trainerteam vom TSV Nettelkamp an unsere Schule. In der Hugo-Priebe-Halle durften die Jahrg\u00e4nge 2 bis 4 den Handballsport kennen lernen und mit viel Spa\u00df trainieren. Alle &hellip; <a href=\"https:\/\/wordpress.nibis.de\/gswrestedt\/handball-schnuppertag\/\">Weiterlesen <span class=\"meta-nav\">&rarr;<\/span><\/a><\/p>\n","protected":false},"author":1020,"featured_media":0,"parent":0,"menu_order":0,"comment_status":"closed","ping_status":"closed","template":"","meta":{"footnotes":""},"class_list":["post-2686","page","type-page","status-publish","hentry"],"_links":{"self":[{"href":"https:\/\/wordpress.nibis.de\/gswrestedt\/wp-json\/wp\/v2\/pages\/2686","targetHints":{"allow":["GET"]}}],"collection":[{"href":"https:\/\/wordpress.nibis.de\/gswrestedt\/wp-json\/wp\/v2\/pages"}],"about":[{"href":"https:\/\/wordpress.nibis.de\/gswrestedt\/wp-json\/wp\/v2\/types\/page"}],"author":[{"embeddable":true,"href":"https:\/\/wordpress.nibis.de\/gswrestedt\/wp-json\/wp\/v2\/users\/1020"}],"replies":[{"embeddable":true,"href":"https:\/\/wordpress.nibis.de\/gswrestedt\/wp-json\/wp\/v2\/comments?post=2686"}],"version-history":[{"count":12,"href":"https:\/\/wordpress.nibis.de\/gswrestedt\/wp-json\/wp\/v2\/pages\/2686\/revisions"}],"predecessor-version":[{"id":3408,"href":"https:\/\/wordpress.nibis.de\/gswrestedt\/wp-json\/wp\/v2\/pages\/2686\/revisions\/3408"}],"wp:attachment":[{"href":"https:\/\/wordpress.nibis.de\/gswrestedt\/wp-json\/wp\/v2\/media?parent=2686"}],"curies":[{"name":"wp","href":"https:\/\/api.w.org\/{rel}","templated":true}]}}