{"id":2720,"date":"2022-02-21T15:24:41","date_gmt":"2022-02-21T14:24:41","guid":{"rendered":"https:\/\/wordpress.nibis.de\/gswrestedt\/?page_id=2720"},"modified":"2022-04-19T11:00:31","modified_gmt":"2022-04-19T09:00:31","slug":"motto-wochen","status":"publish","type":"page","link":"https:\/\/wordpress.nibis.de\/gswrestedt\/motto-wochen\/","title":{"rendered":"Motto &#8211; Wochen"},"content":{"rendered":"\n<p style=\"text-align: center\"><strong>Das Motto vor den Osterferien war &#8222;Bewegung&#8220;<\/strong><\/p>\n<p><img loading=\"lazy\" decoding=\"async\" class=\"alignnone size-medium wp-image-2754 aligncenter\" src=\"https:\/\/wordpress.nibis.de\/gswrestedt\/files\/2022\/04\/Mottowoche-300x225.jpg\" alt=\"\" width=\"300\" height=\"225\" srcset=\"https:\/\/wordpress.nibis.de\/gswrestedt\/files\/2022\/04\/Mottowoche-300x225.jpg 300w, https:\/\/wordpress.nibis.de\/gswrestedt\/files\/2022\/04\/Mottowoche-1024x768.jpg 1024w, https:\/\/wordpress.nibis.de\/gswrestedt\/files\/2022\/04\/Mottowoche-768x576.jpg 768w, https:\/\/wordpress.nibis.de\/gswrestedt\/files\/2022\/04\/Mottowoche-1536x1152.jpg 1536w, https:\/\/wordpress.nibis.de\/gswrestedt\/files\/2022\/04\/Mottowoche-2048x1536.jpg 2048w\" sizes=\"auto, (max-width: 300px) 100vw, 300px\" \/><\/p>\n<p>Das Wetter war in den zwei Wochen vor den Osterferien fr\u00fchlingshaft sch\u00f6n, so dass viele Bewegungsangebote drau\u00dfen stattfinden konnten. Sehr beliebt waren die Ausfl\u00fcge zu den Spielpl\u00e4tzen. Dort konnten sich die Kinder austoben.<\/p>\n<p>Auch im Klassenraum fanden zu diesem Motto verschiedene Angebote statt, z. B. die Bewegungsgeschichte vom Riesen und vom Zerg. Die Kinder m\u00fcssen gut zu h\u00f6ren, wenn das Wort Riese vorkommt m\u00fcssen, sie sich gro\u00df machen und bei dem Wort Zwerg ganz klein. Das machte besonders den J\u00fcngeren <strong>Riesen<\/strong>spa\u00df.<\/p>\n<p>\u00a0<\/p>\n<p style=\"text-align: center\"><strong>Das Motto vom 07.03 bis 18.03.2022 war &#8222;Ordnung&#8220;<\/strong><\/p>\n\n\n\n<p><img loading=\"lazy\" decoding=\"async\" class=\"alignnone size-medium wp-image-2733 aligncenter\" src=\"https:\/\/wordpress.nibis.de\/gswrestedt\/files\/2022\/03\/IMG_2683-300x225.jpg\" alt=\"\" width=\"300\" height=\"225\" srcset=\"https:\/\/wordpress.nibis.de\/gswrestedt\/files\/2022\/03\/IMG_2683-300x225.jpg 300w, https:\/\/wordpress.nibis.de\/gswrestedt\/files\/2022\/03\/IMG_2683-1024x768.jpg 1024w, https:\/\/wordpress.nibis.de\/gswrestedt\/files\/2022\/03\/IMG_2683-768x576.jpg 768w, https:\/\/wordpress.nibis.de\/gswrestedt\/files\/2022\/03\/IMG_2683-1536x1152.jpg 1536w, https:\/\/wordpress.nibis.de\/gswrestedt\/files\/2022\/03\/IMG_2683-2048x1536.jpg 2048w\" sizes=\"auto, (max-width: 300px) 100vw, 300px\" \/><\/p>\n\n\n\n<div class=\"row news\">\n<div class=\"col-md-12\">\n<div class=\"row\">\n<div class=\"col-md-12\">\n<p>In den Klassen wurde gr\u00fcndlich Ordnung gemacht: unter den Tischen, in den Regalen, B\u00fccher sortiert und Spiel aufger\u00e4umt.<\/p>\n<p>Aber auch die Schulmaterialien wurden auf Vordermann gebracht: Stifte angespitzt, \u00fcberpr\u00fcft, ob Kleber, Radiergummi, Lineal und Schere vorhanden sind, Arbeitsbl\u00e4tter in den Mappen sortiert und Inhaltsverzeichnisse gepflegt.<\/p>\n<p>Es wurden auch verschiedene \u00dcbungen angeboten, um zur inneren Ordnung zu kommen.<\/p>\n<p>Die Sch\u00fclerinnen und Sch\u00fcler fanden auch diese Mottowoche gut, meldeten allerdings auch zur\u00fcck, wie anstrengend aufr\u00e4umen und Ordnung halten sei.<\/p>\n<\/div>\n<\/div>\n<\/div>\n<\/div>\n<p>&nbsp;<\/p>\n<p style=\"text-align: center\"><strong>Den Kindern hat das 1. Motto &#8222;nette Worte&#8220; gut gefallen:<\/strong><\/p>\n<p><img loading=\"lazy\" decoding=\"async\" class=\" wp-image-2721 aligncenter\" src=\"https:\/\/wordpress.nibis.de\/gswrestedt\/files\/2022\/02\/mottowoche-300x225.jpg\" alt=\"\" width=\"415\" height=\"311\" srcset=\"https:\/\/wordpress.nibis.de\/gswrestedt\/files\/2022\/02\/mottowoche-300x225.jpg 300w, https:\/\/wordpress.nibis.de\/gswrestedt\/files\/2022\/02\/mottowoche-768x576.jpg 768w, https:\/\/wordpress.nibis.de\/gswrestedt\/files\/2022\/02\/mottowoche.jpg 800w\" sizes=\"auto, (max-width: 415px) 100vw, 415px\" \/><\/p>\n\n\n\n<p>Sie \u00fcbten einen netteren Umgang untereinander, st\u00e4rkten ihr Selbstbewusstsein mit der warmen Dusche und hatten Spa\u00df daran ein geheimer Freund zu sein.<\/p>\n<p>&nbsp;<\/p>\n","protected":false},"excerpt":{"rendered":"<p>Das Motto vor den Osterferien war &#8222;Bewegung&#8220; Das Wetter war in den zwei Wochen vor den Osterferien fr\u00fchlingshaft sch\u00f6n, so dass viele Bewegungsangebote drau\u00dfen stattfinden konnten. Sehr beliebt waren die Ausfl\u00fcge zu den Spielpl\u00e4tzen. Dort konnten sich die Kinder austoben. &hellip; <a href=\"https:\/\/wordpress.nibis.de\/gswrestedt\/motto-wochen\/\">Weiterlesen <span class=\"meta-nav\">&rarr;<\/span><\/a><\/p>\n","protected":false},"author":1020,"featured_media":0,"parent":0,"menu_order":0,"comment_status":"closed","ping_status":"closed","template":"","meta":{"footnotes":""},"class_list":["post-2720","page","type-page","status-publish","hentry"],"_links":{"self":[{"href":"https:\/\/wordpress.nibis.de\/gswrestedt\/wp-json\/wp\/v2\/pages\/2720","targetHints":{"allow":["GET"]}}],"collection":[{"href":"https:\/\/wordpress.nibis.de\/gswrestedt\/wp-json\/wp\/v2\/pages"}],"about":[{"href":"https:\/\/wordpress.nibis.de\/gswrestedt\/wp-json\/wp\/v2\/types\/page"}],"author":[{"embeddable":true,"href":"https:\/\/wordpress.nibis.de\/gswrestedt\/wp-json\/wp\/v2\/users\/1020"}],"replies":[{"embeddable":true,"href":"https:\/\/wordpress.nibis.de\/gswrestedt\/wp-json\/wp\/v2\/comments?post=2720"}],"version-history":[{"count":6,"href":"https:\/\/wordpress.nibis.de\/gswrestedt\/wp-json\/wp\/v2\/pages\/2720\/revisions"}],"predecessor-version":[{"id":2756,"href":"https:\/\/wordpress.nibis.de\/gswrestedt\/wp-json\/wp\/v2\/pages\/2720\/revisions\/2756"}],"wp:attachment":[{"href":"https:\/\/wordpress.nibis.de\/gswrestedt\/wp-json\/wp\/v2\/media?parent=2720"}],"curies":[{"name":"wp","href":"https:\/\/api.w.org\/{rel}","templated":true}]}}